{"id":1185,"date":"2021-10-26T11:09:35","date_gmt":"2021-10-26T11:09:35","guid":{"rendered":"https:\/\/www.waldorfastorialoscabospedregal.com\/?page_id=1185"},"modified":"2023-10-17T18:58:34","modified_gmt":"2023-10-17T18:58:34","slug":"bodas-intimas","status":"publish","type":"page","link":"https:\/\/www.waldorfastorialoscabospedregal.com\/es\/bodas-intimas\/","title":{"rendered":"Despedidas"},"content":{"rendered":"<section id=\"rooms-hero-block_d9b9220e6b33a491540805825be56fa0\" class=\"rooms-hero\">\r\n    <div class=\"home-hero\">\r\n                    <img data-src=\"https:\/\/cdn.waldorfastorialoscabospedregal.com\/wp-content\/uploads\/2021\/11\/14030033\/WAPedregal-JoeThomas-Spherical-2021-98.jpg\" alt=\"\" class=\"home-hero__bg lazyload\">\r\n            <\/div>\r\n    <div class=\"rooms-hero__inner\">\r\n                    <h1 class=\"rooms-hero__heading\">ELOPEMENTOS<\/h1>\r\n                            <div class=\"rooms-hero__content\"><h6 style=\"text-align: center;\">EXPERIMENTE LAS FUGAS EN LOS CABOS<\/h6>\n<\/div>\r\n        \r\n        \r\n    <\/div>\r\n<\/section>\r\n\r\n<style>\r\n    #rooms-hero-block_d9b9220e6b33a491540805825be56fa0 .home-hero::after {\r\n        opacity: 0.25 !important;\r\n    }\r\n\r\n<\/style>\n\n<section id=\"responsive-spacer-block_d90b9fcd90fdcb5527b2b8bea1ffa9f4\" class=\"responsive-spacer\">\r\n<\/section>\r\n<style>\r\n    #responsive-spacer-block_d90b9fcd90fdcb5527b2b8bea1ffa9f4 {\r\n        width: 100%;\r\n    }\r\n        #responsive-spacer-block_d90b9fcd90fdcb5527b2b8bea1ffa9f4 {\r\n        height: 130px;\r\n    }\r\n                @media (min-width: 769px) {\r\n            #responsive-spacer-block_d90b9fcd90fdcb5527b2b8bea1ffa9f4 {\r\n                height: 140px;\r\n            }\r\n        }\r\n                @media (min-width: 1201px) {\r\n            #responsive-spacer-block_d90b9fcd90fdcb5527b2b8bea1ffa9f4 {\r\n                height: 150px;\r\n            }\r\n        }\r\n    <\/style>\n\n<section id=\"two-columns-block_34aa244c8b3a5d8b364a394cea9d9c75\" class=\"two-columns\">\r\n    <div class=\"container\">\r\n        <div class=\"row\">\r\n                        <div class=\"col col-left a-right\">\r\n                <h6>Despedida y renovaci\u00f3n de votos<\/h6>\n<p>Tanto si se trata de una rom\u00e1ntica escapada en pareja como de un centenar de invitados, la belleza org\u00e1nica y la suave calidez de la dorada playa, junto con las resplandecientes vistas del oc\u00e9ano y la suave brisa marina, hacen que la ceremonia sea naturalmente exquisita. (Las ceremonias en la playa est\u00e1n sujetas a las condiciones meteorol\u00f3gicas y del oleaje).<\/p>\n<p>&nbsp;<\/p>\n<a  href=\"https:\/\/cdn.waldorfastorialoscabospedregal.com\/wp-content\/uploads\/2023\/10\/14015836\/wap_celebration_logo_update_ebrochure_2019.pdf\" \r\n                    class=\"btn btn--accent\" \r\n                    target=\"\" >Seguir leyendo<\/a>\n            <\/div>\r\n                                    <div class=\"col col-right a-left\">\r\n                <h6>Su ceremonia \u00edntima puede incluir:<\/h6>\n<ul>\n<li>\u00a0Margaritas de bienvenida a la llegada<\/li>\n<li>\u00a0Un detalle de bienvenida en su habitaci\u00f3n a su llegada<\/li>\n<li>\u00a0Masaje en pareja en el Spa<\/li>\n<li>Ceremonia de boda en la azotea<\/li>\n<li>\u00a0Arco con flores de temporada para la ceremonia<\/li>\n<li>Ramo de novia y boutonniere del novio con flores de temporada<\/li>\n<\/ul>\n            <\/div>\r\n                        <span class=\"line a-down\"><\/span>\r\n        <\/div>\r\n    <\/div>\r\n<\/section>\n\n<section id=\"responsive-spacer-block_d90b9fcd90fdcb5527b2b8bea1ffa9f4\" class=\"responsive-spacer\">\r\n<\/section>\r\n<style>\r\n    #responsive-spacer-block_d90b9fcd90fdcb5527b2b8bea1ffa9f4 {\r\n        width: 100%;\r\n    }\r\n        #responsive-spacer-block_d90b9fcd90fdcb5527b2b8bea1ffa9f4 {\r\n        height: 130px;\r\n    }\r\n                @media (min-width: 769px) {\r\n            #responsive-spacer-block_d90b9fcd90fdcb5527b2b8bea1ffa9f4 {\r\n                height: 140px;\r\n            }\r\n        }\r\n                @media (min-width: 1201px) {\r\n            #responsive-spacer-block_d90b9fcd90fdcb5527b2b8bea1ffa9f4 {\r\n                height: 150px;\r\n            }\r\n        }\r\n    <\/style>","protected":false},"excerpt":{"rendered":"","protected":false},"author":2,"featured_media":0,"parent":0,"menu_order":0,"comment_status":"closed","ping_status":"closed","template":"","meta":{"_acf_changed":false,"inline_featured_image":false,"footnotes":""},"categories":[],"class_list":["post-1185","page","type-page","status-publish","hentry"],"acf":[],"featured_image_src":null,"featured_image_src_square":null,"_links":{"self":[{"href":"https:\/\/www.waldorfastorialoscabospedregal.com\/es\/wp-json\/wp\/v2\/pages\/1185","targetHints":{"allow":["GET"]}}],"collection":[{"href":"https:\/\/www.waldorfastorialoscabospedregal.com\/es\/wp-json\/wp\/v2\/pages"}],"about":[{"href":"https:\/\/www.waldorfastorialoscabospedregal.com\/es\/wp-json\/wp\/v2\/types\/page"}],"author":[{"embeddable":true,"href":"https:\/\/www.waldorfastorialoscabospedregal.com\/es\/wp-json\/wp\/v2\/users\/2"}],"replies":[{"embeddable":true,"href":"https:\/\/www.waldorfastorialoscabospedregal.com\/es\/wp-json\/wp\/v2\/comments?post=1185"}],"version-history":[{"count":4,"href":"https:\/\/www.waldorfastorialoscabospedregal.com\/es\/wp-json\/wp\/v2\/pages\/1185\/revisions"}],"predecessor-version":[{"id":81237,"href":"https:\/\/www.waldorfastorialoscabospedregal.com\/es\/wp-json\/wp\/v2\/pages\/1185\/revisions\/81237"}],"wp:attachment":[{"href":"https:\/\/www.waldorfastorialoscabospedregal.com\/es\/wp-json\/wp\/v2\/media?parent=1185"}],"wp:term":[{"taxonomy":"category","embeddable":true,"href":"https:\/\/www.waldorfastorialoscabospedregal.com\/es\/wp-json\/wp\/v2\/categories?post=1185"}],"curies":[{"name":"wp","href":"https:\/\/api.w.org\/{rel}","templated":true}]}}