{"id":1189,"date":"2021-10-27T10:16:30","date_gmt":"2021-10-27T10:16:30","guid":{"rendered":"https:\/\/www.waldorfastorialoscabospedregal.com\/?page_id=1189"},"modified":"2022-06-27T10:05:13","modified_gmt":"2022-06-27T10:05:13","slug":"bano-de-inmersion","status":"publish","type":"page","link":"https:\/\/www.waldorfastorialoscabospedregal.com\/es\/bano-de-inmersion\/","title":{"rendered":"Ba\u00f1o de inmersi\u00f3n"},"content":{"rendered":"<section id=\"rooms-hero-block_6177faa18c25d\" class=\"rooms-hero\">\r\n    <div class=\"home-hero\">\r\n                    <img data-src=\"https:\/\/cdn.waldorfastorialoscabospedregal.com\/wp-content\/uploads\/2021\/10\/14032241\/WAPedregal-JoeThomas-Spherical-2021-55.webp\" alt=\"\" class=\"home-hero__bg lazyload\">\r\n            <\/div>\r\n    <div class=\"rooms-hero__inner\">\r\n                    <h1 class=\"rooms-hero__heading\">BA\u00d1O DE INMERSI\u00d3N<\/h1>\r\n                            <div class=\"rooms-hero__content\"><h6 style=\"text-align: center;\">EXPERIMENTA UN BA\u00d1O DE INMERSI\u00d3N EN LOS CABOS<\/h6>\n<\/div>\r\n        \r\n        \r\n    <\/div>\r\n<\/section>\r\n\r\n<style>\r\n    #rooms-hero-block_6177faa18c25d .home-hero::after {\r\n        opacity: 0.25 !important;\r\n    }\r\n\r\n<\/style>\n\n<section id=\"responsive-spacer-block_6177f0a1d38bf\" class=\"responsive-spacer\">\r\n<\/section>\r\n<style>\r\n    #responsive-spacer-block_6177f0a1d38bf {\r\n        width: 100%;\r\n    }\r\n        #responsive-spacer-block_6177f0a1d38bf {\r\n        height: 130px;\r\n    }\r\n                @media (min-width: 769px) {\r\n            #responsive-spacer-block_6177f0a1d38bf {\r\n                height: 140px;\r\n            }\r\n        }\r\n                @media (min-width: 1201px) {\r\n            #responsive-spacer-block_6177f0a1d38bf {\r\n                height: 150px;\r\n            }\r\n        }\r\n    <\/style>\n\n<section id=\"two-columns-block_6177f0bbd38c1\" class=\"two-columns\">\r\n    <div class=\"container\">\r\n        <div class=\"row\">\r\n                        <div class=\"col col-left a-right\">\r\n                <p>S\u00e9 uno con el mar durante este relajante ba\u00f1o de algas marinas con sales marinas y aceite corporal. Las algas marinas est\u00e1n llenas de humectantes que extraen la humedad del ambiente, y vitamina E.<\/p>\n<p>&nbsp;<\/p>\n<p>&nbsp;<\/p>\n<a  href=\"https:\/\/cdn.waldorfastorialoscabospedregal.com\/wp-content\/uploads\/2021\/10\/14035539\/wa_soak_bath_flyer.pdf\" \r\n                    class=\"btn btn--accent\" \r\n                    target=\"\" >Seguir leyendo<\/a>\n            <\/div>\r\n                                    <div class=\"col col-right a-left\">\r\n                <h6>RITUALES DE INMERSI\u00d3N<\/h6>\n<ul>\n<li>El mar<\/li>\n<li>La Luna y la Tierra<\/li>\n<li>Los Amantes<\/li>\n<\/ul>\n            <\/div>\r\n                        <span class=\"line a-down\"><\/span>\r\n        <\/div>\r\n    <\/div>\r\n<\/section>\n\n<section id=\"responsive-spacer-block_6177f0b3d38c0\" class=\"responsive-spacer\">\r\n<\/section>\r\n<style>\r\n    #responsive-spacer-block_6177f0b3d38c0 {\r\n        width: 100%;\r\n    }\r\n        #responsive-spacer-block_6177f0b3d38c0 {\r\n        height: 130px;\r\n    }\r\n                @media (min-width: 769px) {\r\n            #responsive-spacer-block_6177f0b3d38c0 {\r\n                height: 140px;\r\n            }\r\n        }\r\n                @media (min-width: 1201px) {\r\n            #responsive-spacer-block_6177f0b3d38c0 {\r\n                height: 150px;\r\n            }\r\n        }\r\n    <\/style>","protected":false},"excerpt":{"rendered":"","protected":false},"author":2,"featured_media":0,"parent":0,"menu_order":0,"comment_status":"closed","ping_status":"closed","template":"","meta":{"_acf_changed":false,"inline_featured_image":false,"footnotes":""},"categories":[],"class_list":["post-1189","page","type-page","status-publish","hentry"],"acf":[],"featured_image_src":null,"featured_image_src_square":null,"_links":{"self":[{"href":"https:\/\/www.waldorfastorialoscabospedregal.com\/es\/wp-json\/wp\/v2\/pages\/1189","targetHints":{"allow":["GET"]}}],"collection":[{"href":"https:\/\/www.waldorfastorialoscabospedregal.com\/es\/wp-json\/wp\/v2\/pages"}],"about":[{"href":"https:\/\/www.waldorfastorialoscabospedregal.com\/es\/wp-json\/wp\/v2\/types\/page"}],"author":[{"embeddable":true,"href":"https:\/\/www.waldorfastorialoscabospedregal.com\/es\/wp-json\/wp\/v2\/users\/2"}],"replies":[{"embeddable":true,"href":"https:\/\/www.waldorfastorialoscabospedregal.com\/es\/wp-json\/wp\/v2\/comments?post=1189"}],"version-history":[{"count":3,"href":"https:\/\/www.waldorfastorialoscabospedregal.com\/es\/wp-json\/wp\/v2\/pages\/1189\/revisions"}],"predecessor-version":[{"id":92705,"href":"https:\/\/www.waldorfastorialoscabospedregal.com\/es\/wp-json\/wp\/v2\/pages\/1189\/revisions\/92705"}],"wp:attachment":[{"href":"https:\/\/www.waldorfastorialoscabospedregal.com\/es\/wp-json\/wp\/v2\/media?parent=1189"}],"wp:term":[{"taxonomy":"category","embeddable":true,"href":"https:\/\/www.waldorfastorialoscabospedregal.com\/es\/wp-json\/wp\/v2\/categories?post=1189"}],"curies":[{"name":"wp","href":"https:\/\/api.w.org\/{rel}","templated":true}]}}