{"id":2617,"date":"2021-11-22T08:56:20","date_gmt":"2021-11-22T08:56:20","guid":{"rendered":"https:\/\/www.waldorfastorialoscabospedregal.com\/?page_id=2617"},"modified":"2025-06-06T10:40:51","modified_gmt":"2025-06-06T10:40:51","slug":"medios","status":"publish","type":"page","link":"https:\/\/www.waldorfastorialoscabospedregal.com\/es\/medios\/","title":{"rendered":"Prensa"},"content":{"rendered":"<section id=\"responsive-spacer-block_735c92541aca9b47d7eee275c3af93ae\" class=\"responsive-spacer\">\r\n<\/section>\r\n<style>\r\n    #responsive-spacer-block_735c92541aca9b47d7eee275c3af93ae {\r\n        width: 100%;\r\n    }\r\n        #responsive-spacer-block_735c92541aca9b47d7eee275c3af93ae {\r\n        height: 160px;\r\n    }\r\n                @media (min-width: 769px) {\r\n            #responsive-spacer-block_735c92541aca9b47d7eee275c3af93ae {\r\n                height: 200px;\r\n            }\r\n        }\r\n                @media (min-width: 1201px) {\r\n            #responsive-spacer-block_735c92541aca9b47d7eee275c3af93ae {\r\n                height: 270px;\r\n            }\r\n        }\r\n    <\/style>\n\n\r\n<section id=\"press-block_8929978cf1f0229887a2dd85eb4c7359\" class=\"press\">\r\n\t<div class=\"container\">\r\n        \t\t<h1 class=\"press-heading\">Prensa<\/h1>\r\n                            <div class=\"press-content\">\r\n                <p>Como uno de los hoteles m\u00e1s destacados y ultra lujosos de M\u00e9xico, Waldorf Astoria Los Cabos Pedregal contin\u00faa recibiendo algunos de los premios m\u00e1s prestigiosos a nivel mundial. Estos reconocimientos no solo reflejan su dise\u00f1o arquitect\u00f3nico \u00fanico, sino tambi\u00e9n su compromiso con un nivel de servicio altamente personalizado, excepcionales amenidades, est\u00e9tica impecable y una propuesta culinaria de clase mundial. Los servicios especiales que ofrece Waldorf Astoria Los Cabos Pedregal \u2014como su equipo dedicado de Personal Concierges, el galardonado Waldorf Astoria Spa y sus experiencias gastron\u00f3micas dirigidas por uno de los equipos culinarios m\u00e1s reconocidos de la regi\u00f3n\u2014 han sido ampliamente distinguidos por algunas de las organizaciones m\u00e1s respetadas del mundo.<\/p>\n<p>&nbsp;<\/p>\n<p>&nbsp;<\/p>\n<p><span class=\"ui-provider a b c d e f g h i j k l m n o p q r s t u v w x y z ab ac ae af ag ah ai aj ak\" dir=\"ltr\">El lujoso Waldorf Astoria Los Cabos Pedregal contin\u00faa marcando la pauta de excelencia en el mercado de hospitalidad de Los Cabos. Para el a\u00f1o 2025, Forbes Travel Guide ha otorgado al resort la prestigiosa distinci\u00f3n de Hotel Cinco Estrellas y Spa Cinco Estrellas por octavo a\u00f1o consecutivo. Adicionalmente, el resort fue reconocido con orgullo como el Mejor Hotel en Instagram 2024 por Forbes Travel Guide.<\/span><\/p>\n<p>&nbsp;<\/p>\n<p>&nbsp;<\/p>\n<p>Waldorf Astoria Los Cabos Pedregal fue incluido en la lista de los 500 Mejores Hoteles del Mundo 2024 de Travel + Leisure, y ha formado parte de los prestigiosos World\u2019s Best Awards de la misma publicaci\u00f3n cada a\u00f1o desde 2016.<\/p>\n<p>&nbsp;<\/p>\n<p>&nbsp;<\/p>\n<p>&nbsp;<\/p>\n<p>El hotel recibe constantemente reconocimientos por parte de las principales organizaciones de hospitalidad y turismo, como los Travelers\u2019 Choice Awards de TripAdvisor, los cuales se otorgan con base en las opiniones y comentarios de millones de viajeros alrededor del mundo. Waldorf Astoria Los Cabos Pedregal tambi\u00e9n ha sido galardonado con prestigiosos premios en el \u00e1mbito de reuniones y eventos, entre ellos los Smart Stars Awards de Smart Meetings y los Stella Awards de Northstar Meetings Group.<\/p>\n<p>&nbsp;<\/p>\n<p>&nbsp;<\/p>\n<p>J Public Relations | 619.255.7069 |waldorfloscabos@jpublicrelations.com<\/p>\n            <\/div>\r\n        \t\t\t\t<div class=\"press-filter\">\r\n\t\t\t<ul class=\"press-links\">\r\n\t\t\t\t<li><a class=\"cta cta-reverse press-link active\" href=\"#\" data-category=\"\">Todas<\/a><\/li>\r\n\t\t\t\t\t\t\t\t\t<li>\r\n                        <a class=\"cta cta-reverse press-link\" href=\"#\" data-category=\"press-release\">\r\n                            Comunicado de prensa                        <\/a>\r\n                    <\/li>\r\n\t\t\t\t\t\t\t\t\t<li>\r\n                        <a class=\"cta cta-reverse press-link\" href=\"#\" data-category=\"resort-news\">\r\n                            Noticias                        <\/a>\r\n                    <\/li>\r\n\t\t\t\t\t\t\t\t\t<li>\r\n                        <a class=\"cta cta-reverse press-link\" href=\"#\" data-category=\"articles\">\r\n                            Art\u00edculos                        <\/a>\r\n                    <\/li>\r\n\t\t\t\t\t\t\t\t\t<li>\r\n                        <a class=\"cta cta-reverse press-link\" href=\"#\" data-category=\"dining\">\r\n                            Gastronom\u00eda                        <\/a>\r\n                    <\/li>\r\n\t\t\t\t\t\t\t\t\t<li>\r\n                        <a class=\"cta cta-reverse press-link\" href=\"#\" data-category=\"spafitness\">\r\n                            SPA&amp;Fitness                        <\/a>\r\n                    <\/li>\r\n\t\t\t\t\t\t\t\t\t<li>\r\n                        <a class=\"cta cta-reverse press-link\" href=\"#\" data-category=\"awards\">\r\n                            Premios                        <\/a>\r\n                    <\/li>\r\n\t\t\t\t\t\t\t\t\t<li>\r\n                        <a class=\"cta cta-reverse press-link\" href=\"#\" data-category=\"media-contacts\">\r\n                            Contactos para medios                        <\/a>\r\n                    <\/li>\r\n\t\t\t\t\t\t\t<\/ul>\r\n            <div class=\"press-selector\">\r\n                <select class=\"press-select\" jcf>\r\n                    <option value=\"\" selected>Todas<\/option>\r\n                                            <option value=\"press-release\">\r\n                            Comunicado de prensa                        <\/option>\r\n                                            <option value=\"resort-news\">\r\n                            Noticias                        <\/option>\r\n                                            <option value=\"articles\">\r\n                            Art\u00edculos                        <\/option>\r\n                                            <option value=\"dining\">\r\n                            Gastronom\u00eda                        <\/option>\r\n                                            <option value=\"spafitness\">\r\n                            SPA&amp;Fitness                        <\/option>\r\n                                            <option value=\"awards\">\r\n                            Premios                        <\/option>\r\n                                            <option value=\"media-contacts\">\r\n                            Contactos para medios                        <\/option>\r\n                                    <\/select>\r\n            <\/div>\r\n\t\t<\/div>\r\n\t\t                <div class=\"press-grid\">\r\n            <article class=\"loop-press\" data-id=\"95001\">\r\n    <a href=\"https:\/\/www.luxurytravelmagazine.com\/news-articles\/waldorf-astoria-los-cabos-pedregal-completes-final-phase-of-transformation\" target=\"_blank\" rel=\"noopener\">\r\n        <div class=\"loop-press__image\">\r\n            <img decoding=\"async\" src=\"https:\/\/cdn.waldorfastorialoscabospedregal.com\/wp-content\/uploads\/2026\/02\/17183150\/WALCP_Q2LV_226_01_0337_web_res-400x560.webp\" srcset=\"https:\/\/cdn.waldorfastorialoscabospedregal.com\/wp-content\/uploads\/2026\/02\/17183150\/WALCP_Q2LV_226_01_0337_web_res-400x560.webp 2x\" alt=\"\">\r\n        <\/div>\r\n        <div class=\"loop-press__content\">\r\n            <p class=\"loop-press__date\">03.12.2026<\/p>\r\n            <h6 class=\"loop-press__title\">Luxury Travel Magazine<\/h6> \r\n            <p class=\"loop-press__desc\">Waldorf Astoria Los Cabos Pedregal Completa la Fase Final de Transformaci\u00f3n<\/p>\r\n        <\/div>\r\n    <\/a>\r\n<\/article><article class=\"loop-press\" data-id=\"95003\">\r\n    <a href=\"https:\/\/quintessentially.com\/noted\/best-wellness-retreats-los-angeles\" target=\"_blank\" rel=\"noopener\">\r\n        <div class=\"loop-press__image\">\r\n            <img decoding=\"async\" src=\"https:\/\/cdn.waldorfastorialoscabospedregal.com\/wp-content\/uploads\/2026\/03\/14171418\/WALCP_SPA_001_1817_web_res-400x560.jpg\" srcset=\"https:\/\/cdn.waldorfastorialoscabospedregal.com\/wp-content\/uploads\/2026\/03\/14171418\/WALCP_SPA_001_1817_web_res-400x560.jpg 2x\" alt=\"\">\r\n        <\/div>\r\n        <div class=\"loop-press__content\">\r\n            <p class=\"loop-press__date\">03.11.2026<\/p>\r\n            <h6 class=\"loop-press__title\">Por excelencia<\/h6> \r\n            <p class=\"loop-press__desc\">Si buscas el lujo de un resort en el extremo sur de la pen\u00ednsula pero quieres estar cerca del bullicio del centro de Cabo, el renovado Waldorf Astoria es verdaderamente lo mejor de ambos mundos. Y con un bar de ostras y champ\u00e1n con vistas al mar, donde tambi\u00e9n podr\u00e1s avistar ballenas jugando, es posible que no quieras irte. <\/p>\r\n        <\/div>\r\n    <\/a>\r\n<\/article><article class=\"loop-press\" data-id=\"95002\">\r\n    <a href=\"https:\/\/www.hotelnewsresource.com\/article140318.html\" target=\"_blank\" rel=\"noopener\">\r\n        <div class=\"loop-press__image\">\r\n            <img decoding=\"async\" src=\"https:\/\/cdn.waldorfastorialoscabospedregal.com\/wp-content\/uploads\/2021\/10\/13102053\/WALCP_K1_411_04_0179_web_res_vineta-400x560.webp\" srcset=\"https:\/\/cdn.waldorfastorialoscabospedregal.com\/wp-content\/uploads\/2021\/10\/13102053\/WALCP_K1_411_04_0179_web_res_vineta-400x560.webp 2x\" alt=\"\">\r\n        <\/div>\r\n        <div class=\"loop-press__content\">\r\n            <p class=\"loop-press__date\">03.10.2026<\/p>\r\n            <h6 class=\"loop-press__title\">Hotel News Resource<\/h6> \r\n            <p class=\"loop-press__desc\">Finalizado el cambio de las \u00faltimas fases de Waldorf Astoria Los Cabos Pedregal<\/p>\r\n        <\/div>\r\n    <\/a>\r\n<\/article><article class=\"loop-press\" data-id=\"94969\">\r\n    <a href=\"https:\/\/www.forbes.com\/sites\/noelburgess\/2026\/03\/09\/where-to-eat-drink-and-stay-in-los-cabos-2026\/\" target=\"_blank\" rel=\"noopener\">\r\n        <div class=\"loop-press__image\">\r\n            <img decoding=\"async\" src=\"https:\/\/cdn.waldorfastorialoscabospedregal.com\/wp-content\/uploads\/2026\/01\/10012724\/Kaleigh-and-John-wedding-dinner-at-el-farallon-by-Chelsea-Gee-Photography-400x560.jpg\" srcset=\"https:\/\/cdn.waldorfastorialoscabospedregal.com\/wp-content\/uploads\/2026\/01\/10012724\/Kaleigh-and-John-wedding-dinner-at-el-farallon-by-Chelsea-Gee-Photography-400x560.jpg 2x\" alt=\"\">\r\n        <\/div>\r\n        <div class=\"loop-press__content\">\r\n            <p class=\"loop-press__date\">03.09.2026<\/p>\r\n            <h6 class=\"loop-press__title\">Forbes<\/h6> \r\n            <p class=\"loop-press__desc\">El programa culinario de Waldorf Astoria Los Cabos Pedregal celebra ingredientes frescos y locales. Cene al borde del acantilado en El Farall\u00f3n, conocido por su marisco de mercado, del oc\u00e9ano a la mesa. En Don Manuel\u2019s, disfrute de aut\u00e9ntica cocina mexicana en un entorno r\u00fastico y elegante. The Beach Club ofrece cocina costera informal, mientras que Crudo Bar se especializa en bebidas de agave artesanales y ceviches frescos. La Terraza de Champagne, en el hotel, es una visita obligada para disfrutar de las vistas del atardecer.\r\n<\/p>\r\n        <\/div>\r\n    <\/a>\r\n<\/article><article class=\"loop-press\" data-id=\"95004\">\r\n    <a href=\"https:\/\/www.tastingtable.com\/2115726\/smooth-tequilas-drink-straight\/\" target=\"_blank\" rel=\"noopener\">\r\n        <div class=\"loop-press__image\">\r\n            <img decoding=\"async\" src=\"https:\/\/cdn.waldorfastorialoscabospedregal.com\/wp-content\/uploads\/2024\/06\/14162840\/WaldorfOaxacaMezcalRe-Edit-296-400x560.jpg\" srcset=\"https:\/\/cdn.waldorfastorialoscabospedregal.com\/wp-content\/uploads\/2024\/06\/14162840\/WaldorfOaxacaMezcalRe-Edit-296-400x560.jpg 2x\" alt=\"\">\r\n        <\/div>\r\n        <div class=\"loop-press__content\">\r\n            <p class=\"loop-press__date\">03.08.2026<\/p>\r\n            <h6 class=\"loop-press__title\">Mesa de degustaci\u00f3n<\/h6> \r\n            <p class=\"loop-press__desc\">Lea sobre los mejores tequilas lo suficientemente suaves como para beber solos, seg\u00fan David Hern\u00e1ndez, nuestro Director de Bar.<\/p>\r\n        <\/div>\r\n    <\/a>\r\n<\/article><article class=\"loop-press\" data-id=\"94842\">\r\n    <a href=\"https:\/\/guide.michelin.com\/en\/article\/travel\/the-michelin-guide-to-los-cabo-mexico\" target=\"_blank\" rel=\"noopener\">\r\n        <div class=\"loop-press__image\">\r\n            <img decoding=\"async\" src=\"https:\/\/cdn.waldorfastorialoscabospedregal.com\/wp-content\/uploads\/2021\/10\/11021616\/WALCP_K1VRR2_46_08_1767_web_res-400x560.jpg\" srcset=\"https:\/\/cdn.waldorfastorialoscabospedregal.com\/wp-content\/uploads\/2021\/10\/11021616\/WALCP_K1VRR2_46_08_1767_web_res-400x560.jpg 2x\" alt=\"\">\r\n        <\/div>\r\n        <div class=\"loop-press__content\">\r\n            <p class=\"loop-press__date\">01.28.2026<\/p>\r\n            <h6 class=\"loop-press__title\">Gu\u00eda Michelin<\/h6> \r\n            <p class=\"loop-press__desc\">El Waldorf Astoria en Cabo San Lucas ha sido durante mucho tiempo una reserva codiciada, ocupando un tramo aislado de playa en el punto m\u00e1s meridional de la pen\u00ednsula. <\/p>\r\n        <\/div>\r\n    <\/a>\r\n<\/article><article class=\"loop-press\" data-id=\"94843\">\r\n    <a href=\"https:\/\/www.travelandleisure.com\/best-things-to-do-in-los-cabos-11891903\" target=\"_blank\" rel=\"noopener\">\r\n        <div class=\"loop-press__image\">\r\n            <img decoding=\"async\" src=\"https:\/\/cdn.waldorfastorialoscabospedregal.com\/wp-content\/uploads\/2023\/08\/14020155\/Festival-of-Flavors-Patron-TequilaTasting-at-Agave-Study-by-Studio-Caribe-5-400x560.jpg\" srcset=\"https:\/\/cdn.waldorfastorialoscabospedregal.com\/wp-content\/uploads\/2023\/08\/14020155\/Festival-of-Flavors-Patron-TequilaTasting-at-Agave-Study-by-Studio-Caribe-5-400x560.jpg 2x\" alt=\"\">\r\n        <\/div>\r\n        <div class=\"loop-press__content\">\r\n            <p class=\"loop-press__date\">02.24.2026<\/p>\r\n            <h6 class=\"loop-press__title\">Travel+Leisure<\/h6> \r\n            <p class=\"loop-press__desc\">Los visitantes pueden degustar licores locales en Los Cabos junto a expertos, pero disfrutar de tequilas ultrararos, acompa\u00f1ados de bocados locales y vistas al atardecer sobre el agua en Agave Study en Waldorf Astoria Los Cabos Pedregal, es un verdadero punto culminante.<\/p>\r\n        <\/div>\r\n    <\/a>\r\n<\/article><article class=\"loop-press\" data-id=\"94272\">\r\n    <a href=\"https:\/\/www.sunset.com\/lifestyle\/wellness\/best-restorative-wellness-resorts\" target=\"_blank\" rel=\"noopener\">\r\n        <div class=\"loop-press__image\">\r\n            <img decoding=\"async\" src=\"https:\/\/cdn.waldorfastorialoscabospedregal.com\/wp-content\/uploads\/2025\/08\/22200636\/2024-Panorama-Low-res-9-400x560.jpg\" srcset=\"https:\/\/cdn.waldorfastorialoscabospedregal.com\/wp-content\/uploads\/2025\/08\/22200636\/2024-Panorama-Low-res-9-400x560.jpg 2x\" alt=\"\">\r\n        <\/div>\r\n        <div class=\"loop-press__content\">\r\n            <p class=\"loop-press__date\">01.16.2026<\/p>\r\n            <h6 class=\"loop-press__title\">Revista Sunset<\/h6> \r\n            <p class=\"loop-press__desc\">Ganador de los Premios Sunset Magazine de Bienestar y Belleza 2025 como uno de los Mejores Resorts Restauradores.<\/p>\r\n        <\/div>\r\n    <\/a>\r\n<\/article><article class=\"loop-press\" data-id=\"93979\">\r\n    <a href=\"https:\/\/thepointsguy.com\/hotel\/reviews\/waldorf-astoria-los-cabos-pedregal-renovations\/\" target=\"_blank\" rel=\"noopener\">\r\n        <div class=\"loop-press__image\">\r\n            <img decoding=\"async\" src=\"https:\/\/cdn.waldorfastorialoscabospedregal.com\/wp-content\/uploads\/2025\/10\/09183513\/03-Guest-Rooms-Suites-One-Bedroom-Ocean-View-Suite-400x560.jpg\" srcset=\"https:\/\/cdn.waldorfastorialoscabospedregal.com\/wp-content\/uploads\/2025\/10\/09183513\/03-Guest-Rooms-Suites-One-Bedroom-Ocean-View-Suite-400x560.jpg 2x\" alt=\"\">\r\n        <\/div>\r\n        <div class=\"loop-press__content\">\r\n            <p class=\"loop-press__date\">12.26.2025<\/p>\r\n            <h6 class=\"loop-press__title\">The Points Guy<\/h6> \r\n            <p class=\"loop-press__desc\">El resort insignia de Hilton se ha superado: esto es lo nuevo en el Waldorf Astoria Los Cabos Pedregal<\/p>\r\n        <\/div>\r\n    <\/a>\r\n<\/article>        <\/div>\r\n                <div class=\"press-grid__cta\">\r\n            <button class=\"btn btn--accent\" id=\"load-more-press\" data-page=\"1\">Ver m\u00e1s<\/button>\r\n        <\/div>\r\n        \t<\/div>\r\n<\/section>\r\n\n\n<section id=\"responsive-spacer-block_4f1f8a6521db501aeb50fa37fef3cb70\" class=\"responsive-spacer\">\r\n<\/section>\r\n<style>\r\n    #responsive-spacer-block_4f1f8a6521db501aeb50fa37fef3cb70 {\r\n        width: 100%;\r\n    }\r\n        #responsive-spacer-block_4f1f8a6521db501aeb50fa37fef3cb70 {\r\n        height: 130px;\r\n    }\r\n                @media (min-width: 769px) {\r\n            #responsive-spacer-block_4f1f8a6521db501aeb50fa37fef3cb70 {\r\n                height: 170px;\r\n            }\r\n        }\r\n                @media (min-width: 1201px) {\r\n            #responsive-spacer-block_4f1f8a6521db501aeb50fa37fef3cb70 {\r\n                height: 200px;\r\n            }\r\n        }\r\n    <\/style>","protected":false},"excerpt":{"rendered":"","protected":false},"author":1,"featured_media":0,"parent":0,"menu_order":0,"comment_status":"closed","ping_status":"closed","template":"","meta":{"_acf_changed":false,"inline_featured_image":false,"footnotes":""},"categories":[],"class_list":["post-2617","page","type-page","status-publish","hentry"],"acf":[],"featured_image_src":null,"featured_image_src_square":null,"_links":{"self":[{"href":"https:\/\/www.waldorfastorialoscabospedregal.com\/es\/wp-json\/wp\/v2\/pages\/2617","targetHints":{"allow":["GET"]}}],"collection":[{"href":"https:\/\/www.waldorfastorialoscabospedregal.com\/es\/wp-json\/wp\/v2\/pages"}],"about":[{"href":"https:\/\/www.waldorfastorialoscabospedregal.com\/es\/wp-json\/wp\/v2\/types\/page"}],"author":[{"embeddable":true,"href":"https:\/\/www.waldorfastorialoscabospedregal.com\/es\/wp-json\/wp\/v2\/users\/1"}],"replies":[{"embeddable":true,"href":"https:\/\/www.waldorfastorialoscabospedregal.com\/es\/wp-json\/wp\/v2\/comments?post=2617"}],"version-history":[{"count":18,"href":"https:\/\/www.waldorfastorialoscabospedregal.com\/es\/wp-json\/wp\/v2\/pages\/2617\/revisions"}],"predecessor-version":[{"id":90146,"href":"https:\/\/www.waldorfastorialoscabospedregal.com\/es\/wp-json\/wp\/v2\/pages\/2617\/revisions\/90146"}],"wp:attachment":[{"href":"https:\/\/www.waldorfastorialoscabospedregal.com\/es\/wp-json\/wp\/v2\/media?parent=2617"}],"wp:term":[{"taxonomy":"category","embeddable":true,"href":"https:\/\/www.waldorfastorialoscabospedregal.com\/es\/wp-json\/wp\/v2\/categories?post=2617"}],"curies":[{"name":"wp","href":"https:\/\/api.w.org\/{rel}","templated":true}]}}