{"id":2748,"date":"2021-11-24T14:15:17","date_gmt":"2021-11-24T14:15:17","guid":{"rendered":"https:\/\/www.waldorfastorialoscabospedregal.com\/?page_id=2748"},"modified":"2026-03-13T10:41:22","modified_gmt":"2026-03-13T10:41:22","slug":"ofertas-exclusivas","status":"publish","type":"page","link":"https:\/\/www.waldorfastorialoscabospedregal.com\/es\/ofertas-exclusivas\/","title":{"rendered":"Ofertas"},"content":{"rendered":"<section id=\"responsive-spacer-block_6748683ab47c6cdae2b2844f39d3a3ac\" class=\"responsive-spacer\">\r\n<\/section>\r\n<style>\r\n    #responsive-spacer-block_6748683ab47c6cdae2b2844f39d3a3ac {\r\n        width: 100%;\r\n    }\r\n        #responsive-spacer-block_6748683ab47c6cdae2b2844f39d3a3ac {\r\n        height: 175px;\r\n    }\r\n                @media (min-width: 769px) {\r\n            #responsive-spacer-block_6748683ab47c6cdae2b2844f39d3a3ac {\r\n                height: 200px;\r\n            }\r\n        }\r\n                @media (min-width: 1201px) {\r\n            #responsive-spacer-block_6748683ab47c6cdae2b2844f39d3a3ac {\r\n                height: 275px;\r\n            }\r\n        }\r\n    <\/style>\n\n<section id=\"offers-grid-block_42fdc4ed3fb387053f1a02a73a22ac04\" class=\"offers-grid\">\r\n    <div class=\"container\">\r\n        <div class=\"offers-grid__content\">\r\n                            <h1 class=\"offers-grid__heading\">Ofertas Exclusivas<\/h1>\r\n                                        <h6 class=\"offers-grid__subheading\">Seleccionado especialmente para su estancia<\/h6>\r\n                                        <div class=\"offers-grid__desc\">Disfrute con estancias m\u00e1s largas, permita que nuestro reconocido equipo de concierge Waldorf Astoria dise\u00f1e un itinerario a su medida y descubra nuevas formas de aprovechar al m\u00e1ximo su tiempo en el para\u00edso de Waldorf Astoria Los Cabos Pedregal. <\/div>\r\n                    <\/div>\r\n\r\n        <div class=\"offer-selectors\">\r\n                        <div class=\"offer-filters\">\r\n                <a href=\"#\" data-category=\"\" class=\"cta cta-reverse offer-filter active\">Todas<\/a>\r\n                                    <a href=\"#\" data-category=\"culinary\" class=\"cta cta-reverse offer-filter\">\r\n                        Culinaria                    <\/a>\r\n                                    <a href=\"#\" data-category=\"wellness\" class=\"cta cta-reverse offer-filter\">\r\n                        Bienestar                    <\/a>\r\n                                    <a href=\"#\" data-category=\"romance\" class=\"cta cta-reverse offer-filter\">\r\n                        Romance                    <\/a>\r\n                                    <a href=\"#\" data-category=\"family\" class=\"cta cta-reverse offer-filter\">\r\n                        Familia                    <\/a>\r\n                                    <a href=\"#\" data-category=\"escape\" class=\"cta cta-reverse offer-filter\">\r\n                        Desconexi\u00f3n Total                    <\/a>\r\n                            <\/div>\r\n            <div class=\"offer-selector\">\r\n                <select name=\"\" id=\"\" class=\"offer-select\">\r\n                    <option value=\"\" selected>Todas<\/option>\r\n                                            <option value=\"culinary\">\r\n                            Culinaria                        <\/option>\r\n                                            <option value=\"wellness\">\r\n                            Bienestar                        <\/option>\r\n                                            <option value=\"romance\">\r\n                            Romance                        <\/option>\r\n                                            <option value=\"family\">\r\n                            Familia                        <\/option>\r\n                                            <option value=\"escape\">\r\n                            Desconexi\u00f3n Total                        <\/option>\r\n                                    <\/select>\r\n            <\/div>\r\n                    <\/div>\r\n\r\n                <div class=\"loop-offers\" id=\"offers-grid\">\r\n            <article class=\"loop-offer\" data-id=\"95209\">\r\n\t<a href=\"https:\/\/www.hilton.com\/en\/book\/reservation\/deeplink\/?&#038;ctyhocn=SJDWAWA&#038;srpCodes=SO&#038;arrivalDate=2026-04-06&#038;departureDate=2026-04-07&#038;flexibleDates=true&#038;displayCurrency=USD\" target=\"\" rel=\"noopener\">\r\n\t\t<div class=\"loop-offer__image\">\r\n\t\t\t\t\t\t\t<div class=\"img-a\">\r\n\t\t\t\t\t<div class=\"img-a-img gradient-overlay\">\r\n\t\t\t\t\t\t<img data-src=\"https:\/\/cdn.waldorfastorialoscabospedregal.com\/wp-content\/uploads\/2026\/04\/03001701\/Couple-at-the-villa-terrace-Lifestyle-photoshoot-by-Wyatt-Faller-2105-585x730.jpg\" data-srcset=\"https:\/\/cdn.waldorfastorialoscabospedregal.com\/wp-content\/uploads\/2026\/04\/03001701\/Couple-at-the-villa-terrace-Lifestyle-photoshoot-by-Wyatt-Faller-2105-1170x1280.jpg\"\r\n\t\t\t\t\t\t\talt=\"Compra anticipada Escapada de verano\" class=\"loop-offer__bg lazyload\">\r\n\t\t\t\t\t<\/div>\r\n\t\t\t\t<\/div>\r\n\t\t\t\t\t<\/div>\r\n\t<\/a>\r\n\t\t\t<span class=\"loop-offer__category a-up a-delay-3\">Desconexi\u00f3n Total<\/span>\r\n\t\t\t\t<a href=\"https:\/\/www.hilton.com\/en\/book\/reservation\/deeplink\/?&#038;ctyhocn=SJDWAWA&#038;srpCodes=SO&#038;arrivalDate=2026-04-06&#038;departureDate=2026-04-07&#038;flexibleDates=true&#038;displayCurrency=USD\" class=\"btn btn--accent loop-offer__btn\" target=\"\" rel=\"noopener\">\r\n\t\t\tReserva tu escapada\t\t<\/a>\r\n\t\t<div class=\"loop-offer__content\">\r\n\t\t<h6 class=\"loop-offer__title a-up\">Compra anticipada Escapada de verano<\/h6>\r\n\t\t\t\t\t<p class=\"loop-offer__excerpt a-up a-delay-1\">Por tiempo limitado, disfrute de un% de ahorro en todas las categor\u00edas de habitaciones si reserva su estancia con antelaci\u00f3n.<\/p>\r\n\t\t\t\t\t\t\t<a href=\"https:\/\/www.waldorfastorialoscabospedregal.com\/es\/ofertas-exclusivas\/comprar-con-antelacion-escapada-de-verano\/\" class=\"btn loop-offer__link a-up a-delay-2\">Ver m\u00e1s<\/a>\r\n\t\t\t<\/div>\r\n<\/article><article class=\"loop-offer\" data-id=\"94730\">\r\n\t<a href=\"https:\/\/www.hilton.com\/en\/book\/reservation\/deeplink\/?&#038;ctyhocn=SJDWAWA&#038;srpCodes=P3&#038;arrivalDate=2026-02-28&#038;departureDate=2026-03-02&#038;flexibleDates=true&#038;displayCurrency=USD\" target=\"\" rel=\"noopener\">\r\n\t\t<div class=\"loop-offer__image\">\r\n\t\t\t\t\t\t\t<div class=\"img-a\">\r\n\t\t\t\t\t<div class=\"img-a-img gradient-overlay\">\r\n\t\t\t\t\t\t<img data-src=\"https:\/\/cdn.waldorfastorialoscabospedregal.com\/wp-content\/uploads\/2021\/10\/10211126\/WALCP_K1RLU1_244_02_1541_web_res-585x730.jpg\" data-srcset=\"https:\/\/cdn.waldorfastorialoscabospedregal.com\/wp-content\/uploads\/2021\/10\/10211126\/WALCP_K1RLU1_244_02_1541_web_res-1170x1440.jpg\"\r\n\t\t\t\t\t\t\talt=\"Indulgencia entre Semana\" class=\"loop-offer__bg lazyload\">\r\n\t\t\t\t\t<\/div>\r\n\t\t\t\t<\/div>\r\n\t\t\t\t\t<\/div>\r\n\t<\/a>\r\n\t\t\t<span class=\"loop-offer__category a-up a-delay-3\">Desconexi\u00f3n Total<\/span>\r\n\t\t\t\t<a href=\"https:\/\/www.hilton.com\/en\/book\/reservation\/deeplink\/?&#038;ctyhocn=SJDWAWA&#038;srpCodes=P3&#038;arrivalDate=2026-02-28&#038;departureDate=2026-03-02&#038;flexibleDates=true&#038;displayCurrency=USD\" class=\"btn btn--accent loop-offer__btn\" target=\"\" rel=\"noopener\">\r\n\t\t\tReserve su Estancia\t\t<\/a>\r\n\t\t<div class=\"loop-offer__content\">\r\n\t\t<h6 class=\"loop-offer__title a-up\">Indulgencia entre Semana<\/h6>\r\n\t\t\t\t\t<p class=\"loop-offer__excerpt a-up a-delay-1\">Esc\u00e1pese entre semana, cuando el ritmo se ralentiza y el oc\u00e9ano se siente m\u00e1s cerca. Disfrute de un 15 % de descuento en estancias de domingo a jueves en todos los tipos de habitaci\u00f3n\u2026<\/p>\r\n\t\t\t\t\t\t\t<a href=\"https:\/\/www.waldorfastorialoscabospedregal.com\/es\/ofertas-exclusivas\/golosina-de-mitad-de-semana\/\" class=\"btn loop-offer__link a-up a-delay-2\">Ver m\u00e1s<\/a>\r\n\t\t\t<\/div>\r\n<\/article><article class=\"loop-offer\" data-id=\"84664\">\r\n\t<a href=\"https:\/\/www.hilton.com\/en\/book\/reservation\/deeplink\/?&#038;ctyhocn=SJDWAWA&#038;srpCodes=P1&#038;arrivalDate=2024-04-11&#038;departureDate=2024-04-14&#038;flexibleDates=true&#038;displayCurrency=USD\" target=\"\" rel=\"noopener\">\r\n\t\t<div class=\"loop-offer__image\">\r\n\t\t\t\t\t\t\t<div class=\"img-a\">\r\n\t\t\t\t\t<div class=\"img-a-img gradient-overlay\">\r\n\t\t\t\t\t\t<img data-src=\"https:\/\/cdn.waldorfastorialoscabospedregal.com\/wp-content\/uploads\/2024\/08\/10203647\/WALCP_K1RFU1_30_03_0892_web_res-585x730.jpg\" data-srcset=\"https:\/\/cdn.waldorfastorialoscabospedregal.com\/wp-content\/uploads\/2024\/08\/10203647\/WALCP_K1RFU1_30_03_0892_web_res-1170x1440.jpg\"\r\n\t\t\t\t\t\t\talt=\"PARADISE FOUND\" class=\"loop-offer__bg lazyload\">\r\n\t\t\t\t\t<\/div>\r\n\t\t\t\t<\/div>\r\n\t\t\t\t\t<\/div>\r\n\t<\/a>\r\n\t\t\t<span class=\"loop-offer__category a-up a-delay-3\">Familia<\/span>\r\n\t\t\t\t<a href=\"https:\/\/www.hilton.com\/en\/book\/reservation\/deeplink\/?&#038;ctyhocn=SJDWAWA&#038;srpCodes=P1&#038;arrivalDate=2024-04-11&#038;departureDate=2024-04-14&#038;flexibleDates=true&#038;displayCurrency=USD\" class=\"btn btn--accent loop-offer__btn\" target=\"\" rel=\"noopener\">\r\n\t\t\tCONSULTAR DISPONIBILIDAD\t\t<\/a>\r\n\t\t<div class=\"loop-offer__content\">\r\n\t\t<h6 class=\"loop-offer__title a-up\">PARADISE FOUND<\/h6>\r\n\t\t\t\t\t<p class=\"loop-offer__excerpt a-up a-delay-1\">Experimente lo \u00faltimo en lujo con nuestras premium suites frente al mar en Waldorf Astoria Los Cabos Pedregal.<\/p>\r\n\t\t\t\t\t\t\t<a href=\"https:\/\/www.waldorfastorialoscabospedregal.com\/es\/ofertas-exclusivas\/paraiso-encontrado\/\" class=\"btn loop-offer__link a-up a-delay-2\">Ver m\u00e1s<\/a>\r\n\t\t\t<\/div>\r\n<\/article><article class=\"loop-offer\" data-id=\"8051\">\r\n\t<a href=\"https:\/\/www.hilton.com\/en\/book\/reservation\/deeplink\/?&#038;ctyhocn=SJDWAWA&#038;srpCodes=NC&#038;arrivalDate=2026-12-18&#038;departureDate=2026-12-23&#038;flexibleDates=true&#038;displayCurrency=USD\" target=\"_blank\" rel=\"noopener\">\r\n\t\t<div class=\"loop-offer__image\">\r\n\t\t\t\t\t\t\t<div class=\"img-a\">\r\n\t\t\t\t\t<div class=\"img-a-img gradient-overlay\">\r\n\t\t\t\t\t\t<img data-src=\"https:\/\/cdn.waldorfastorialoscabospedregal.com\/wp-content\/uploads\/2023\/09\/19235721\/Festive-2023-Lobby-BA-Edits-WA-webres-585x730.jpeg\" data-srcset=\"https:\/\/cdn.waldorfastorialoscabospedregal.com\/wp-content\/uploads\/2023\/09\/19235721\/Festive-2023-Lobby-BA-Edits-WA-webres-1170x1365.jpeg\"\r\n\t\t\t\t\t\t\talt=\"Unforgettable Holiday\" class=\"loop-offer__bg lazyload\">\r\n\t\t\t\t\t<\/div>\r\n\t\t\t\t<\/div>\r\n\t\t\t\t\t<\/div>\r\n\t<\/a>\r\n\t\t\t<span class=\"loop-offer__category a-up a-delay-3\">Familia<\/span>\r\n\t\t\t\t<a href=\"https:\/\/www.hilton.com\/en\/book\/reservation\/deeplink\/?&#038;ctyhocn=SJDWAWA&#038;srpCodes=NC&#038;arrivalDate=2026-12-18&#038;departureDate=2026-12-23&#038;flexibleDates=true&#038;displayCurrency=USD\" class=\"btn btn--accent loop-offer__btn\" target=\"_blank\" rel=\"noopener\">\r\n\t\t\tCONSULTAR DISPONIBILIDAD\t\t<\/a>\r\n\t\t<div class=\"loop-offer__content\">\r\n\t\t<h6 class=\"loop-offer__title a-up\">Unforgettable Holiday<\/h6>\r\n\t\t\t\t\t<p class=\"loop-offer__excerpt a-up a-delay-1\">No pierda la oportunidad de vivir la \u00e9poca m\u00e1s maravillosa del a\u00f1o en el para\u00edso: reserve ahora nuestra oferta de temporada para hacer realidad todos sus deseos navide\u00f1os.<\/p>\r\n\t\t\t\t\t\t\t<a href=\"https:\/\/www.waldorfastorialoscabospedregal.com\/es\/ofertas-exclusivas\/oferta-vacacional-inolvidable\/\" class=\"btn loop-offer__link a-up a-delay-2\">Ver m\u00e1s<\/a>\r\n\t\t\t<\/div>\r\n<\/article>        <\/div>\r\n                <div class=\"offers-grid__cta\">\r\n            <button class=\"btn btn--accent\" id=\"load-more-offers\" data-page=\"1\">Ver m\u00e1s<\/button>\r\n        <\/div>\r\n            <\/div>\r\n<\/section>\n\n<section id=\"responsive-spacer-block_c84a27e1d4416aa14115ef859a106e47\" class=\"responsive-spacer\">\r\n<\/section>\r\n<style>\r\n    #responsive-spacer-block_c84a27e1d4416aa14115ef859a106e47 {\r\n        width: 100%;\r\n    }\r\n        #responsive-spacer-block_c84a27e1d4416aa14115ef859a106e47 {\r\n        height: 125px;\r\n    }\r\n                @media (min-width: 769px) {\r\n            #responsive-spacer-block_c84a27e1d4416aa14115ef859a106e47 {\r\n                height: 100px;\r\n            }\r\n        }\r\n                @media (min-width: 1201px) {\r\n            #responsive-spacer-block_c84a27e1d4416aa14115ef859a106e47 {\r\n                height: 100px;\r\n            }\r\n        }\r\n    <\/style>","protected":false},"excerpt":{"rendered":"","protected":false},"author":1,"featured_media":0,"parent":0,"menu_order":0,"comment_status":"closed","ping_status":"closed","template":"","meta":{"_acf_changed":false,"inline_featured_image":false,"footnotes":""},"categories":[],"class_list":["post-2748","page","type-page","status-publish","hentry"],"acf":[],"featured_image_src":null,"featured_image_src_square":null,"_links":{"self":[{"href":"https:\/\/www.waldorfastorialoscabospedregal.com\/es\/wp-json\/wp\/v2\/pages\/2748","targetHints":{"allow":["GET"]}}],"collection":[{"href":"https:\/\/www.waldorfastorialoscabospedregal.com\/es\/wp-json\/wp\/v2\/pages"}],"about":[{"href":"https:\/\/www.waldorfastorialoscabospedregal.com\/es\/wp-json\/wp\/v2\/types\/page"}],"author":[{"embeddable":true,"href":"https:\/\/www.waldorfastorialoscabospedregal.com\/es\/wp-json\/wp\/v2\/users\/1"}],"replies":[{"embeddable":true,"href":"https:\/\/www.waldorfastorialoscabospedregal.com\/es\/wp-json\/wp\/v2\/comments?post=2748"}],"version-history":[{"count":12,"href":"https:\/\/www.waldorfastorialoscabospedregal.com\/es\/wp-json\/wp\/v2\/pages\/2748\/revisions"}],"predecessor-version":[{"id":95247,"href":"https:\/\/www.waldorfastorialoscabospedregal.com\/es\/wp-json\/wp\/v2\/pages\/2748\/revisions\/95247"}],"wp:attachment":[{"href":"https:\/\/www.waldorfastorialoscabospedregal.com\/es\/wp-json\/wp\/v2\/media?parent=2748"}],"wp:term":[{"taxonomy":"category","embeddable":true,"href":"https:\/\/www.waldorfastorialoscabospedregal.com\/es\/wp-json\/wp\/v2\/categories?post=2748"}],"curies":[{"name":"wp","href":"https:\/\/api.w.org\/{rel}","templated":true}]}}