{"id":4294,"date":"2021-12-17T15:05:19","date_gmt":"2021-12-17T15:05:19","guid":{"rendered":"https:\/\/www.waldorfastorialoscabospedregal.com\/?page_id=4294"},"modified":"2026-03-13T09:01:14","modified_gmt":"2026-03-13T09:01:14","slug":"almarte","status":"publish","type":"page","link":"https:\/\/www.waldorfastorialoscabospedregal.com\/es\/almarte\/","title":{"rendered":"Almarte"},"content":{"rendered":"<section id=\"cover\" class=\"general-hero general-hero--dark\">\r\n    <div class=\"home-hero\">\r\n                    <img data-src=\"https:\/\/cdn.waldorfastorialoscabospedregal.com\/wp-content\/uploads\/2022\/02\/14170155\/271831263_3135436686692014_263632030272602863_n.jpg\" alt=\"\" class=\"home-hero__bg lazyload\">\r\n            <\/div>\r\n    <div class=\"general-hero__content\">\r\n        <div class=\"general-hero__content--inner\">\r\n                            <div class=\"general-hero__text a-up\"><p>&nbsp;<\/p>\n<p>&nbsp;<\/p>\n<p>&nbsp;<\/p>\n<p>&nbsp;<\/p>\n<p>&nbsp;<\/p>\n<p>&nbsp;<\/p>\n<p>&nbsp;<\/p>\n<\/div>\r\n                    <\/div>\r\n    <\/div>\r\n<\/section>\r\n\r\n<style>\r\n    #cover .home-hero::after {\r\n        opacity: 1 !important;\r\n    }\r\n    #cover .general-hero__content {\r\n        margin-top: -30vh;\r\n    }\r\n<\/style>\n\n<section id=\"responsive-spacer-block_d3822c22762d6f77b4ec4f3e552dd8a7\" class=\"responsive-spacer\">\r\n<\/section>\r\n<style>\r\n    #responsive-spacer-block_d3822c22762d6f77b4ec4f3e552dd8a7 {\r\n        width: 100%;\r\n    }\r\n        #responsive-spacer-block_d3822c22762d6f77b4ec4f3e552dd8a7 {\r\n        height: 200px;\r\n    }\r\n                @media (min-width: 769px) {\r\n            #responsive-spacer-block_d3822c22762d6f77b4ec4f3e552dd8a7 {\r\n                height: 200px;\r\n            }\r\n        }\r\n                @media (min-width: 1201px) {\r\n            #responsive-spacer-block_d3822c22762d6f77b4ec4f3e552dd8a7 {\r\n                height: 200px;\r\n            }\r\n        }\r\n    <\/style>\n\n    <nav class=\"secondary-nav navigation-block\" id=\"navigation-block-block_f5938d2429eea8480567063f8c844bd7\">\r\n        <div class=\"secondary-nav__mobile\">\r\n            <select name=\"\" id=\"\" class=\"secondary-nav__select\">\r\n                                    <option value=\"#about\">\r\n                        Acerca de                    <\/option>\r\n                                    <option value=\"#Artist_in_Residence\">\r\n                        Colectivo de artistas                    <\/option>\r\n                                    <option value=\"#art-classes\">\r\n                        Clases de pintura                    <\/option>\r\n                                    <option value=\"#gallery\">\r\n                        Galer\u00eda                    <\/option>\r\n                            <\/select>\r\n        <\/div>\r\n        <ul class=\"secondary-nav__desktop\">\r\n                            <li class=\"secondary-nav__item\">\r\n                    <a href=\"#about\" class=\"scroll-link secondary-nav__link\">\r\n                        Acerca de                    <\/a>\r\n                <\/li>\r\n                            <li class=\"secondary-nav__item\">\r\n                    <a href=\"#Artist_in_Residence\" class=\"scroll-link secondary-nav__link\">\r\n                        Colectivo de artistas                    <\/a>\r\n                <\/li>\r\n                            <li class=\"secondary-nav__item\">\r\n                    <a href=\"#art-classes\" class=\"scroll-link secondary-nav__link\">\r\n                        Clases de pintura                    <\/a>\r\n                <\/li>\r\n                            <li class=\"secondary-nav__item\">\r\n                    <a href=\"#gallery\" class=\"scroll-link secondary-nav__link\">\r\n                        Galer\u00eda                    <\/a>\r\n                <\/li>\r\n                    <\/ul>\r\n    <\/nav>\r\n\n\n<section id=\"responsive-spacer-block_28a05dd1dad572a6e77157135d833cfa\" class=\"responsive-spacer\">\r\n<\/section>\r\n<style>\r\n    #responsive-spacer-block_28a05dd1dad572a6e77157135d833cfa {\r\n        width: 100%;\r\n    }\r\n        #responsive-spacer-block_28a05dd1dad572a6e77157135d833cfa {\r\n        height: 45px;\r\n    }\r\n                @media (min-width: 769px) {\r\n            #responsive-spacer-block_28a05dd1dad572a6e77157135d833cfa {\r\n                height: 90px;\r\n            }\r\n        }\r\n                @media (min-width: 1201px) {\r\n            #responsive-spacer-block_28a05dd1dad572a6e77157135d833cfa {\r\n                height: 120px;\r\n            }\r\n        }\r\n    <\/style>\n\n<section id=\"about\" class=\"custom-wysiwig a-up\">\r\n    <div class=\"container\">\r\n        <h1 style=\"text-align: center;\"><strong>AlmArte\u00a0<\/strong><\/h1>\n<h6 style=\"text-align: center;\"><b>Hecho a mano en todo M\u00e9xico<\/b><\/h6>\n<p>&nbsp;<\/p>\n<p>&nbsp;<\/p>\n<p style=\"text-align: center;\">Explore nuestra exclusiva boutique de regalos, que ofrece hermosas artesan\u00edas \u00fanicas hechas a mano por artesanos de todo M\u00e9xico. Desde ic\u00f3nicos corazones de vidrio soplado hasta piezas seleccionadas de Guadalajara, nuestra colecci\u00f3n cambia constantemente, presentando dise\u00f1adores codiciados y artesanos regionales incre\u00edblemente dif\u00edciles de encontrar.<\/p>\n<p>&nbsp;<\/p>\n<p style=\"text-align: center;\"><span class=\"OYPEnA font-feature-liga-off font-feature-clig-off font-feature-calt-off text-decoration-none text-strikethrough-none\">Cada art\u00edculo cuenta una historia, reflejando el rico patrimonio cultural y la vibrante artesan\u00eda de su creador. Ya sea que est\u00e9 buscando un regalo especial o un nuevo tesoro para su hogar, encontrar\u00e1 algo que le hable al coraz\u00f3n y al alma. Almarte Boutique siempre est\u00e1 a su disposici\u00f3n para compartir las fascinantes historias detr\u00e1s de cada pieza y para ayudarle a encontrar la combinaci\u00f3n perfecta. Vis\u00edtenos y experimente la magia de la artesan\u00eda mexicana, donde la tradici\u00f3n se une a la innovaci\u00f3n de las maneras m\u00e1s encantadoras.<\/span><\/p>\n<p>&nbsp;<\/p>\n<p>&nbsp;<\/p>\n<p>&nbsp;<\/p>\n<p style=\"text-align: center;\"><a  href=\"mailto:georgina.garcia@waldorfastoria.com\" \r\n                    class=\"btn btn--accent scroll-link\" \r\n                    target=\"\" >CONT\u00c1CTANOS <\/a>\u00a0 \u00a0<a href=\"https:\/\/instagram.com\/almarteboutique\" class=\"btn btn--accent scroll-link\" target=\"\" rel=\"noopener\">S\u00edguenos en Ig<\/a><\/p>\n<p>&nbsp;<\/p>\n<p>&nbsp;<\/p>\n    <\/div>\r\n<\/section>\r\n<style>\r\n            #about h1 {\r\n            color: #2f2f2f;\r\n        }\r\n                #about h2 {\r\n            color: #2f2f2f;\r\n        }\r\n                #about h3 {\r\n            color: #2f2f2f;\r\n        }\r\n                #about h4 {\r\n            color: #2f2f2f;\r\n        }\r\n                #about h5 {\r\n            color: #2F2F2F;\r\n        }\r\n                #about h6 {\r\n            color: #2f2f2f;\r\n        }\r\n                #about p {\r\n            color: #000000;\r\n        }\r\n                #about a:not(.btn, .link, .cta) {\r\n            color: #000000;\r\n        }\r\n    <\/style>\n\n<section id=\"responsive-spacer-block_364b54b20f4fa15aa97aebefbf1d1201\" class=\"responsive-spacer\">\r\n<\/section>\r\n<style>\r\n    #responsive-spacer-block_364b54b20f4fa15aa97aebefbf1d1201 {\r\n        width: 100%;\r\n    }\r\n        #responsive-spacer-block_364b54b20f4fa15aa97aebefbf1d1201 {\r\n        height: 45px;\r\n    }\r\n                @media (min-width: 769px) {\r\n            #responsive-spacer-block_364b54b20f4fa15aa97aebefbf1d1201 {\r\n                height: 45px;\r\n            }\r\n        }\r\n                @media (min-width: 1201px) {\r\n            #responsive-spacer-block_364b54b20f4fa15aa97aebefbf1d1201 {\r\n                height: 45px;\r\n            }\r\n        }\r\n    <\/style>\n\n<section id=\"gallery\" class=\"slider\">\r\n    <div class=\"container\">\r\n        <div class=\"slides slides-images\">\r\n                            <div class=\"slide\">\r\n                    <div class=\"slide-img\">\r\n                                                    <a href=\"https:\/\/cdn.waldorfastorialoscabospedregal.com\/wp-content\/uploads\/2024\/08\/14162125\/Ariosto-Rivera-by-Mkt-ideas1317-e1723488319702.jpeg\" data-fancybox=\"gallery\" rel=\"gallery\" data-caption=\"\">\r\n                                <img class=\"lazyload\" data-src=\"https:\/\/cdn.waldorfastorialoscabospedregal.com\/wp-content\/uploads\/2024\/08\/14162125\/Ariosto-Rivera-by-Mkt-ideas1317-e1723488319702-1209x665.jpeg\" alt=\"Ariosto Rivera por Mkt ideas1317\">\r\n                            <\/a>\r\n                                                                    <\/div>\r\n                <\/div>\r\n                            <div class=\"slide\">\r\n                    <div class=\"slide-img\">\r\n                                                    <a href=\"https:\/\/cdn.waldorfastorialoscabospedregal.com\/wp-content\/uploads\/2024\/08\/14162144\/Ariosto-Rivera-at-Memorial-Day-Weekend-by-Studio-Caribe4DSC00140.jpg\" data-fancybox=\"gallery\" rel=\"gallery\" data-caption=\"\">\r\n                                <img class=\"lazyload\" data-src=\"https:\/\/cdn.waldorfastorialoscabospedregal.com\/wp-content\/uploads\/2024\/08\/14162144\/Ariosto-Rivera-at-Memorial-Day-Weekend-by-Studio-Caribe4DSC00140-1024x665.jpg\" alt=\"Ariosto Rivera en el fin de semana del D\u00eda de los Ca\u00eddos por Studio Caribe4DSC00140\">\r\n                            <\/a>\r\n                                                                    <\/div>\r\n                <\/div>\r\n                            <div class=\"slide\">\r\n                    <div class=\"slide-img\">\r\n                                                    <a href=\"https:\/\/cdn.waldorfastorialoscabospedregal.com\/wp-content\/uploads\/2024\/08\/14162210\/WA_StudioCaribe_-DSC02532.jpeg\" data-fancybox=\"gallery\" rel=\"gallery\" data-caption=\"\">\r\n                                <img class=\"lazyload\" data-src=\"https:\/\/cdn.waldorfastorialoscabospedregal.com\/wp-content\/uploads\/2024\/08\/14162210\/WA_StudioCaribe_-DSC02532-1209x665.jpeg\" alt=\"WA StudioCaribe DSC02532\">\r\n                            <\/a>\r\n                                                                    <\/div>\r\n                <\/div>\r\n                            <div class=\"slide\">\r\n                    <div class=\"slide-img\">\r\n                                                    <a href=\"https:\/\/cdn.waldorfastorialoscabospedregal.com\/wp-content\/uploads\/2024\/08\/14162205\/Enrique-Garcia-Almarte-Plata-by-Studio-Eminence-13.jpg\" data-fancybox=\"gallery\" rel=\"gallery\" data-caption=\"\">\r\n                                <img class=\"lazyload\" data-src=\"https:\/\/cdn.waldorfastorialoscabospedregal.com\/wp-content\/uploads\/2024\/08\/14162205\/Enrique-Garcia-Almarte-Plata-by-Studio-Eminence-13.jpg\" alt=\"Enrique Garcia Almarte Plata por Studio Eminence (13)\">\r\n                            <\/a>\r\n                                                                    <\/div>\r\n                <\/div>\r\n                            <div class=\"slide\">\r\n                    <div class=\"slide-img\">\r\n                                                    <a href=\"https:\/\/cdn.waldorfastorialoscabospedregal.com\/wp-content\/uploads\/2024\/08\/14162155\/Corazon-playero-x-almarte-by-Gary-Blake-31.jpeg\" data-fancybox=\"gallery\" rel=\"gallery\" data-caption=\"\">\r\n                                <img class=\"lazyload\" data-src=\"https:\/\/cdn.waldorfastorialoscabospedregal.com\/wp-content\/uploads\/2024\/08\/14162155\/Corazon-playero-x-almarte-by-Gary-Blake-31-1209x665.jpeg\" alt=\"Coraz\u00f3n playero x Almarte de Gary Blake 31\">\r\n                            <\/a>\r\n                                                                    <\/div>\r\n                <\/div>\r\n                            <div class=\"slide\">\r\n                    <div class=\"slide-img\">\r\n                                                    <a href=\"https:\/\/cdn.waldorfastorialoscabospedregal.com\/wp-content\/uploads\/2025\/11\/18151831\/Bikini-Almarte-7.webp\" data-fancybox=\"gallery\" rel=\"gallery\" data-caption=\"\">\r\n                                <img class=\"lazyload\" data-src=\"https:\/\/cdn.waldorfastorialoscabospedregal.com\/wp-content\/uploads\/2025\/11\/18151831\/Bikini-Almarte-7.webp\" alt=\"Mesa redonda con bikini rosa, bolso de mano, sandalias, bufanda y gafas de sol en un entorno veraniego iluminado por el sol.\">\r\n                            <\/a>\r\n                                                                    <\/div>\r\n                <\/div>\r\n                    <\/div>\r\n        <div class=\"slides slides-contents\">\r\n                            <div class=\"slide\">\r\n                    <div class=\"slide-content\">\r\n                                                                    <\/div>\r\n                <\/div>\r\n                            <div class=\"slide\">\r\n                    <div class=\"slide-content\">\r\n                                                                    <\/div>\r\n                <\/div>\r\n                            <div class=\"slide\">\r\n                    <div class=\"slide-content\">\r\n                                                                    <\/div>\r\n                <\/div>\r\n                            <div class=\"slide\">\r\n                    <div class=\"slide-content\">\r\n                                                                    <\/div>\r\n                <\/div>\r\n                            <div class=\"slide\">\r\n                    <div class=\"slide-content\">\r\n                                                                    <\/div>\r\n                <\/div>\r\n                            <div class=\"slide\">\r\n                    <div class=\"slide-content\">\r\n                                                                    <\/div>\r\n                <\/div>\r\n                    <\/div>\r\n    <\/div>\r\n<\/section>\r\n\n\n<section id=\"responsive-spacer-block_28a05dd1dad572a6e77157135d833cfa\" class=\"responsive-spacer\">\r\n<\/section>\r\n<style>\r\n    #responsive-spacer-block_28a05dd1dad572a6e77157135d833cfa {\r\n        width: 100%;\r\n    }\r\n        #responsive-spacer-block_28a05dd1dad572a6e77157135d833cfa {\r\n        height: 45px;\r\n    }\r\n                @media (min-width: 769px) {\r\n            #responsive-spacer-block_28a05dd1dad572a6e77157135d833cfa {\r\n                height: 90px;\r\n            }\r\n        }\r\n                @media (min-width: 1201px) {\r\n            #responsive-spacer-block_28a05dd1dad572a6e77157135d833cfa {\r\n                height: 120px;\r\n            }\r\n        }\r\n    <\/style>\n\n<div id=\"art-classes\" class=\"hover-section title-text-inline\">\n    <div class=\"container\">\n        <div class=\"title-text-inline__inner two-col-content\">\n                            <h2 class=\"title-text-inline__heading a-up\">Clases de pintura<\/h2>\n                                        <div class=\"title-text-inline__content a-up a-delay-1\"><h6>Libera tu creatividad<\/h6>\n<p>&nbsp;<\/p>\n<p style=\"text-align: left;\">Disponibles los s\u00e1bados y con reserva previa, las clases son sesiones inmersivas exclusivas dirigidas por nuestra experta curadora y Gerente, Georgina Garc\u00eda; al explorar diversas t\u00e9cnicas art\u00edsticas, los invitados descubren la alegr\u00eda de crear sus obras maestras bajo la gu\u00eda de una verdadera experta. Ya sea que busque despertar su creatividad o disfrutar de una experiencia cultural \u00fanica, el profundo conocimiento y la pasi\u00f3n de Georgina por el arte hacen de cada clase un viaje fascinante al coraz\u00f3n de la artesan\u00eda.<\/p>\n<\/div>\n                    <\/div>\n\n    <\/div>\n<\/div>\n\n<section id=\"responsive-spacer-block_364b54b20f4fa15aa97aebefbf1d1201\" class=\"responsive-spacer\">\r\n<\/section>\r\n<style>\r\n    #responsive-spacer-block_364b54b20f4fa15aa97aebefbf1d1201 {\r\n        width: 100%;\r\n    }\r\n        #responsive-spacer-block_364b54b20f4fa15aa97aebefbf1d1201 {\r\n        height: 45px;\r\n    }\r\n                @media (min-width: 769px) {\r\n            #responsive-spacer-block_364b54b20f4fa15aa97aebefbf1d1201 {\r\n                height: 45px;\r\n            }\r\n        }\r\n                @media (min-width: 1201px) {\r\n            #responsive-spacer-block_364b54b20f4fa15aa97aebefbf1d1201 {\r\n                height: 45px;\r\n            }\r\n        }\r\n    <\/style>\n\n<section id=\"CTA art classes\" class=\"custom-wysiwig a-up\">\r\n    <div class=\"container\">\r\n        <p>&nbsp;<\/p>\n<p style=\"text-align: center;\"><a  href=\"mailto:LosCabos.PersonalConcierge@waldorfastoria.com\" \r\n                    class=\"btn btn--accent scroll-link\" \r\n                    target=\"\" >Reserva tu clase<\/a><\/p>\n<p>&nbsp;<\/p>\n<p>&nbsp;<\/p>\n    <\/div>\r\n<\/section>\r\n<style>\r\n            #CTA art classes h1 {\r\n            color: #2f2f2f;\r\n        }\r\n                #CTA art classes h2 {\r\n            color: #2f2f2f;\r\n        }\r\n                #CTA art classes h3 {\r\n            color: #2f2f2f;\r\n        }\r\n                #CTA art classes h4 {\r\n            color: #2f2f2f;\r\n        }\r\n                #CTA art classes h5 {\r\n            color: #2F2F2F;\r\n        }\r\n                #CTA art classes h6 {\r\n            color: #2f2f2f;\r\n        }\r\n                #CTA art classes p {\r\n            color: #000000;\r\n        }\r\n                #CTA art classes a:not(.btn, .link, .cta) {\r\n            color: #000000;\r\n        }\r\n    <\/style>\n\n<section id=\"responsive-spacer-block_01a1b139e085d78177c8f818c8204d7e\" class=\"responsive-spacer\">\r\n<\/section>\r\n<style>\r\n    #responsive-spacer-block_01a1b139e085d78177c8f818c8204d7e {\r\n        width: 100%;\r\n    }\r\n        #responsive-spacer-block_01a1b139e085d78177c8f818c8204d7e {\r\n        height: 150px;\r\n    }\r\n                @media (min-width: 769px) {\r\n            #responsive-spacer-block_01a1b139e085d78177c8f818c8204d7e {\r\n                height: 140px;\r\n            }\r\n        }\r\n                @media (min-width: 1201px) {\r\n            #responsive-spacer-block_01a1b139e085d78177c8f818c8204d7e {\r\n                height: 130px;\r\n            }\r\n        }\r\n    <\/style>\n\n<section id=\"Artist_in_Residence\" class=\"media-content media-content--original media-content--left no-padding text-center\">\r\n    <div class=\"container\">\r\n                    <div class=\"media-content__media\">\r\n                                    <div class=\"img-a\">\r\n        <div class=\"img-a-img\">\r\n            <img class=\"lazyload\" data-src=\"https:\/\/cdn.waldorfastorialoscabospedregal.com\/wp-content\/uploads\/2024\/08\/14014839\/GaleriadeArte-20.jpg\" alt=\"\">\r\n        <\/div>\r\n    <\/div>\r\n                            <\/div>\r\n                <div class=\"media-content__content\">\r\n                            <h2 class=\"media-content__title a-up\">El Colectivo Art\u00edstico<\/h2>\r\n                                        <div class=\"media-content__text a-up a-delay-1\" style=\"margin-bottom: 1vw;\" >\r\n                    <h6>Cr\u00f3nicas de Arte Boutique AlmArte<\/h6>\n<p>&nbsp;<\/p>\n<p>Sum\u00e9rgete en un mundo de creatividad curada en nuestra galer\u00eda exclusiva, donde el arte est\u00e1 en constante evoluci\u00f3n. Con una colecci\u00f3n rotativa de obras de artistas locales, cada exposici\u00f3n ofrece una oportunidad \u00fanica para experimentar las diversas expresiones de talento. Con piezas cuidadosamente seleccionadas en exhibici\u00f3n y una disponibilidad que cambia con la visi\u00f3n de cada artista, esta galer\u00eda te invita a descubrir algo nuevo e inspirador en cada visita. Ya seas un aficionado al arte o un observador curioso, nuestra galer\u00eda promete un viaje inolvidable a trav\u00e9s del vibrante mundo del arte contempor\u00e1neo.<\/p>\n<p>&nbsp;<\/p>\n<a  href=\"mailto:sjdwa.pc.team@waldorfastoria.com\" \r\n                    class=\"btn btn--accent scroll-link\" \r\n                    target=\"\" >Preguntar por detalles<\/a>\n                <\/div>\r\n                                            <\/div>\r\n    <\/div>\r\n<\/section>\n\n<section id=\"responsive-spacer-block_01d6974e48619b84771ca37bca706aa5\" class=\"responsive-spacer\">\r\n<\/section>\r\n<style>\r\n    #responsive-spacer-block_01d6974e48619b84771ca37bca706aa5 {\r\n        width: 100%;\r\n    }\r\n        #responsive-spacer-block_01d6974e48619b84771ca37bca706aa5 {\r\n        height: 50px;\r\n    }\r\n                @media (min-width: 769px) {\r\n            #responsive-spacer-block_01d6974e48619b84771ca37bca706aa5 {\r\n                height: 100px;\r\n            }\r\n        }\r\n                @media (min-width: 1201px) {\r\n            #responsive-spacer-block_01d6974e48619b84771ca37bca706aa5 {\r\n                height: 200px;\r\n            }\r\n        }\r\n    <\/style>\n\n<section id=\"custom-blockquote-block_3aaab094a7ecf56b6852b086a09f42c8\" class=\"custom-blockquote has-media\">\r\n    <div class=\"container\">\r\n                <div class=\"custom-blockquote__image\">\r\n                <div class=\"img-a\">\r\n        <div class=\"img-a-img\">\r\n            <img class=\"lazyload\" data-src=\"https:\/\/cdn.waldorfastorialoscabospedregal.com\/wp-content\/uploads\/2022\/07\/14023727\/WALifestyle-Almarte-StudioCaribeWEB-2.jpg\" alt=\"\">\r\n        <\/div>\r\n    <\/div>\r\n        <\/div>\r\n                <div class=\"custom-blockquote__content\">\r\n                            <h2 class=\"custom-blockquote__text a-up\">LL\u00c9VATE UN PEDAZO DE M\u00c9XICO CONTIGO<\/h2>\r\n                                            <\/div>\r\n    <\/div>\r\n<\/section>\n\n<section id=\"responsive-spacer-block_10d0c37e21a880db2c95a8c05d876209\" class=\"responsive-spacer\">\r\n<\/section>\r\n<style>\r\n    #responsive-spacer-block_10d0c37e21a880db2c95a8c05d876209 {\r\n        width: 100%;\r\n    }\r\n        #responsive-spacer-block_10d0c37e21a880db2c95a8c05d876209 {\r\n        height: 150px;\r\n    }\r\n                @media (min-width: 769px) {\r\n            #responsive-spacer-block_10d0c37e21a880db2c95a8c05d876209 {\r\n                height: 140px;\r\n            }\r\n        }\r\n                @media (min-width: 1201px) {\r\n            #responsive-spacer-block_10d0c37e21a880db2c95a8c05d876209 {\r\n                height: 130px;\r\n            }\r\n        }\r\n    <\/style>","protected":false},"excerpt":{"rendered":"","protected":false},"author":2,"featured_media":0,"parent":0,"menu_order":0,"comment_status":"closed","ping_status":"closed","template":"","meta":{"_acf_changed":false,"inline_featured_image":false,"footnotes":""},"categories":[],"class_list":["post-4294","page","type-page","status-publish","hentry"],"acf":[],"featured_image_src":null,"featured_image_src_square":null,"_links":{"self":[{"href":"https:\/\/www.waldorfastorialoscabospedregal.com\/es\/wp-json\/wp\/v2\/pages\/4294","targetHints":{"allow":["GET"]}}],"collection":[{"href":"https:\/\/www.waldorfastorialoscabospedregal.com\/es\/wp-json\/wp\/v2\/pages"}],"about":[{"href":"https:\/\/www.waldorfastorialoscabospedregal.com\/es\/wp-json\/wp\/v2\/types\/page"}],"author":[{"embeddable":true,"href":"https:\/\/www.waldorfastorialoscabospedregal.com\/es\/wp-json\/wp\/v2\/users\/2"}],"replies":[{"embeddable":true,"href":"https:\/\/www.waldorfastorialoscabospedregal.com\/es\/wp-json\/wp\/v2\/comments?post=4294"}],"version-history":[{"count":30,"href":"https:\/\/www.waldorfastorialoscabospedregal.com\/es\/wp-json\/wp\/v2\/pages\/4294\/revisions"}],"predecessor-version":[{"id":94949,"href":"https:\/\/www.waldorfastorialoscabospedregal.com\/es\/wp-json\/wp\/v2\/pages\/4294\/revisions\/94949"}],"wp:attachment":[{"href":"https:\/\/www.waldorfastorialoscabospedregal.com\/es\/wp-json\/wp\/v2\/media?parent=4294"}],"wp:term":[{"taxonomy":"category","embeddable":true,"href":"https:\/\/www.waldorfastorialoscabospedregal.com\/es\/wp-json\/wp\/v2\/categories?post=4294"}],"curies":[{"name":"wp","href":"https:\/\/api.w.org\/{rel}","templated":true}]}}