{"id":4668,"date":"2022-01-07T09:29:31","date_gmt":"2022-01-07T09:29:31","guid":{"rendered":"https:\/\/www.waldorfastorialoscabospedregal.com\/?page_id=4668"},"modified":"2024-06-20T16:36:24","modified_gmt":"2024-06-20T16:36:24","slug":"seguridad-sanitaria","status":"publish","type":"page","link":"https:\/\/www.waldorfastorialoscabospedregal.com\/es\/seguridad-sanitaria\/","title":{"rendered":"Salud y seguridad"},"content":{"rendered":"<section id=\"general-hero-block_294ccd182c22a71b18db2135e0acc286\" class=\"general-hero general-hero--light\">\r\n    <div class=\"home-hero\">\r\n                    <img data-src=\"https:\/\/cdn.waldorfastorialoscabospedregal.com\/wp-content\/uploads\/2022\/01\/14171533\/beac-Aleks-Danielle-Photography-web-res-3.jpg\" alt=\"\" class=\"home-hero__bg lazyload\">\r\n            <\/div>\r\n    <div class=\"general-hero__content\">\r\n        <div class=\"general-hero__content--inner\">\r\n                            <div class=\"general-hero__text a-up\"><h1 style=\"text-align: center;\"><strong>Salud y seguridad<\/strong><\/h1>\n<\/div>\r\n                    <\/div>\r\n    <\/div>\r\n<\/section>\r\n\r\n<style>\r\n    #general-hero-block_294ccd182c22a71b18db2135e0acc286 .home-hero::after {\r\n        opacity: 1 !important;\r\n    }\r\n    #general-hero-block_294ccd182c22a71b18db2135e0acc286 .general-hero__content {\r\n        margin-top: -20vh;\r\n    }\r\n<\/style>\n\n<section id=\"responsive-spacer-block_aa3f87c6606c3a134d431b58219283ac\" class=\"responsive-spacer\">\r\n<\/section>\r\n<style>\r\n    #responsive-spacer-block_aa3f87c6606c3a134d431b58219283ac {\r\n        width: 100%;\r\n    }\r\n        #responsive-spacer-block_aa3f87c6606c3a134d431b58219283ac {\r\n        height: 200px;\r\n    }\r\n                @media (min-width: 769px) {\r\n            #responsive-spacer-block_aa3f87c6606c3a134d431b58219283ac {\r\n                height: 200px;\r\n            }\r\n        }\r\n                @media (min-width: 1201px) {\r\n            #responsive-spacer-block_aa3f87c6606c3a134d431b58219283ac {\r\n                height: 200px;\r\n            }\r\n        }\r\n    <\/style>\n\n<section id=\"custom-wysiwig-block_fdb8a920355c3d57af396c5411f4c5df\" class=\"custom-wysiwig a-up\">\r\n    <div class=\"container\">\r\n        <h5 style=\"text-align: center;\"><strong>PROTOCOLOS DE SALUD Y SEGURIDAD<\/strong><\/h5>\n<p style=\"text-align: center;\"><span style=\"font-weight: 400;\">En el entorno actual, nos entusiasma seguir ofreci\u00e9ndole un servicio excepcional y Recuerdos Inolvidables, con el sello del lujo personalizado.\nGracias a nuestros protocolos reforzados de limpieza y desinfecci\u00f3n, nuestros hu\u00e9spedes podr\u00e1n disfrutar de una ubicaci\u00f3n privilegiada, amplias \u00e1reas comunes al aire libre, restaurantes abiertos al cielo, y espaciosas residencias de lujo, cada una con su propia terraza privada al exterior y piscina de inmersi\u00f3n.<\/span><\/p>\n<p>&nbsp;<\/p>\n<p style=\"text-align: center;\"><span style=\"font-weight: 400;\">Cuidar de la seguridad y el bienestar de nuestros hu\u00e9spedes es una prioridad absoluta, y nos comprometemos a mantener los m\u00e1s altos niveles de limpieza para garantizar que nuestros compa\u00f1eros y hu\u00e9spedes disfruten de un entorno sano, seguro y confortable.<\/span><\/p>\n<p style=\"text-align: center;\"><span style=\"font-weight: 400;\">\u00a0<\/span><\/p>\n<p style=\"text-align: center;\"><span style=\"font-weight: 400;\">Nuestros esfuerzos est\u00e1n alineados con Hilton CleanStay, un programa que ofrece un est\u00e1ndar de limpieza y desinfecci\u00f3n l\u00edder en la industria en las propiedades Hilton de todo el mundo.  Junto con RB, fabricante de Lysol y Dettol, se han desarrollado procesos mejorados y de formaci\u00f3n para los miembros del equipo con el fin de ayudar a los hu\u00e9spedes del Waldorf Astoria Los Cabos Pedregal a disfrutar de una estancia a\u00fan m\u00e1s limpia y segura desde la llegada hasta la salida.<\/span><\/p>\n    <\/div>\r\n<\/section>\r\n<style>\r\n            #custom-wysiwig-block_fdb8a920355c3d57af396c5411f4c5df h1 {\r\n            color: #2f2f2f;\r\n        }\r\n                #custom-wysiwig-block_fdb8a920355c3d57af396c5411f4c5df h2 {\r\n            color: #2f2f2f;\r\n        }\r\n                #custom-wysiwig-block_fdb8a920355c3d57af396c5411f4c5df h3 {\r\n            color: #2f2f2f;\r\n        }\r\n                #custom-wysiwig-block_fdb8a920355c3d57af396c5411f4c5df h4 {\r\n            color: #2f2f2f;\r\n        }\r\n                #custom-wysiwig-block_fdb8a920355c3d57af396c5411f4c5df h5 {\r\n            color: #2F2F2F;\r\n        }\r\n                #custom-wysiwig-block_fdb8a920355c3d57af396c5411f4c5df h6 {\r\n            color: #2f2f2f;\r\n        }\r\n                #custom-wysiwig-block_fdb8a920355c3d57af396c5411f4c5df p {\r\n            color: #000000;\r\n        }\r\n                #custom-wysiwig-block_fdb8a920355c3d57af396c5411f4c5df a:not(.btn, .link, .cta) {\r\n            color: #000000;\r\n        }\r\n    <\/style>\n\n<section id=\"responsive-spacer-block_787c45e42c61ca2ce907f9f0f86bd5ec\" class=\"responsive-spacer\">\r\n<\/section>\r\n<style>\r\n    #responsive-spacer-block_787c45e42c61ca2ce907f9f0f86bd5ec {\r\n        width: 100%;\r\n    }\r\n        #responsive-spacer-block_787c45e42c61ca2ce907f9f0f86bd5ec {\r\n        height: 70px;\r\n    }\r\n                @media (min-width: 769px) {\r\n            #responsive-spacer-block_787c45e42c61ca2ce907f9f0f86bd5ec {\r\n                height: 80px;\r\n            }\r\n        }\r\n                @media (min-width: 1201px) {\r\n            #responsive-spacer-block_787c45e42c61ca2ce907f9f0f86bd5ec {\r\n                height: 90px;\r\n            }\r\n        }\r\n    <\/style>\n\n<section id=\"responsive-spacer-block_787c45e42c61ca2ce907f9f0f86bd5ec\" class=\"responsive-spacer\">\r\n<\/section>\r\n<style>\r\n    #responsive-spacer-block_787c45e42c61ca2ce907f9f0f86bd5ec {\r\n        width: 100%;\r\n    }\r\n        #responsive-spacer-block_787c45e42c61ca2ce907f9f0f86bd5ec {\r\n        height: 70px;\r\n    }\r\n                @media (min-width: 769px) {\r\n            #responsive-spacer-block_787c45e42c61ca2ce907f9f0f86bd5ec {\r\n                height: 80px;\r\n            }\r\n        }\r\n                @media (min-width: 1201px) {\r\n            #responsive-spacer-block_787c45e42c61ca2ce907f9f0f86bd5ec {\r\n                height: 90px;\r\n            }\r\n        }\r\n    <\/style>","protected":false},"excerpt":{"rendered":"","protected":false},"author":5,"featured_media":0,"parent":0,"menu_order":0,"comment_status":"closed","ping_status":"closed","template":"","meta":{"_acf_changed":false,"inline_featured_image":false,"footnotes":""},"categories":[],"class_list":["post-4668","page","type-page","status-publish","hentry"],"acf":[],"featured_image_src":null,"featured_image_src_square":null,"_links":{"self":[{"href":"https:\/\/www.waldorfastorialoscabospedregal.com\/es\/wp-json\/wp\/v2\/pages\/4668","targetHints":{"allow":["GET"]}}],"collection":[{"href":"https:\/\/www.waldorfastorialoscabospedregal.com\/es\/wp-json\/wp\/v2\/pages"}],"about":[{"href":"https:\/\/www.waldorfastorialoscabospedregal.com\/es\/wp-json\/wp\/v2\/types\/page"}],"author":[{"embeddable":true,"href":"https:\/\/www.waldorfastorialoscabospedregal.com\/es\/wp-json\/wp\/v2\/users\/5"}],"replies":[{"embeddable":true,"href":"https:\/\/www.waldorfastorialoscabospedregal.com\/es\/wp-json\/wp\/v2\/comments?post=4668"}],"version-history":[{"count":124,"href":"https:\/\/www.waldorfastorialoscabospedregal.com\/es\/wp-json\/wp\/v2\/pages\/4668\/revisions"}],"predecessor-version":[{"id":85995,"href":"https:\/\/www.waldorfastorialoscabospedregal.com\/es\/wp-json\/wp\/v2\/pages\/4668\/revisions\/85995"}],"wp:attachment":[{"href":"https:\/\/www.waldorfastorialoscabospedregal.com\/es\/wp-json\/wp\/v2\/media?parent=4668"}],"wp:term":[{"taxonomy":"category","embeddable":true,"href":"https:\/\/www.waldorfastorialoscabospedregal.com\/es\/wp-json\/wp\/v2\/categories?post=4668"}],"curies":[{"name":"wp","href":"https:\/\/api.w.org\/{rel}","templated":true}]}}