{"id":6867,"date":"2022-03-23T23:19:31","date_gmt":"2022-03-23T23:19:31","guid":{"rendered":"https:\/\/www.waldorfastorialoscabospedregal.com\/?page_id=6867"},"modified":"2022-06-27T10:01:47","modified_gmt":"2022-06-27T10:01:47","slug":"una-carta-de-fernando","status":"publish","type":"page","link":"https:\/\/www.waldorfastorialoscabospedregal.com\/es\/una-carta-de-fernando\/","title":{"rendered":"Una carta de Fernando"},"content":{"rendered":"<section id=\"A letter from Fernando\" class=\"general-hero general-hero--dark\">\r\n    <div class=\"home-hero\">\r\n                    <img data-src=\"https:\/\/cdn.waldorfastorialoscabospedregal.com\/wp-content\/uploads\/2022\/03\/14024103\/Fernando-WAPedregal-JoeThomas-Spherical-2021-137.jpg\" alt=\"\" class=\"home-hero__bg lazyload\">\r\n            <\/div>\r\n    <div class=\"general-hero__content\">\r\n        <div class=\"general-hero__content--inner\">\r\n                    <\/div>\r\n    <\/div>\r\n<\/section>\r\n\r\n<style>\r\n    #A letter from Fernando .home-hero::after {\r\n        opacity: 1 !important;\r\n    }\r\n    #A letter from Fernando .general-hero__content {\r\n        margin-top: -20vh;\r\n    }\r\n<\/style>\n\n<section id=\"responsive-spacer-block_615c3b659630c\" class=\"responsive-spacer\">\r\n<\/section>\r\n<style>\r\n    #responsive-spacer-block_615c3b659630c {\r\n        width: 100%;\r\n    }\r\n        #responsive-spacer-block_615c3b659630c {\r\n        height: 93px;\r\n    }\r\n                @media (min-width: 769px) {\r\n            #responsive-spacer-block_615c3b659630c {\r\n                height: 110px;\r\n            }\r\n        }\r\n                @media (min-width: 1201px) {\r\n            #responsive-spacer-block_615c3b659630c {\r\n                height: 144px;\r\n            }\r\n        }\r\n    <\/style>\n\n<section id=\"A Letter from Fernando\" class=\"custom-wysiwig a-up\">\r\n    <div class=\"container\">\r\n        <h1 style=\"text-align: center;\">Una carta de Fernando<\/h1>\n<p>Me entusiasma volver a conectar con usted y compartir las numerosas mejoras en las que hemos estado trabajando en Waldorf Astoria Los Cabos Pedregal durante los \u00faltimos dos a\u00f1os. Nos sentimos honrados de continuar el Legado Pedregal a trav\u00e9s de la calidez y la luz de la hospitalidad que usted, nuestros leales hu\u00e9spedes, ha disfrutado a lo largo de los a\u00f1os. Durante la pandemia, hemos apoyado a nuestros miembros del equipo y todos estamos ansiosos por darle la bienvenida de regreso. Por sexto a\u00f1o consecutivo, hemos sido galardonados con el Premio Forbes 5 Estrellas Travel Guide para el resort y spa, un resultado de nuestro compromiso con el m\u00e1s alto nivel de servicio para usted. Adem\u00e1s, recientemente recibimos el Premio Connie por tener la puntuaci\u00f3n m\u00e1s alta de satisfacci\u00f3n del hu\u00e9sped para cualquier hotel dentro de la familia global de marcas Hilton. Todo esto se ve realzado por nuestro servicio de mayordomo mejorado. Cuando se hospede en una de nuestras habitaciones <a href=\"https:\/\/www.waldorfastorialoscabospedregal.com\/es\/habitaciones\/casitas\/\">Casitas<\/a>, <a href=\"https:\/\/www.waldorfastorialoscabospedregal.com\/es\/habitaciones\/villas\/\">Villas<\/a>, <a href=\"https:\/\/www.waldorfastorialoscabospedregal.com\/es\/habitaciones\/viviendas-particulares\/\">Casas Privadas<\/a>o <a href=\"https:\/\/www.waldorfastorialoscabospedregal.com\/es\/habitaciones\/frente-al-mar\/\">suites frente a la playa<\/a>, su experiencia se ver\u00e1 realzada por un servicio a medida de nuestros dedicados mayordomos, cuya \u00fanica misi\u00f3n es crear recuerdos inolvidables para usted y sus seres queridos.<\/p>\n<p>&nbsp;<\/p>\n<p>Al llegar, los invitados son recibidos por el nuevo\u00a0<a href=\"https:\/\/www.waldorfastorialoscabospedregal.com\/es\/culinario\/experiencia-agave\/\"><strong>Agave Study en Peacock Alley<\/strong><\/a>Esta experiencia sensorial se centra en la artesan\u00eda de los licores de agave originarios de M\u00e9xico. Arraigado en la tradici\u00f3n milenaria con un respeto ilimitado por la tierra, Agave Study invita a los hu\u00e9spedes a rendir homenaje a los proveedores mexicanos en una atm\u00f3sfera a la vez familiar y elevada. Completamente inmersos en degustaciones multisensoriales que maridan licores de agave hechos a mano con manjares locales, los hu\u00e9spedes experimentar\u00e1n un nuevo punto de referencia en Los Cabos, Pedregal. Nuestro Director de Bares y Experto en Agave del resort, David Hern\u00e1ndez, seleccion\u00f3 cuidadosamente los licores, la cer\u00e1mica y la cristaler\u00eda destacados a trav\u00e9s de su trabajo con los Maestros del proceso de destilaci\u00f3n en Oaxaca, MX, donde las profundas tradiciones culturales de estos licores cl\u00e1sicos est\u00e1n muy arraigadas.<\/p>\n<p>&nbsp;<\/p>\n<p>Tambi\u00e9n hemos ampliado nuestro compromiso con los productos de origen regional a trav\u00e9s del debut de\u00a0<strong><a href=\"https:\/\/www.waldorfastorialoscabospedregal.com\/es\/culinario\/cafe-neutro\/\">Laboratorio de caf\u00e9 NEUTRAL<\/a>,\u00a0<\/strong>Una experiencia de caf\u00e9 elevada. Con variedades de la Sierra Madre del Sur en Oaxaca y las monta\u00f1as al este de la regi\u00f3n de Guerrero, incluyendo un enfoque en las comunidades cafetaleras locales, los invitados pueden experimentar las ricas tradiciones culturales de aprender sobre los or\u00edgenes, m\u00e9todos y personas detr\u00e1s de los granos. El objetivo es llevar una cultura de caf\u00e9 intencional y bien elaborada a Los Cabos, que est\u00e9 en constante evoluci\u00f3n para mantenerse relevante con las tendencias actuales del caf\u00e9.<\/p>\n<p>&nbsp;<\/p>\n<p>Por \u00faltimo, el redise\u00f1o de\u00a0<a href=\"https:\/\/www.waldorfastorialoscabospedregal.com\/es\/culinario\/don-manuels\/\"><strong>Don Manuel's<\/strong><\/a>\u00a0proporciona a los hu\u00e9spedes una conexi\u00f3n m\u00e1s profunda con el destino, una extensa colecci\u00f3n de vinos desarrollada por el Director de Vinos, Jhonatan Adame Mejia, y el debut de\u00a0<strong><a href=\"https:\/\/www.waldorfastorialoscabospedregal.com\/es\/culinario\/travesia-en-su-cocina\/\">TRAVES\u00cdA\u00a0<\/a>en Su Cocina,\u00a0<\/strong>un men\u00fa degustaci\u00f3n de nueve tiempos. Reconociendo la popularidad del amado taco de M\u00e9xico, TRAVES\u00cdA celebra la historia, las tradiciones y los ricos ingredientes que han desarrollado el amor por este plato ic\u00f3nico. Ubicado en Su Cocina, esta obra maestra culinaria da la bienvenida a los comensales para que viajen a trav\u00e9s de perfiles de sabor \u00fanicos, creados y cultivados en M\u00e9xico. Desde la cocina costera de ostras y camarones azules, hasta favoritos de la granja a la mesa como la barbacoa de pierna de cordero y las mejillas de wagyu, los comensales de TRAVES\u00cdA est\u00e1n invitados a usar su paladar para explorar y descubrir los distintos paisajes de M\u00e9xico. Como su nombre lo indica, el esp\u00edritu de exploraci\u00f3n est\u00e1 en el coraz\u00f3n de TRAVES\u00cdA.<\/p>\n<p>&nbsp;<\/p>\n<p>Gracias por su infinita lealtad y apoyo. Mi equipo y yo lo invitamos a regresar para disfrutar de nuestras m\u00e1s recientes mejoras y vivir los recuerdos inolvidables que se crean en Waldorf Astoria Los Cabos Pedregal. Seguimos a su servicio, por favor cont\u00e1ctenos si podemos hacer que su estancia sea a\u00fan m\u00e1s placentera.<\/p>\n<p>\u00a1Esperamos verte!<\/p>\n<p>&nbsp;<\/p>\n<p><strong>Fernando Flores<\/strong><\/p>\n<p><strong>Director General<\/strong><\/p>\n<p><strong>Waldorf Astoria Los Cabos Pedregal<\/strong><\/p>\n<p>Fernando.Flores@waldorfastoria.com<\/p>\n<p>&nbsp;<\/p>\n    <\/div>\r\n<\/section>\r\n<style>\r\n            #A Letter from Fernando h1 {\r\n            color: #2f2f2f;\r\n        }\r\n                #A Letter from Fernando h2 {\r\n            color: #2f2f2f;\r\n        }\r\n                #A Letter from Fernando h3 {\r\n            color: #2f2f2f;\r\n        }\r\n                #A Letter from Fernando h4 {\r\n            color: #2f2f2f;\r\n        }\r\n                #A Letter from Fernando h5 {\r\n            color: #2F2F2F;\r\n        }\r\n                #A Letter from Fernando h6 {\r\n            color: #2f2f2f;\r\n        }\r\n                #A Letter from Fernando p {\r\n            color: #000000;\r\n        }\r\n                #A Letter from Fernando a:not(.btn, .link, .cta) {\r\n            color: #000000;\r\n        }\r\n    <\/style>","protected":false},"excerpt":{"rendered":"","protected":false},"author":3,"featured_media":0,"parent":0,"menu_order":0,"comment_status":"closed","ping_status":"closed","template":"","meta":{"_acf_changed":false,"inline_featured_image":false,"footnotes":""},"categories":[],"class_list":["post-6867","page","type-page","status-publish","hentry"],"acf":[],"featured_image_src":null,"featured_image_src_square":null,"_links":{"self":[{"href":"https:\/\/www.waldorfastorialoscabospedregal.com\/es\/wp-json\/wp\/v2\/pages\/6867","targetHints":{"allow":["GET"]}}],"collection":[{"href":"https:\/\/www.waldorfastorialoscabospedregal.com\/es\/wp-json\/wp\/v2\/pages"}],"about":[{"href":"https:\/\/www.waldorfastorialoscabospedregal.com\/es\/wp-json\/wp\/v2\/types\/page"}],"author":[{"embeddable":true,"href":"https:\/\/www.waldorfastorialoscabospedregal.com\/es\/wp-json\/wp\/v2\/users\/3"}],"replies":[{"embeddable":true,"href":"https:\/\/www.waldorfastorialoscabospedregal.com\/es\/wp-json\/wp\/v2\/comments?post=6867"}],"version-history":[{"count":23,"href":"https:\/\/www.waldorfastorialoscabospedregal.com\/es\/wp-json\/wp\/v2\/pages\/6867\/revisions"}],"predecessor-version":[{"id":8045,"href":"https:\/\/www.waldorfastorialoscabospedregal.com\/es\/wp-json\/wp\/v2\/pages\/6867\/revisions\/8045"}],"wp:attachment":[{"href":"https:\/\/www.waldorfastorialoscabospedregal.com\/es\/wp-json\/wp\/v2\/media?parent=6867"}],"wp:term":[{"taxonomy":"category","embeddable":true,"href":"https:\/\/www.waldorfastorialoscabospedregal.com\/es\/wp-json\/wp\/v2\/categories?post=6867"}],"curies":[{"name":"wp","href":"https:\/\/api.w.org\/{rel}","templated":true}]}}