{"id":78781,"date":"2023-05-20T00:38:56","date_gmt":"2023-05-20T00:38:56","guid":{"rendered":"https:\/\/www.waldorfastorialoscabospedregal.com\/?page_id=78781"},"modified":"2024-01-25T19:52:23","modified_gmt":"2024-01-25T19:52:23","slug":"fin-de-semana-global-de-bienestar","status":"publish","type":"page","link":"https:\/\/www.waldorfastorialoscabospedregal.com\/es\/fin-de-semana-global-de-bienestar\/","title":{"rendered":"Fin de semana de bienestar global"},"content":{"rendered":"<section id=\"general-hero-block_a8caac6a2be1a7b91b7153d643ee71b7\" class=\"general-hero general-hero--light\">\r\n    <div class=\"home-hero\">\r\n                    <img data-src=\"\" alt=\"\" class=\"home-hero__bg lazyload\">\r\n            <\/div>\r\n    <div class=\"general-hero__content\">\r\n        <div class=\"general-hero__content--inner\">\r\n                            <div class=\"general-hero__text a-up\"><h1><b>Fin de semana de bienestar global<\/b><\/h1>\n<h6>\u00a0En Waldorf Astoria Los Cabos Pedregal<\/h6>\n<h5><span style=\"font-weight: 400;\">Del 8 al 13 de junio de 2023<\/span><\/h5>\n<p style=\"text-align: center;\"><i><span style=\"font-weight: 400;\">Sana tu mente, cuerpo y alma junto a nuestra sanadora residente, Fernanda Montiel, que se une a nosotros desde Quintana Roo junto con otros invitados especiales para nuestro Fin de Semana de Bienestar Global en el para\u00edso.<\/span><\/i><\/p>\n<p style=\"text-align: center;\"><i><span style=\"font-weight: 400;\"> Este retiro reparador est\u00e1 repleto de sesiones curativas individuales y programas intencionados, que invitan a los hu\u00e9spedes a un viaje interior dise\u00f1ado para conectar con la tierra, inspirar y restaurar. Con ofertas curadas cada ma\u00f1ana, tarde y noche, usted es bienvenido a dise\u00f1ar su viaje de bienestar a su manera, seleccionando desde yoga diario y Meditaci\u00f3n Ancestral hasta Sanaci\u00f3n de Sonido y una Ceremonia de Cacao. Elija lo que elija, prep\u00e1rese para una estimulante sensaci\u00f3n de despertar.<\/span><\/i><\/p>\n<\/div>\r\n                    <\/div>\r\n    <\/div>\r\n<\/section>\r\n\r\n<style>\r\n    #general-hero-block_a8caac6a2be1a7b91b7153d643ee71b7 .home-hero::after {\r\n        opacity: 1 !important;\r\n    }\r\n    #general-hero-block_a8caac6a2be1a7b91b7153d643ee71b7 .general-hero__content {\r\n        margin-top: -20vh;\r\n    }\r\n<\/style>\n\n<section id=\"responsive-spacer-block_1c587ee46663d4010df03cb00a921e33\" class=\"responsive-spacer\">\r\n<\/section>\r\n<style>\r\n    #responsive-spacer-block_1c587ee46663d4010df03cb00a921e33 {\r\n        width: 100%;\r\n    }\r\n        #responsive-spacer-block_1c587ee46663d4010df03cb00a921e33 {\r\n        height: 40px;\r\n    }\r\n                @media (min-width: 769px) {\r\n            #responsive-spacer-block_1c587ee46663d4010df03cb00a921e33 {\r\n                height: 40px;\r\n            }\r\n        }\r\n                @media (min-width: 1201px) {\r\n            #responsive-spacer-block_1c587ee46663d4010df03cb00a921e33 {\r\n                height: 100px;\r\n            }\r\n        }\r\n    <\/style>\n\n<section id=\"media-content-block_35d1ce7ae99ff79062f2688302586feb\" class=\"media-content media-content--original no-padding wide-image text-left\">\r\n    <div class=\"container\">\r\n                    <div class=\"media-content__media\">\r\n                                    <div class=\"img-a\">\r\n        <div class=\"img-a-img\">\r\n            <img class=\"lazyload\" data-src=\"https:\/\/cdn.waldorfastorialoscabospedregal.com\/wp-content\/uploads\/2021\/10\/14030122\/yoga.jpeg\" alt=\"\">\r\n        <\/div>\r\n    <\/div>\r\n                            <\/div>\r\n                <div class=\"media-content__content\">\r\n                            <h2 class=\"media-content__title a-up\">Jueves 8 de junio<\/h2>\r\n                                        <div class=\"media-content__text a-up a-delay-1\" style=\"margin-bottom: vw;\" >\r\n                    <p><b>Yoga Nidra<\/b><\/p>\n<p><span style=\"font-weight: 400;\">Conecte con su yo interior a trav\u00e9s de un estado consciente y sin sue\u00f1os de sue\u00f1o profundo en esta relajante clase de yoga vespertina. El Yoga Nidra, que significa literalmente sue\u00f1o y\u00f3guico, es una t\u00e9cnica ancestral muy apreciada por sus beneficios calmantes y rejuvenecedores. Esta pr\u00e1ctica sist\u00e9mica utiliza la relajaci\u00f3n consciente para trasladar la conciencia del mundo exterior al mundo interior y lograr la paz interior.<\/span><\/p>\n<p><span style=\"font-weight: 400;\">Hora: 13.00 |\u00a0<\/span><span style=\"font-weight: 400;\">La Palapa La Palapa<\/span><\/p>\n<p>&nbsp;<\/p>\n<p><b>Tzolkin Lectura<\/b><\/p>\n<p><span style=\"font-weight: 400;\">Descubre un acercamiento personalizado a tu propio Zodiaco Maya, de acuerdo con el antiguo calendario y las estrellas. A trav\u00e9s del estudio de tu fecha de nacimiento y la energ\u00eda que rodea el momento en que viniste a este mundo, utilizando interpretaciones contempor\u00e1neas y sencillas del Tzolkin, aprender\u00e1s la energ\u00eda de tu signo maya y el conocimiento ancestral que hay detr\u00e1s. Simplemente deja tu fecha de nacimiento y correo electr\u00f3nico con tu Conserje Personal antes de partir del para\u00edso para recibir tu lectura personal cuando est\u00e9 completa.<\/span><\/p>\n<p><span style=\"font-weight: 400;\">Hora 17.00 | <\/span><span style=\"font-weight: 400;\">D\u00f3nde: Playa Farall\u00f3n<\/span><\/p>\n<p>&nbsp;<\/p>\n<p><a href=\"mailto:SJDWA.Spa@waldorfastoria.com\">P\u00f3ngase en contacto con nosotros<\/a><\/p>\n<p><em>Todas las sesiones deben reservarse con al menos 24 horas de antelaci\u00f3n. Los precios est\u00e1n sujetos a 16% de impuestos y 15% de tasas de servicio.<\/em>e.<\/p>\n                <\/div>\r\n                                            <\/div>\r\n    <\/div>\r\n<\/section>\n\n<section id=\"responsive-spacer-block_ea7740e3a36a23f33b20db5a1d1ee8f5\" class=\"responsive-spacer\">\r\n<\/section>\r\n<style>\r\n    #responsive-spacer-block_ea7740e3a36a23f33b20db5a1d1ee8f5 {\r\n        width: 100%;\r\n    }\r\n        #responsive-spacer-block_ea7740e3a36a23f33b20db5a1d1ee8f5 {\r\n        height: 75px;\r\n    }\r\n                @media (min-width: 769px) {\r\n            #responsive-spacer-block_ea7740e3a36a23f33b20db5a1d1ee8f5 {\r\n                height: 10px;\r\n            }\r\n        }\r\n                @media (min-width: 1201px) {\r\n            #responsive-spacer-block_ea7740e3a36a23f33b20db5a1d1ee8f5 {\r\n                height: 10px;\r\n            }\r\n        }\r\n    <\/style>\n\n<section id=\"media-content-block_0559644aa676704372644957b0dce99e\" class=\"media-content media-content--original media-content--left no-padding wide-image text-left\">\r\n    <div class=\"container\">\r\n                    <div class=\"media-content__media\">\r\n                                    <div class=\"img-a\">\r\n        <div class=\"img-a-img\">\r\n            <img class=\"lazyload\" data-src=\"https:\/\/cdn.waldorfastorialoscabospedregal.com\/wp-content\/uploads\/2021\/11\/14032013\/Fernanda-Montiel-Chaman-experience-81.jpg\" alt=\"\">\r\n        <\/div>\r\n    <\/div>\r\n                            <\/div>\r\n                <div class=\"media-content__content\">\r\n                            <h2 class=\"media-content__title a-up\">Viernes 9 de junio<\/h2>\r\n                                        <div class=\"media-content__text a-up a-delay-1\" style=\"margin-bottom: vw;\" >\r\n                    <p><b>Meditaci\u00f3n ancestral<\/b><\/p>\n<p><span style=\"font-weight: 400;\">Entra en un estado mental contemplativo para encontrar paz, tranquilidad y, sobre todo, las respuestas a tus preguntas m\u00e1s \u00edntimas. Nuestra pr\u00e1ctica de Meditaci\u00f3n Ancestral ofrece un enfoque pr\u00e1ctico para entrenar la mente con el fin de integrar la unidad del Ser. \u00danete a nosotros frente a la playa con ropa c\u00f3moda para aprender las herramientas b\u00e1sicas que necesitas para meditar, junto con consejos para integrar la curiosidad en tu vida diaria.<\/span><\/p>\n<p><span style=\"font-weight: 400;\">Hora: 13.00 | <\/span><span style=\"font-weight: 400;\">La Palapa La Palapa<\/span><\/p>\n<p>&nbsp;<\/p>\n<p><b>QiGong: Vitalidad<\/b><\/p>\n<p><span style=\"font-weight: 400;\">El Qi Gong, una pr\u00e1ctica tao\u00edsta utilizada para revitalizar la salud interior y promover el rejuvenecimiento, es un ejercicio de meditaci\u00f3n en movimiento que se parece y se siente como el Tai Chi. M\u00e1s f\u00e1cil de aprender y practicar, los asistentes se centrar\u00e1n en el movimiento corporal adecuado, la respiraci\u00f3n, la concentraci\u00f3n mental y la intenci\u00f3n. \u00danase a nosotros en la playa para aprender esta pr\u00e1ctica de rejuvenecimiento de todo el cuerpo y mantener la vitalidad mucho despu\u00e9s de volver del para\u00edso. Se trata de un tratamiento suave para el cuerpo y apto para todos los p\u00fablicos.\u00a0<\/span><\/p>\n<p><span style=\"font-weight: 400;\">Hora: 17.00 | <\/span><span style=\"font-weight: 400;\">D\u00f3nde La Palapa<\/span><\/p>\n<p>&nbsp;<\/p>\n<p>&nbsp;<\/p>\n<p><a href=\"mailto:SJDWA.Spa@waldorfastoria.com\">P\u00f3ngase en contacto con nosotros<\/a><\/p>\n<p><em>Todas las sesiones deben reservarse con al menos 24 horas de antelaci\u00f3n. Los precios est\u00e1n sujetos a 16% de impuestos y 15% de tasas de servicio.<\/em>e<\/p>\n                <\/div>\r\n                                            <\/div>\r\n    <\/div>\r\n<\/section>\n\n<section id=\"responsive-spacer-block_ea7740e3a36a23f33b20db5a1d1ee8f5\" class=\"responsive-spacer\">\r\n<\/section>\r\n<style>\r\n    #responsive-spacer-block_ea7740e3a36a23f33b20db5a1d1ee8f5 {\r\n        width: 100%;\r\n    }\r\n        #responsive-spacer-block_ea7740e3a36a23f33b20db5a1d1ee8f5 {\r\n        height: 75px;\r\n    }\r\n                @media (min-width: 769px) {\r\n            #responsive-spacer-block_ea7740e3a36a23f33b20db5a1d1ee8f5 {\r\n                height: 10px;\r\n            }\r\n        }\r\n                @media (min-width: 1201px) {\r\n            #responsive-spacer-block_ea7740e3a36a23f33b20db5a1d1ee8f5 {\r\n                height: 10px;\r\n            }\r\n        }\r\n    <\/style>\n\n<section id=\"media-content-block_91d90ab4a5917e086a9ac6eaea3fc836\" class=\"media-content media-content--original no-padding wide-image text-left\">\r\n    <div class=\"container\">\r\n                    <div class=\"media-content__media\">\r\n                                    <div class=\"img-a\">\r\n        <div class=\"img-a-img\">\r\n            <img class=\"lazyload\" data-src=\"https:\/\/cdn.waldorfastorialoscabospedregal.com\/wp-content\/uploads\/2022\/07\/14021822\/Full_Moon_Featured.jpg\" alt=\"\">\r\n        <\/div>\r\n    <\/div>\r\n                            <\/div>\r\n                <div class=\"media-content__content\">\r\n                            <h2 class=\"media-content__title a-up\">S\u00e1bado 10 de junio <\/h2>\r\n                                        <div class=\"media-content__text a-up a-delay-1\" style=\"margin-bottom: vw;\" >\r\n                    <p><b>Curaci\u00f3n por el sonido<\/b><\/p>\n<p><span style=\"font-weight: 400;\">El universo entero est\u00e1 en un estado constante de vibraci\u00f3n, incluido el cuerpo humano. A trav\u00e9s de la pr\u00e1ctica de la Sanaci\u00f3n con Sonido, podemos proyectar la frecuencia de resonancia ideal a cualquier parte del cuerpo que est\u00e9 enferma o sin sanar, devolvi\u00e9ndola a su frecuencia normal y a su estado completo de ser. Con incre\u00edbles vistas del sereno Oc\u00e9ano Pac\u00edfico y las escarpadas Monta\u00f1as Pedregal, \u00fanete a nosotros para sentir el cambio.<\/span><\/p>\n<p><span style=\"font-weight: 400;\">Hora:13h | <\/span><span style=\"font-weight: 400;\">D\u00f3nde: Cochimi-Pai Pai<\/span><\/p>\n<p>&nbsp;<\/p>\n<p><b>Or\u00e1culo de la Luna<\/b><\/p>\n<p><span style=\"font-weight: 400;\">Mira las fases de la luna para encontrar tu camino y buscar verdades esenciales. Ven a esta sesi\u00f3n junto a la playa con una pregunta muy clara en mente, escr\u00edbela y, a trav\u00e9s del Or\u00e1culo, descubre la respuesta que las fases lunares han preparado. Esta pr\u00e1ctica sagrada pretende proporcionar la gu\u00eda y el conocimiento que la vida cotidiana no puede darte.<\/span><\/p>\n<p><span style=\"font-weight: 400;\">Hora: 17.00 | <\/span><span style=\"font-weight: 400;\">D\u00f3nde: Playa Farall\u00f3n<\/span><\/p>\n<p>&nbsp;<\/p>\n<p><a href=\"mailto:SJDWA.Spa@waldorfastoria.com\">P\u00f3ngase en contacto con nosotros<\/a><\/p>\n<p><em>Todas las sesiones deben reservarse con al menos 24 horas de antelaci\u00f3n. Los precios est\u00e1n sujetos a 16% de impuestos y 15% de tasas de servicio.<\/em>e.<\/p>\n                <\/div>\r\n                                            <\/div>\r\n    <\/div>\r\n<\/section>\n\n<section id=\"responsive-spacer-block_ea7740e3a36a23f33b20db5a1d1ee8f5\" class=\"responsive-spacer\">\r\n<\/section>\r\n<style>\r\n    #responsive-spacer-block_ea7740e3a36a23f33b20db5a1d1ee8f5 {\r\n        width: 100%;\r\n    }\r\n        #responsive-spacer-block_ea7740e3a36a23f33b20db5a1d1ee8f5 {\r\n        height: 75px;\r\n    }\r\n                @media (min-width: 769px) {\r\n            #responsive-spacer-block_ea7740e3a36a23f33b20db5a1d1ee8f5 {\r\n                height: 10px;\r\n            }\r\n        }\r\n                @media (min-width: 1201px) {\r\n            #responsive-spacer-block_ea7740e3a36a23f33b20db5a1d1ee8f5 {\r\n                height: 10px;\r\n            }\r\n        }\r\n    <\/style>\n\n<section id=\"media-content-block_7112c32dd7c2eb9d4d6af44c9cba8872\" class=\"media-content media-content--original media-content--left no-padding wide-image text-left\">\r\n    <div class=\"container\">\r\n                    <div class=\"media-content__media\">\r\n                                    <div class=\"img-a\">\r\n        <div class=\"img-a-img\">\r\n            <img class=\"lazyload\" data-src=\"https:\/\/cdn.waldorfastorialoscabospedregal.com\/wp-content\/uploads\/2023\/05\/14021229\/CeremoniaDeCacao-5.jpg\" alt=\"\">\r\n        <\/div>\r\n    <\/div>\r\n                            <\/div>\r\n                <div class=\"media-content__content\">\r\n                            <h2 class=\"media-content__title a-up\">Domingo 11 de junio<\/h2>\r\n                                        <div class=\"media-content__text a-up a-delay-1\" style=\"margin-bottom: vw;\" >\r\n                    <p><b>Animales espirituales<\/b><\/p>\n<p><span style=\"font-weight: 400;\">Nuestros abuelos dicen que en el momento exacto de tu nacimiento, 13 animales nacieron al mismo tiempo que t\u00fa, cada uno destinado a guiarte en cada etapa de la luna. En esta serena sesi\u00f3n, descubre los tres animales importantes que acompa\u00f1an tu camino y tu intenci\u00f3n para que, en tu camino contigo, descubras a los dem\u00e1s.<\/span><\/p>\n<p><span style=\"font-weight: 400;\">Hora:13h |\u00a0<\/span><span style=\"font-weight: 400;\">La Palapa La Palapa<\/span><\/p>\n<p>&nbsp;<\/p>\n<p><b>Ceremonia de Cacao<\/b><\/p>\n<p><span style=\"font-weight: 400;\">Dise\u00f1ada especialmente para parejas, esta Ceremonia del Cacao privada e ind\u00edgena ha sido elaborada para despertar su amor. Despierte y profundice su conexi\u00f3n de coraz\u00f3n a coraz\u00f3n como lo har\u00edan nuestros antepasados mientras nuestro cham\u00e1n le gu\u00eda a trav\u00e9s de este amoroso ritual, preparado con un arom\u00e1tico elixir de cacao y fragantes p\u00e9talos de rosa.\u00a0<\/span><\/p>\n<p><span style=\"font-weight: 400;\">Hora: 17.00 |\u00a0<\/span><span style=\"font-weight: 400;\">D\u00f3nde: Cochimi-Pai Pai<\/span><\/p>\n<p>&nbsp;<\/p>\n<p><a href=\"mailto:SJDWA.Spa@waldorfastoria.com\">P\u00f3ngase en contacto con nosotros<\/a><\/p>\n<p><em>Todas las sesiones deben reservarse con al menos 24 horas de antelaci\u00f3n. Los precios est\u00e1n sujetos a 16% de impuestos y 15% de tasas de servicio.<\/em>e.<\/p>\n                <\/div>\r\n                                            <\/div>\r\n    <\/div>\r\n<\/section>\n\n<section id=\"responsive-spacer-block_e43cb4e7390e30668bea525c578f18b9\" class=\"responsive-spacer\">\r\n<\/section>\r\n<style>\r\n    #responsive-spacer-block_e43cb4e7390e30668bea525c578f18b9 {\r\n        width: 100%;\r\n    }\r\n        #responsive-spacer-block_e43cb4e7390e30668bea525c578f18b9 {\r\n        height: 105px;\r\n    }\r\n                @media (min-width: 769px) {\r\n            #responsive-spacer-block_e43cb4e7390e30668bea525c578f18b9 {\r\n                height: 120px;\r\n            }\r\n        }\r\n                @media (min-width: 1201px) {\r\n            #responsive-spacer-block_e43cb4e7390e30668bea525c578f18b9 {\r\n                height: 140px;\r\n            }\r\n        }\r\n    <\/style>\n\n<section id=\"media-content-block_2cd83e6f83005bfa3ed941ec10c1cdce\" class=\"media-content media-content--original no-padding wide-image text-left\">\r\n    <div class=\"container\">\r\n                    <div class=\"media-content__media\">\r\n                                    <div class=\"img-a\">\r\n        <div class=\"img-a-img\">\r\n            <img class=\"lazyload\" data-src=\"https:\/\/cdn.waldorfastorialoscabospedregal.com\/wp-content\/uploads\/2021\/11\/14173226\/WAPedregal-JoeThomas-080121-UNEDITED-214-1.webp\" alt=\"\">\r\n        <\/div>\r\n    <\/div>\r\n                            <\/div>\r\n                <div class=\"media-content__content\">\r\n                            <h2 class=\"media-content__title a-up\">Lunes 12 de junio<\/h2>\r\n                                        <div class=\"media-content__text a-up a-delay-1\" style=\"margin-bottom: vw;\" >\r\n                    <p><b>Entrenamiento con bastones\u00a0<\/b><\/p>\n<p><span style=\"font-weight: 400;\">Conc\u00e9ntrese en mejorar su movilidad, corregir la postura y mejorar la estabilidad mientras prepara el cuerpo para una fuerza s\u00f3lida. Esta sesi\u00f3n de entrenamiento funcional con pesas utiliza un palo de madera para un entrenamiento de cuerpo completo que ayuda a prevenir lesiones, liberar articulaciones y aliviar dolores musculares.<\/span><\/p>\n<p><span style=\"font-weight: 400;\">Hora: 13.00 |\u00a0<\/span><span style=\"font-weight: 400;\">D\u00f3nde: Junto a la playa<\/span><\/p>\n<p>&nbsp;<\/p>\n<p><b>Movimiento ancestral (Ejercicios antiguos)<\/b><\/p>\n<p><span style=\"font-weight: 400;\">Equilibra tu mente, cuerpo y energ\u00eda mientras realizas movimientos ancestrales basados en c\u00f3dices precolombinos. Dise\u00f1ado para renovar el cuerpo cada d\u00eda a trav\u00e9s de la transformaci\u00f3n celular, te capacitar\u00e1 para conectar con tus ancestros y recuperar la conciencia vital a trav\u00e9s de este movimiento. No es necesaria experiencia previa.<\/span><span style=\"font-weight: 400;\">.<\/span><\/p>\n<p><span style=\"font-weight: 400;\">Hora: 17.00 |\u00a0 <\/span><span style=\"font-weight: 400;\">D\u00f3nde: Playa Farall\u00f3n<\/span><\/p>\n<p>&nbsp;<\/p>\n<p>&nbsp;<\/p>\n<p><a href=\"mailto:SJDWA.Spa@waldorfastoria.com\">P\u00f3ngase en contacto con nosotros<\/a><\/p>\n<p><em>Todas las sesiones deben reservarse con al menos 24 horas de antelaci\u00f3n. Los precios est\u00e1n sujetos a 16% de impuestos y 15% de tasas de servicio.<\/em>e<\/p>\n                <\/div>\r\n                                            <\/div>\r\n    <\/div>\r\n<\/section>\n\n<section id=\"responsive-spacer-block_e872200d544656b3634635db0a8006b7\" class=\"responsive-spacer\">\r\n<\/section>\r\n<style>\r\n    #responsive-spacer-block_e872200d544656b3634635db0a8006b7 {\r\n        width: 100%;\r\n    }\r\n        #responsive-spacer-block_e872200d544656b3634635db0a8006b7 {\r\n        height: 50px;\r\n    }\r\n                @media (min-width: 769px) {\r\n            #responsive-spacer-block_e872200d544656b3634635db0a8006b7 {\r\n                height: 80px;\r\n            }\r\n        }\r\n                @media (min-width: 1201px) {\r\n            #responsive-spacer-block_e872200d544656b3634635db0a8006b7 {\r\n                height: 100px;\r\n            }\r\n        }\r\n    <\/style>\n\n<section id=\"responsive-spacer-block_12b14b32ce8ded7df652245ded5c0239\" class=\"responsive-spacer\">\r\n<\/section>\r\n<style>\r\n    #responsive-spacer-block_12b14b32ce8ded7df652245ded5c0239 {\r\n        width: 100%;\r\n    }\r\n        #responsive-spacer-block_12b14b32ce8ded7df652245ded5c0239 {\r\n        height: 70px;\r\n    }\r\n                @media (min-width: 769px) {\r\n            #responsive-spacer-block_12b14b32ce8ded7df652245ded5c0239 {\r\n                height: 70px;\r\n            }\r\n        }\r\n                @media (min-width: 1201px) {\r\n            #responsive-spacer-block_12b14b32ce8ded7df652245ded5c0239 {\r\n                height: 75px;\r\n            }\r\n        }\r\n    <\/style>\n\n<section id=\"responsive-spacer-block_12b14b32ce8ded7df652245ded5c0239\" class=\"responsive-spacer\">\r\n<\/section>\r\n<style>\r\n    #responsive-spacer-block_12b14b32ce8ded7df652245ded5c0239 {\r\n        width: 100%;\r\n    }\r\n        #responsive-spacer-block_12b14b32ce8ded7df652245ded5c0239 {\r\n        height: 70px;\r\n    }\r\n                @media (min-width: 769px) {\r\n            #responsive-spacer-block_12b14b32ce8ded7df652245ded5c0239 {\r\n                height: 70px;\r\n            }\r\n        }\r\n                @media (min-width: 1201px) {\r\n            #responsive-spacer-block_12b14b32ce8ded7df652245ded5c0239 {\r\n                height: 75px;\r\n            }\r\n        }\r\n    <\/style>\n\n<section id=\"responsive-spacer-block_58de7b6e2bd6b388b5e384e8c0b4ed5e\" class=\"responsive-spacer\">\r\n<\/section>\r\n<style>\r\n    #responsive-spacer-block_58de7b6e2bd6b388b5e384e8c0b4ed5e {\r\n        width: 100%;\r\n    }\r\n        #responsive-spacer-block_58de7b6e2bd6b388b5e384e8c0b4ed5e {\r\n        height: 75px;\r\n    }\r\n                @media (min-width: 769px) {\r\n            #responsive-spacer-block_58de7b6e2bd6b388b5e384e8c0b4ed5e {\r\n                height: 90px;\r\n            }\r\n        }\r\n                @media (min-width: 1201px) {\r\n            #responsive-spacer-block_58de7b6e2bd6b388b5e384e8c0b4ed5e {\r\n                height: 110px;\r\n            }\r\n        }\r\n    <\/style>\n\n<section id=\"responsive-spacer-block_2b8573a968b3d3a61b89e21de7716753\" class=\"responsive-spacer\">\r\n<\/section>\r\n<style>\r\n    #responsive-spacer-block_2b8573a968b3d3a61b89e21de7716753 {\r\n        width: 100%;\r\n    }\r\n        #responsive-spacer-block_2b8573a968b3d3a61b89e21de7716753 {\r\n        height: 100px;\r\n    }\r\n                @media (min-width: 769px) {\r\n            #responsive-spacer-block_2b8573a968b3d3a61b89e21de7716753 {\r\n                height: 140px;\r\n            }\r\n        }\r\n                @media (min-width: 1201px) {\r\n            #responsive-spacer-block_2b8573a968b3d3a61b89e21de7716753 {\r\n                height: 160px;\r\n            }\r\n        }\r\n    <\/style>","protected":false},"excerpt":{"rendered":"<p>Read more about what happened in our past Global Wellness Weekend, held from June 8-13th, 2023.  It included one-on-one healing sessions and intentional programming for an inward transformative journey.<\/p>","protected":false},"author":9,"featured_media":3408,"parent":0,"menu_order":0,"comment_status":"closed","ping_status":"closed","template":"","meta":{"_acf_changed":false,"inline_featured_image":false,"footnotes":""},"categories":[50],"class_list":["post-78781","page","type-page","status-publish","has-post-thumbnail","hentry","category-wellness"],"acf":[],"featured_image_src":"https:\/\/cdn.waldorfastorialoscabospedregal.com\/wp-content\/uploads\/2021\/11\/14032013\/Fernanda-Montiel-Chaman-experience-81-600x400.jpg","featured_image_src_square":"https:\/\/cdn.waldorfastorialoscabospedregal.com\/wp-content\/uploads\/2021\/11\/14032013\/Fernanda-Montiel-Chaman-experience-81-600x600.jpg","_links":{"self":[{"href":"https:\/\/www.waldorfastorialoscabospedregal.com\/es\/wp-json\/wp\/v2\/pages\/78781","targetHints":{"allow":["GET"]}}],"collection":[{"href":"https:\/\/www.waldorfastorialoscabospedregal.com\/es\/wp-json\/wp\/v2\/pages"}],"about":[{"href":"https:\/\/www.waldorfastorialoscabospedregal.com\/es\/wp-json\/wp\/v2\/types\/page"}],"author":[{"embeddable":true,"href":"https:\/\/www.waldorfastorialoscabospedregal.com\/es\/wp-json\/wp\/v2\/users\/9"}],"replies":[{"embeddable":true,"href":"https:\/\/www.waldorfastorialoscabospedregal.com\/es\/wp-json\/wp\/v2\/comments?post=78781"}],"version-history":[{"count":42,"href":"https:\/\/www.waldorfastorialoscabospedregal.com\/es\/wp-json\/wp\/v2\/pages\/78781\/revisions"}],"predecessor-version":[{"id":83498,"href":"https:\/\/www.waldorfastorialoscabospedregal.com\/es\/wp-json\/wp\/v2\/pages\/78781\/revisions\/83498"}],"wp:featuredmedia":[{"embeddable":true,"href":"https:\/\/www.waldorfastorialoscabospedregal.com\/es\/wp-json\/wp\/v2\/media\/3408"}],"wp:attachment":[{"href":"https:\/\/www.waldorfastorialoscabospedregal.com\/es\/wp-json\/wp\/v2\/media?parent=78781"}],"wp:term":[{"taxonomy":"category","embeddable":true,"href":"https:\/\/www.waldorfastorialoscabospedregal.com\/es\/wp-json\/wp\/v2\/categories?post=78781"}],"curies":[{"name":"wp","href":"https:\/\/api.w.org\/{rel}","templated":true}]}}