{"id":79172,"date":"2023-05-30T00:58:34","date_gmt":"2023-05-30T00:58:34","guid":{"rendered":"https:\/\/www.waldorfastorialoscabospedregal.com\/?page_id=79172"},"modified":"2026-03-27T20:55:13","modified_gmt":"2026-03-27T20:55:13","slug":"reuniones-frente-al-mar","status":"publish","type":"page","link":"https:\/\/www.waldorfastorialoscabospedregal.com\/es\/reuniones\/reuniones-frente-al-mar\/","title":{"rendered":"Reuniones de junta frente a la playa"},"content":{"rendered":"<section id=\"general-hero-block_b5369f5334e72feb1905028aa901fc48\" class=\"general-hero general-hero--dark\">\r\n    <div class=\"home-hero\">\r\n                    <img data-src=\"https:\/\/cdn.waldorfastorialoscabospedregal.com\/wp-content\/uploads\/2023\/05\/14165030\/CoreLogic-Group-VelvetFloral-Teven-Photos-by-E-6.jpg\" alt=\"\" class=\"home-hero__bg lazyload\">\r\n            <\/div>\r\n    <div class=\"general-hero__content\">\r\n        <div class=\"general-hero__content--inner\">\r\n                            <div class=\"general-hero__text a-up\"><h1 style=\"text-align: center;\">Reuniones de junta frente a la playa<\/h1>\n<h6>OFERTA GRUPAL<\/h6>\n<p style=\"text-align: center;\">Bienvenido a Waldorf Astoria Los Cabos Pedregal, reconocido como el Mejor Resort Hotel de M\u00e9xico Occidental del 2025 #1 seg\u00fan los premios Readers' Choice Awards de Cond\u00e9 Nast Traveler.<\/p>\n<p style=\"text-align: center;\">Ingrese a trav\u00e9s del \u00fanico t\u00fanel privado de M\u00e9xico y emerja en un mundo de autenticidad, dise\u00f1ado para anticipar cada una de sus necesidades, deleitar los sentidos y fomentar una profunda conexi\u00f3n con el entorno natural.<\/p>\n<p style=\"text-align: center;\">Deja tus preocupaciones a un lado e insp\u00edrate en el entorno mientras te re\u00fanes en la privacidad de tus amplias suites frente al mar, cada una con piscina de inmersi\u00f3n privada y vistas al oc\u00e9ano para calmarte e inspirarte.<\/p>\n<\/div>\r\n                    <\/div>\r\n    <\/div>\r\n<\/section>\r\n\r\n<style>\r\n    #general-hero-block_b5369f5334e72feb1905028aa901fc48 .home-hero::after {\r\n        opacity: 1 !important;\r\n    }\r\n    #general-hero-block_b5369f5334e72feb1905028aa901fc48 .general-hero__content {\r\n        margin-top: -20vh;\r\n    }\r\n<\/style>\n\n<section id=\"responsive-spacer-block_9e874af1c8302a4b735860978bc78b1d\" class=\"responsive-spacer\">\r\n<\/section>\r\n<style>\r\n    #responsive-spacer-block_9e874af1c8302a4b735860978bc78b1d {\r\n        width: 100%;\r\n    }\r\n        #responsive-spacer-block_9e874af1c8302a4b735860978bc78b1d {\r\n        height: 50px;\r\n    }\r\n                @media (min-width: 769px) {\r\n            #responsive-spacer-block_9e874af1c8302a4b735860978bc78b1d {\r\n                height: 100px;\r\n            }\r\n        }\r\n                @media (min-width: 1201px) {\r\n            #responsive-spacer-block_9e874af1c8302a4b735860978bc78b1d {\r\n                height: 146px;\r\n            }\r\n        }\r\n    <\/style>\n\n<section id=\"media-content-tab-block_9d05388c8bc7d12d58f7f7d22b32be00\" class=\"media-content-tab\">\r\n                <div class=\"media-content-tab__links\">\r\n                                    <a href=\"#media-content-tab__content--1\" \r\n                        class=\"media-content-tab__link active\">\r\n                        INCLUIDO EN ESTA OFERTA                    <\/a>\r\n                                    <a href=\"#media-content-tab__content--2\" \r\n                        class=\"media-content-tab__link\">\r\n                        AMENIDADES ADICIONALES DEL RESORT INCLUIDAS                    <\/a>\r\n                            <\/div>\r\n                <div class=\"media-content-tab__contents\">\r\n                            <div class=\"media-content-tab__content active\"\r\n                    id=\"media-content-tab__content--1\">\r\n                    <div class=\"media-content\">\r\n                        <div class=\"container\">\r\n                                                            <div class=\"media-content__media\">\r\n                                        <div class=\"img-a\">\r\n        <div class=\"img-a-img\">\r\n            <img class=\"lazyload\" data-src=\"https:\/\/cdn.waldorfastorialoscabospedregal.com\/wp-content\/uploads\/2022\/07\/14165505\/WALifestyle-DMBar-StudioCaribe_WEB-4.jpg\" alt=\"\">\r\n        <\/div>\r\n    <\/div>\r\n                                <\/div>\r\n                                                        <div class=\"media-content__content\">\r\n                                                                    <h2 class=\"media-content__title a-up\">Oferta grupal<\/h2>\r\n                                                                                                    <div class=\"media-content__text a-up a-delay-1\">\r\n                                        <p><strong>Reserva antes del 31 de diciembre de 2026 y disfruta de todas las siguientes inclusiones para realzar tu boda:<\/strong><\/p>\n<p>&nbsp;<\/p>\n<ul>\n<li>Traslado de ida y vuelta con un SUV de lujo al aeropuerto para todos los miembros de la junta.<\/li>\n<li>servicio de mayordomo<\/li>\n<li>Buffet de desayuno diario para dos con el buffet especial de Don Manuel<\/li>\n<li>Alquiler de sala de reuniones y montaje tradicional<\/li>\n<li>Pausas para el caf\u00e9 diarias<\/li>\n<li>Degustaci\u00f3n de Destilados de Agave para hasta 10 personas<\/li>\n<\/ul>\n<p>&nbsp;<\/p>\n                                    <\/div>\r\n                                                                                                    <a href=\"https:\/\/www.waldorfastorialoscabospedregal.com\/es\/reuniones\/#rfp\" \r\n                                        class=\"btn btn--accent media-content__cta a-up a-delay-2\" \r\n                                        target=\"_blank\">\r\n                                        M\u00e1s informaci\u00f3n                                    <\/a>\r\n                                                            <\/div>\r\n                        <\/div>\r\n                    <\/div>\r\n                <\/div>\r\n                            <div class=\"media-content-tab__content\"\r\n                    id=\"media-content-tab__content--2\">\r\n                    <div class=\"media-content\">\r\n                        <div class=\"container\">\r\n                                                            <div class=\"media-content__media\">\r\n                                        <div class=\"img-a\">\r\n        <div class=\"img-a-img\">\r\n            <img class=\"lazyload\" data-src=\"https:\/\/cdn.waldorfastorialoscabospedregal.com\/wp-content\/uploads\/2023\/10\/14164650\/WAPedregal-JoeThomas-Spherical-2021-1-scaled.jpeg\" alt=\"\">\r\n        <\/div>\r\n    <\/div>\r\n                                <\/div>\r\n                                                        <div class=\"media-content__content\">\r\n                                                                                                    <div class=\"media-content__text a-up a-delay-1\">\r\n                                        <h6><\/h6>\n<ul>\n<li>Bienvenida con agua de jamaica o de margarita al llegar<\/li>\n<li>Botella de tequila Premium de cortes\u00eda de bienvenida<\/li>\n<li>Bebida diaria de cerveza mexicana y guacamole casero con totopos en la tarde como cortes\u00eda en la habitaci\u00f3n.<\/li>\n<li>Internet gratuito en todo el complejo<\/li>\n<li>Clases grupales de ejercicio gratuitas<\/li>\n<\/ul>\n                                    <\/div>\r\n                                                                                                    <a href=\"https:\/\/www.waldorfastorialoscabospedregal.com\/es\/lugares\/\" \r\n                                        class=\"btn btn--accent media-content__cta a-up a-delay-2\" \r\n                                        target=\"_blank\">\r\n                                        Explorar lugares para reuniones                                     <\/a>\r\n                                                            <\/div>\r\n                        <\/div>\r\n                    <\/div>\r\n                <\/div>\r\n                    <\/div>\r\n    <\/section>","protected":false},"excerpt":{"rendered":"","protected":false},"author":3,"featured_media":79088,"parent":0,"menu_order":0,"comment_status":"closed","ping_status":"closed","template":"","meta":{"_acf_changed":false,"inline_featured_image":false,"footnotes":""},"categories":[],"class_list":["post-79172","page","type-page","status-publish","has-post-thumbnail","hentry"],"acf":[],"featured_image_src":"https:\/\/cdn.waldorfastorialoscabospedregal.com\/wp-content\/uploads\/2023\/05\/14165030\/CoreLogic-Group-VelvetFloral-Teven-Photos-by-E-6-600x400.jpg","featured_image_src_square":"https:\/\/cdn.waldorfastorialoscabospedregal.com\/wp-content\/uploads\/2023\/05\/14165030\/CoreLogic-Group-VelvetFloral-Teven-Photos-by-E-6-600x600.jpg","_links":{"self":[{"href":"https:\/\/www.waldorfastorialoscabospedregal.com\/es\/wp-json\/wp\/v2\/pages\/79172","targetHints":{"allow":["GET"]}}],"collection":[{"href":"https:\/\/www.waldorfastorialoscabospedregal.com\/es\/wp-json\/wp\/v2\/pages"}],"about":[{"href":"https:\/\/www.waldorfastorialoscabospedregal.com\/es\/wp-json\/wp\/v2\/types\/page"}],"author":[{"embeddable":true,"href":"https:\/\/www.waldorfastorialoscabospedregal.com\/es\/wp-json\/wp\/v2\/users\/3"}],"replies":[{"embeddable":true,"href":"https:\/\/www.waldorfastorialoscabospedregal.com\/es\/wp-json\/wp\/v2\/comments?post=79172"}],"version-history":[{"count":27,"href":"https:\/\/www.waldorfastorialoscabospedregal.com\/es\/wp-json\/wp\/v2\/pages\/79172\/revisions"}],"predecessor-version":[{"id":95164,"href":"https:\/\/www.waldorfastorialoscabospedregal.com\/es\/wp-json\/wp\/v2\/pages\/79172\/revisions\/95164"}],"wp:featuredmedia":[{"embeddable":true,"href":"https:\/\/www.waldorfastorialoscabospedregal.com\/es\/wp-json\/wp\/v2\/media\/79088"}],"wp:attachment":[{"href":"https:\/\/www.waldorfastorialoscabospedregal.com\/es\/wp-json\/wp\/v2\/media?parent=79172"}],"wp:term":[{"taxonomy":"category","embeddable":true,"href":"https:\/\/www.waldorfastorialoscabospedregal.com\/es\/wp-json\/wp\/v2\/categories?post=79172"}],"curies":[{"name":"wp","href":"https:\/\/api.w.org\/{rel}","templated":true}]}}