{"id":79213,"date":"2023-06-01T07:44:34","date_gmt":"2023-06-01T07:44:34","guid":{"rendered":"https:\/\/www.waldorfastorialoscabospedregal.com\/?page_id=79213"},"modified":"2026-02-24T01:01:42","modified_gmt":"2026-02-24T01:01:42","slug":"oferta-boda","status":"publish","type":"page","link":"https:\/\/www.waldorfastorialoscabospedregal.com\/es\/bodas\/oferta-boda\/","title":{"rendered":"OFERTA DE BODA DESTINO"},"content":{"rendered":"<section id=\"general-hero-block_2d719b7c4b11789f29966ba2ede69402\" class=\"general-hero general-hero--dark\">\r\n    <div class=\"home-hero\">\r\n                    <img data-src=\"https:\/\/cdn.waldorfastorialoscabospedregal.com\/wp-content\/uploads\/2026\/01\/10011513\/Kaleigh-and-John-wedding-by-Chelsea-Gee-Photography.jpg\" alt=\"\" class=\"home-hero__bg lazyload\">\r\n            <\/div>\r\n    <div class=\"general-hero__content\">\r\n        <div class=\"general-hero__content--inner\">\r\n                            <div class=\"general-hero__text a-up\"><h1><\/h1>\n<h1>El para\u00edso comienza para siempre<\/h1>\n<h6>OFERTA DE BODA DESTINO<\/h6>\n<p>&nbsp;<\/p>\n<\/div>\r\n                    <\/div>\r\n    <\/div>\r\n<\/section>\r\n\r\n<style>\r\n    #general-hero-block_2d719b7c4b11789f29966ba2ede69402 .home-hero::after {\r\n        opacity: 0 !important;\r\n    }\r\n    #general-hero-block_2d719b7c4b11789f29966ba2ede69402 .general-hero__content {\r\n        margin-top: -0vh;\r\n    }\r\n<\/style>\n\n<section id=\"responsive-spacer-block_8f175645fbf8e4e960e237a260e9e29d\" class=\"responsive-spacer\">\r\n<\/section>\r\n<style>\r\n    #responsive-spacer-block_8f175645fbf8e4e960e237a260e9e29d {\r\n        width: 100%;\r\n    }\r\n        #responsive-spacer-block_8f175645fbf8e4e960e237a260e9e29d {\r\n        height: 50px;\r\n    }\r\n                @media (min-width: 769px) {\r\n            #responsive-spacer-block_8f175645fbf8e4e960e237a260e9e29d {\r\n                height: 100px;\r\n            }\r\n        }\r\n                @media (min-width: 1201px) {\r\n            #responsive-spacer-block_8f175645fbf8e4e960e237a260e9e29d {\r\n                height: 146px;\r\n            }\r\n        }\r\n    <\/style>\n\n<section id=\"media-content-tab-block_46549cac38c32969e91070eff34abbdc\" class=\"media-content-tab\">\r\n                <div class=\"media-content-tab__links\">\r\n                                    <a href=\"#media-content-tab__content--1\" \r\n                        class=\"media-content-tab__link active\">\r\n                        INCLUIDO EN LA OFERTA                    <\/a>\r\n                                    <a href=\"#media-content-tab__content--2\" \r\n                        class=\"media-content-tab__link\">\r\n                        AMENIDADES ADICIONALES DEL RESORT INCLUIDAS                    <\/a>\r\n                            <\/div>\r\n                <div class=\"media-content-tab__contents\">\r\n                            <div class=\"media-content-tab__content active\"\r\n                    id=\"media-content-tab__content--1\">\r\n                    <div class=\"media-content\">\r\n                        <div class=\"container\">\r\n                                                            <div class=\"media-content__media\">\r\n                                        <div class=\"img-a\">\r\n        <div class=\"img-a-img\">\r\n            <img class=\"lazyload\" data-src=\"https:\/\/cdn.waldorfastorialoscabospedregal.com\/wp-content\/uploads\/2026\/01\/10011808\/Kaleigh-and-John-wedding-altar-by-Chelsea-Gee-Photography.jpg\" alt=\"\">\r\n        <\/div>\r\n    <\/div>\r\n                                <\/div>\r\n                                                        <div class=\"media-content__content\">\r\n                                                                    <h2 class=\"media-content__title a-up\">OFERTA DE BODA DESTINO<\/h2>\r\n                                                                                                    <div class=\"media-content__text a-up a-delay-1\">\r\n                                        <p><b>Reserva antes del 31 de diciembre de 2026 y disfruta de estas exclusivas inclusiones de boda:<\/b><\/p>\n<p>&nbsp;<\/p>\n<p>&nbsp;<\/p>\n<ul>\n<li><b><span data-olk-copy-source=\"MessageBody\">Espect\u00e1culo de fuegos artificiales de cortes\u00eda (a elegir)<br \/>\n<\/span><\/b>Espect\u00e1culo de un minuto con un m\u00ednimo de <strong>$60.000 USD de ingresos netos por habitaci\u00f3n<br \/>\n<\/strong>\u00a0Espect\u00e1culo de fuegos artificiales de dos minutos con un m\u00ednimo de <strong>$100.000 USD de ingresos netos de habitaciones<\/strong><\/li>\n<li><strong>Traslados de lujo al aeropuerto<br \/>\n3 traslados de ida y vuelta\u00a0<\/strong>en un veh\u00edculo de lujo para hasta 5 hu\u00e9spedes cada uno<\/li>\n<li><strong>Spa y Bienestar<br \/>\n<\/strong><strong>10% de descuento\u00a0<\/strong>en el Waldorf Astoria Spa para las invitadas a la boda.<\/li>\n<li><b>Hilton Honors Recompensas<br \/>\n<\/b>Puntos basados en los cargos de habitaci\u00f3n y catering publicados en la cuenta maestra, para la pareja y el planificador del evento (si aplica).<\/li>\n<li><strong>Beneficios Exclusivos de la Habitaci\u00f3n<\/strong><br \/>\nTarifas de habitaci\u00f3n con descuento para invitados de bodas (incluyendo habitaciones individuales, villas de varias habitaciones y suites frente a la playa).<\/li>\n<li><b>Beneficios de Planificaci\u00f3n<br \/>\n<\/b>Tarifas de Inspecci\u00f3n Especial del Sitio de Planificaci\u00f3n:<strong> Dos noches en una king con vista al mar<\/strong> a una tarifa nocturna con descuento de <strong>$475 m\u00e1s impuestos m\u00e1s servicio.<br \/>\n<\/strong>Men\u00fa de degustaci\u00f3n gratuito para los novios.<\/li>\n<li><strong>Mejoras para el D\u00eda de la Boda<br \/>\n<\/strong>Vaporizaci\u00f3n de cortes\u00eda para el atuendo de bodas de la pareja.<br \/>\n<span data-olk-copy-source=\"MessageBody\">Servicio de cortes\u00eda rom\u00e1ntico para la noche de bodas con una botella de champ\u00e1n para la pareja.<\/span><\/li>\n<li><strong>Descuentos Adicionales para Eventos<br \/>\n10% de descuento\u00a0<\/strong>en un segundo evento contratado con servicio de catering (Recepci\u00f3n de Bienvenida, Cena de Ensayo)<br \/>\n<strong>15 de descuento%\u00a0<\/strong>en un tercer evento contratado con servicio de catering (Almuerzo de Despedida)<\/li>\n<\/ul>\n<p>&nbsp;<\/p>\n<p><em>*<span data-olk-copy-source=\"MessageBody\">Esta oferta est\u00e1 sujeta a disponibilidad y es exclusiva para nuevas reservas de grupos realizadas entre el 1 de enero de 2026 y el 31 de diciembre de 2026. Se aplica a grupos que cumplan los requisitos m\u00ednimos de noches de habitaci\u00f3n y gasto en alimentos y bebidas.<\/span><\/em><\/p>\n                                    <\/div>\r\n                                                                                                    <a href=\"https:\/\/www.waldorfastorialoscabospedregal.com\/es\/bodas\/\" \r\n                                        class=\"btn btn--accent media-content__cta a-up a-delay-2\" \r\n                                        target=\"_blank\">\r\n                                        M\u00e1s informaci\u00f3n                                    <\/a>\r\n                                                            <\/div>\r\n                        <\/div>\r\n                    <\/div>\r\n                <\/div>\r\n                            <div class=\"media-content-tab__content\"\r\n                    id=\"media-content-tab__content--2\">\r\n                    <div class=\"media-content\">\r\n                        <div class=\"container\">\r\n                                                            <div class=\"media-content__media\">\r\n                                        <div class=\"img-a\">\r\n        <div class=\"img-a-img\">\r\n            <img class=\"lazyload\" data-src=\"https:\/\/cdn.waldorfastorialoscabospedregal.com\/wp-content\/uploads\/2026\/01\/10012724\/Kaleigh-and-John-wedding-dinner-at-el-farallon-by-Chelsea-Gee-Photography.jpg\" alt=\"\">\r\n        <\/div>\r\n    <\/div>\r\n                                <\/div>\r\n                                                        <div class=\"media-content__content\">\r\n                                                                                                    <div class=\"media-content__text a-up a-delay-1\">\r\n                                        <h6><\/h6>\n<ul>\n<li>Bienvenida margarita o agua infusionada de hibisco al hacer el check-in.<\/li>\n<li>Regalo cortes\u00eda de Tequila Premium.<\/li>\n<li>Amenidad de cortes\u00eda por la tarde en la habitaci\u00f3n de cerveza mexicana y guacamole casero.<\/li>\n<li>Servicio de limpieza dos veces al d\u00eda, incluyendo la preparaci\u00f3n de la cama por la noche.<\/li>\n<li>Internet gratuito en todo el complejo.<\/li>\n<li>Estacionamiento gratuito con valet o por cuenta propia.<\/li>\n<li>Gimnasio gratuito que incluye clases de yoga.<\/li>\n<\/ul>\n                                    <\/div>\r\n                                                                                                    <a href=\"https:\/\/www.waldorfastorialoscabospedregal.com\/es\/\" \r\n                                        class=\"btn btn--accent media-content__cta a-up a-delay-2\" \r\n                                        target=\"_blank\">\r\n                                        Explora el Resort                                    <\/a>\r\n                                                            <\/div>\r\n                        <\/div>\r\n                    <\/div>\r\n                <\/div>\r\n                    <\/div>\r\n    <\/section>","protected":false},"excerpt":{"rendered":"<p>El para\u00edso marca el inicio de la eternidad. Descubra nuestra oferta para bodas en destinos exclusivos con beneficios especiales. Cont\u00e1ctenos!<\/p>","protected":false},"author":5,"featured_media":0,"parent":2024,"menu_order":0,"comment_status":"closed","ping_status":"closed","template":"","meta":{"_acf_changed":false,"inline_featured_image":false,"footnotes":""},"categories":[],"class_list":["post-79213","page","type-page","status-publish","hentry"],"acf":[],"featured_image_src":null,"featured_image_src_square":null,"_links":{"self":[{"href":"https:\/\/www.waldorfastorialoscabospedregal.com\/es\/wp-json\/wp\/v2\/pages\/79213","targetHints":{"allow":["GET"]}}],"collection":[{"href":"https:\/\/www.waldorfastorialoscabospedregal.com\/es\/wp-json\/wp\/v2\/pages"}],"about":[{"href":"https:\/\/www.waldorfastorialoscabospedregal.com\/es\/wp-json\/wp\/v2\/types\/page"}],"author":[{"embeddable":true,"href":"https:\/\/www.waldorfastorialoscabospedregal.com\/es\/wp-json\/wp\/v2\/users\/5"}],"replies":[{"embeddable":true,"href":"https:\/\/www.waldorfastorialoscabospedregal.com\/es\/wp-json\/wp\/v2\/comments?post=79213"}],"version-history":[{"count":45,"href":"https:\/\/www.waldorfastorialoscabospedregal.com\/es\/wp-json\/wp\/v2\/pages\/79213\/revisions"}],"predecessor-version":[{"id":94741,"href":"https:\/\/www.waldorfastorialoscabospedregal.com\/es\/wp-json\/wp\/v2\/pages\/79213\/revisions\/94741"}],"up":[{"embeddable":true,"href":"https:\/\/www.waldorfastorialoscabospedregal.com\/es\/wp-json\/wp\/v2\/pages\/2024"}],"wp:attachment":[{"href":"https:\/\/www.waldorfastorialoscabospedregal.com\/es\/wp-json\/wp\/v2\/media?parent=79213"}],"wp:term":[{"taxonomy":"category","embeddable":true,"href":"https:\/\/www.waldorfastorialoscabospedregal.com\/es\/wp-json\/wp\/v2\/categories?post=79213"}],"curies":[{"name":"wp","href":"https:\/\/api.w.org\/{rel}","templated":true}]}}