{"id":80296,"date":"2023-08-22T15:04:09","date_gmt":"2023-08-22T15:04:09","guid":{"rendered":"https:\/\/www.waldorfastorialoscabospedregal.com\/?page_id=80296"},"modified":"2025-03-25T19:36:08","modified_gmt":"2025-03-25T19:36:08","slug":"sostenibilidad","status":"publish","type":"page","link":"https:\/\/www.waldorfastorialoscabospedregal.com\/es\/sostenibilidad\/","title":{"rendered":"Sostenibilidad"},"content":{"rendered":"<section id=\"A BRIGHT FUTURE\" class=\"general-hero general-hero--dark\">\r\n    <div class=\"home-hero\">\r\n                    <img data-src=\"https:\/\/cdn.waldorfastorialoscabospedregal.com\/wp-content\/uploads\/2021\/12\/14172426\/EL-Farallon-Cliff-rocks-air-view-Aleks-Danielle-Photography-web-res-13.jpg\" alt=\"\" class=\"home-hero__bg lazyload\">\r\n            <\/div>\r\n    <div class=\"general-hero__content\">\r\n        <div class=\"general-hero__content--inner\">\r\n                            <div class=\"general-hero__text a-up\"><h1 class=\"entry-title\" style=\"text-align: center;\"><b>UN FUTURO BRILLANTE<\/b><\/h1>\n<p style=\"text-align: center;\"><i><span style=\"font-weight: 400;\">\u00daNETE AL LEGADO PEDREGAL<\/span><\/i><\/p>\n<\/div>\r\n                    <\/div>\r\n    <\/div>\r\n<\/section>\r\n\r\n<style>\r\n    #A BRIGHT FUTURE .home-hero::after {\r\n        opacity: 1 !important;\r\n    }\r\n    #A BRIGHT FUTURE .general-hero__content {\r\n        margin-top: -10vh;\r\n    }\r\n<\/style>\n\n<section id=\"responsive-spacer-block_6d9a55715129748133a05d19b330d5ba\" class=\"responsive-spacer\">\r\n<\/section>\r\n<style>\r\n    #responsive-spacer-block_6d9a55715129748133a05d19b330d5ba {\r\n        width: 100%;\r\n    }\r\n        #responsive-spacer-block_6d9a55715129748133a05d19b330d5ba {\r\n        height: 45px;\r\n    }\r\n                @media (min-width: 769px) {\r\n            #responsive-spacer-block_6d9a55715129748133a05d19b330d5ba {\r\n                height: 70px;\r\n            }\r\n        }\r\n                @media (min-width: 1201px) {\r\n            #responsive-spacer-block_6d9a55715129748133a05d19b330d5ba {\r\n                height: 120px;\r\n            }\r\n        }\r\n    <\/style>\n\n<section id=\"custom-wysiwig-block_58fe45779030bafa128ec7fedbce6aca\" class=\"custom-wysiwig a-up\">\r\n    <div class=\"container\">\r\n        <p style=\"text-align: center;\"><span style=\"font-weight: 400;\">En Waldorf Astoria Los Cabos Pedregal invitamos a los hu\u00e9spedes a <\/span><span style=\"font-weight: 400;\">fomentar una profunda conexi\u00f3n con nuestro impresionante entorno natural. <\/span><span style=\"font-weight: 400;\">Con la vista puesta en el nuevo a\u00f1o que nos aguarda, centramos nuestra atenci\u00f3n en preservar este legado de Pedregal. Con un enfoque en los esfuerzos de sostenibilidad elevados, nos mantenemos firmes en nuestro compromiso con un medio ambiente limpio.<\/span><\/p>\n<p style=\"text-align: center;\"><span style=\"font-weight: 400;\">Desde nuestro \u2018Comit\u00e9 Verde\u2019, que se re\u00fane mensualmente con distintos departamentos para revisar los temas ambientales y de sostenibilidad m\u00e1s relevantes, hasta nuestras iniciativas enfocadas en la protecci\u00f3n de la vida silvestre, la eficiencia energ\u00e9tica, la generaci\u00f3n de energ\u00eda y m\u00e1s, reafirmamos nuestro compromiso con un futuro brillante. Durante su estancia, usted podr\u00e1 apreciar una variedad de esfuerzos cuidadosamente implementados en la propiedad, dise\u00f1ados para preservar el legado de Pedregal por muchos a\u00f1os m\u00e1s.<\/span><\/p>\n    <\/div>\r\n<\/section>\r\n<style>\r\n            #custom-wysiwig-block_58fe45779030bafa128ec7fedbce6aca h1 {\r\n            color: #2f2f2f;\r\n        }\r\n                #custom-wysiwig-block_58fe45779030bafa128ec7fedbce6aca h2 {\r\n            color: #2f2f2f;\r\n        }\r\n                #custom-wysiwig-block_58fe45779030bafa128ec7fedbce6aca h3 {\r\n            color: #2f2f2f;\r\n        }\r\n                #custom-wysiwig-block_58fe45779030bafa128ec7fedbce6aca h4 {\r\n            color: #2f2f2f;\r\n        }\r\n                #custom-wysiwig-block_58fe45779030bafa128ec7fedbce6aca h5 {\r\n            color: #2F2F2F;\r\n        }\r\n                #custom-wysiwig-block_58fe45779030bafa128ec7fedbce6aca h6 {\r\n            color: #2f2f2f;\r\n        }\r\n                #custom-wysiwig-block_58fe45779030bafa128ec7fedbce6aca p {\r\n            color: #000000;\r\n        }\r\n                #custom-wysiwig-block_58fe45779030bafa128ec7fedbce6aca a:not(.btn, .link, .cta) {\r\n            color: #000000;\r\n        }\r\n    <\/style>\n\n<section id=\"responsive-spacer-block_6d9a55715129748133a05d19b330d5ba\" class=\"responsive-spacer\">\r\n<\/section>\r\n<style>\r\n    #responsive-spacer-block_6d9a55715129748133a05d19b330d5ba {\r\n        width: 100%;\r\n    }\r\n        #responsive-spacer-block_6d9a55715129748133a05d19b330d5ba {\r\n        height: 45px;\r\n    }\r\n                @media (min-width: 769px) {\r\n            #responsive-spacer-block_6d9a55715129748133a05d19b330d5ba {\r\n                height: 70px;\r\n            }\r\n        }\r\n                @media (min-width: 1201px) {\r\n            #responsive-spacer-block_6d9a55715129748133a05d19b330d5ba {\r\n                height: 120px;\r\n            }\r\n        }\r\n    <\/style>\n\n<section id=\"media-content-block_d7ad1d0130e83d9756e09d98a4a781f2\" class=\"media-content media-content--original no-padding text-center\">\r\n    <div class=\"container\">\r\n                    <div class=\"media-content__media\">\r\n                                    <div class=\"img-a\">\r\n        <div class=\"img-a-img\">\r\n            <img class=\"lazyload\" data-src=\"https:\/\/cdn.waldorfastorialoscabospedregal.com\/wp-content\/uploads\/2023\/06\/14020659\/pexels-anna-shvets-5218009.jpg\" alt=\"\">\r\n        <\/div>\r\n    <\/div>\r\n                            <\/div>\r\n                <div class=\"media-content__content\">\r\n                            <h2 class=\"media-content__title a-up\">Gesti\u00f3n <br \/>\r\nResponsable<\/h2>\r\n                                        <div class=\"media-content__text a-up a-delay-1\" style=\"margin-bottom: vw;\" >\r\n                    <p><i><span style=\"font-weight: 400;\">Nuestro equipo se compromete a separar los residuos org\u00e1nicos e inorg\u00e1nicos, los reciclables, incluidos el cart\u00f3n, el PET y el aluminio, junto con la manipulaci\u00f3n especial de residuos en todo nuestro complejo.<\/span><\/i><\/p>\n                <\/div>\r\n                                            <\/div>\r\n    <\/div>\r\n<\/section>\n\n<section id=\"Energy Efficiency\" class=\"media-content media-content--original media-content--left no-padding text-center\">\r\n    <div class=\"container\">\r\n                    <div class=\"media-content__media\">\r\n                                    <div class=\"img-a\">\r\n        <div class=\"img-a-img\">\r\n            <img class=\"lazyload\" data-src=\"https:\/\/cdn.waldorfastorialoscabospedregal.com\/wp-content\/uploads\/2024\/05\/14163534\/Solar-Panels-by-Studio-Eminence-7-lowres.jpg\" alt=\"\">\r\n        <\/div>\r\n    <\/div>\r\n                            <\/div>\r\n                <div class=\"media-content__content\">\r\n                            <h2 class=\"media-content__title a-up\">Eficiencia <br \/>\r\nEnerg\u00e9tica<\/h2>\r\n                                        <div class=\"media-content__text a-up a-delay-1\" style=\"margin-bottom: 1vw;\" >\r\n                    <p><i><span style=\"font-weight: 400;\">Tambi\u00e9n estamos comprometidos con la formaci\u00f3n continua de nuestro personal para preservar la energ\u00eda siempre que sea posible. Esto incluye visitas interdepartamentales a la propiedad para detectar \u00e1reas de oportunidad en curso, as\u00ed como paneles solares para mejorar el medio ambiente.<\/span><\/i><\/p>\n                <\/div>\r\n                                            <\/div>\r\n    <\/div>\r\n<\/section>\n\n<section id=\"Eco-Friendly programs\" class=\"media-content media-content--original no-padding text-center\">\r\n    <div class=\"container\">\r\n                    <div class=\"media-content__media\">\r\n                                    <div class=\"img-a\">\r\n        <div class=\"img-a-img\">\r\n            <img class=\"lazyload\" data-src=\"https:\/\/cdn.waldorfastorialoscabospedregal.com\/wp-content\/uploads\/2023\/06\/14015056\/Bottled-water-webres.jpg\" alt=\"\">\r\n        <\/div>\r\n    <\/div>\r\n                            <\/div>\r\n                <div class=\"media-content__content\">\r\n                            <h2 class=\"media-content__title a-up\">Iniciativas <br \/>\r\nSustentables<\/h2>\r\n                                        <div class=\"media-content__text a-up a-delay-1\" style=\"margin-bottom: 1vw;\" >\r\n                    <p><i><span style=\"font-weight: 400;\">En un esfuerzo por preservar nuestra planta y el legado para nuestros hijos, Waldorf Astoria Los Cabos Pedregal participa con orgullo en una serie de programas ecol\u00f3gicos para ayudar a preservar el medio ambiente. Esto incluye la reducci\u00f3n del consumo de agua y energ\u00eda, con la ayuda de nuestros hu\u00e9spedes, en l\u00ednea con nuestro Programa de Responsabilidad Corporativa VIAJAR CON PROP\u00d3SITO, impulsando cambios sociales y ambientales positivos en todas nuestras operaciones y comunidades.<\/span><\/i><\/p>\n                <\/div>\r\n                                            <\/div>\r\n    <\/div>\r\n<\/section>\n\n<section id=\"Energy Management\" class=\"media-content media-content--original media-content--left no-padding text-center\">\r\n    <div class=\"container\">\r\n                    <div class=\"media-content__media\">\r\n                                    <div class=\"img-a\">\r\n        <div class=\"img-a-img\">\r\n            <img class=\"lazyload\" data-src=\"https:\/\/cdn.waldorfastorialoscabospedregal.com\/wp-content\/uploads\/2023\/06\/14164922\/pexels-pixabay-355948.jpg\" alt=\"\">\r\n        <\/div>\r\n    <\/div>\r\n                            <\/div>\r\n                <div class=\"media-content__content\">\r\n                            <h2 class=\"media-content__title a-up\">Eficiencia<br \/>\r\nEnerg\u00e9tica<\/h2>\r\n                                        <div class=\"media-content__text a-up a-delay-1\" style=\"margin-bottom: 1vw;\" >\r\n                    <p><i><span style=\"font-weight: 400;\">Waldorf Astoria Los Cabos Pedregal ha sido orgullosamente certificado como Sistema de Gesti\u00f3n Energ\u00e9tica (<a href=\"https:\/\/www.iso.org\/iso-50001-energy-management.html\" target=\"_blank\" rel=\"noopener\">ISO 50001<\/a>:2018) desde 2017. Esta certificaci\u00f3n se renueva anualmente, manteniendo a nuestro resort como el primero en Latinoam\u00e9rica con este honor.<\/span><\/i><\/p>\n                <\/div>\r\n                                            <\/div>\r\n    <\/div>\r\n<\/section>\n\n<section id=\"Wildlife\" class=\"media-content media-content--original no-padding text-center\">\r\n    <div class=\"container\">\r\n                    <div class=\"media-content__media\">\r\n                                    <div class=\"img-a\">\r\n        <div class=\"img-a-img\">\r\n            <img class=\"lazyload\" data-src=\"https:\/\/cdn.waldorfastorialoscabospedregal.com\/wp-content\/uploads\/2022\/04\/14024140\/Diseno-sin-titulo-e1675426925299.webp\" alt=\"\">\r\n        <\/div>\r\n    <\/div>\r\n                            <\/div>\r\n                <div class=\"media-content__content\">\r\n                            <h2 class=\"media-content__title a-up\">Esfuerzos en favor de la fauna<\/h2>\r\n                                        <div class=\"media-content__text a-up a-delay-1\" style=\"margin-bottom: 1vw;\" >\r\n                    <p><i><span style=\"font-weight: 400;\">Nuestro complejo asume un compromiso con la protecci\u00f3n y conservaci\u00f3n de las tortugas marinas, con un permiso federal aprobado para mantener un nido de tortugas en la propiedad. Con ello, los miembros del equipo reciben formaci\u00f3n para la manipulaci\u00f3n y el cuidado de los huevos y las tortugas que anidan, incluida la vigilancia de la playa las 24 horas del d\u00eda, la recogida de huevos y el trasplante, la limpieza del nido, la liberaci\u00f3n de las tortugas y la educaci\u00f3n medioambiental continua tanto para los hu\u00e9spedes como para los miembros del equipo. Waldorf Astoria sigue siendo el \u00fanico resort de nuestro destino con autorizaci\u00f3n de uso no extractivo para la Protecci\u00f3n y Conservaci\u00f3n de las Tortugas Marinas.<\/span><\/i><\/p>\n                <\/div>\r\n                                            <\/div>\r\n    <\/div>\r\n<\/section>\n\n<section id=\"responsive-spacer-block_3ef97dfa01bd1b640bb338495bc513ed\" class=\"responsive-spacer\">\r\n<\/section>\r\n<style>\r\n    #responsive-spacer-block_3ef97dfa01bd1b640bb338495bc513ed {\r\n        width: 100%;\r\n    }\r\n            <\/style>\n\n<section id=\"responsive-spacer-block_3ef97dfa01bd1b640bb338495bc513ed\" class=\"responsive-spacer\">\r\n<\/section>\r\n<style>\r\n    #responsive-spacer-block_3ef97dfa01bd1b640bb338495bc513ed {\r\n        width: 100%;\r\n    }\r\n            <\/style>\n\n<section id=\"responsive-spacer-block_3ef97dfa01bd1b640bb338495bc513ed\" class=\"responsive-spacer\">\r\n<\/section>\r\n<style>\r\n    #responsive-spacer-block_3ef97dfa01bd1b640bb338495bc513ed {\r\n        width: 100%;\r\n    }\r\n            <\/style>\n\n<section id=\"custom-wysiwig-block_15609c2b40eff2221a6cae5ee94d9c48\" class=\"custom-wysiwig a-up\">\r\n    <div class=\"container\">\r\n        <h3><\/h3>\n<h3><\/h3>\n<h5 style=\"text-align: center;\"><span style=\"font-weight: 400;\">Estos esfuerzos elevados en materia de sostenibilidad son solo el comienzo para Waldorf Astoria Los Cabos Pedregal. Descanse con tranquilidad sabiendo que su estancia en el para\u00edso no solo representa una escapada, sino tambi\u00e9n un compromiso con un entorno limpio y responsable.\nJuntos, le invitamos a sumarse a nuestra misi\u00f3n de preservar un futuro brillante para nuestro planeta.<\/span><\/h5>\n    <\/div>\r\n<\/section>\r\n<style>\r\n            #custom-wysiwig-block_15609c2b40eff2221a6cae5ee94d9c48 h1 {\r\n            color: #2f2f2f;\r\n        }\r\n                #custom-wysiwig-block_15609c2b40eff2221a6cae5ee94d9c48 h2 {\r\n            color: #2f2f2f;\r\n        }\r\n                #custom-wysiwig-block_15609c2b40eff2221a6cae5ee94d9c48 h3 {\r\n            color: #2f2f2f;\r\n        }\r\n                #custom-wysiwig-block_15609c2b40eff2221a6cae5ee94d9c48 h4 {\r\n            color: #2f2f2f;\r\n        }\r\n                #custom-wysiwig-block_15609c2b40eff2221a6cae5ee94d9c48 h5 {\r\n            color: #2F2F2F;\r\n        }\r\n                #custom-wysiwig-block_15609c2b40eff2221a6cae5ee94d9c48 h6 {\r\n            color: #2f2f2f;\r\n        }\r\n                #custom-wysiwig-block_15609c2b40eff2221a6cae5ee94d9c48 p {\r\n            color: #000000;\r\n        }\r\n                #custom-wysiwig-block_15609c2b40eff2221a6cae5ee94d9c48 a:not(.btn, .link, .cta) {\r\n            color: #000000;\r\n        }\r\n    <\/style>\n\n<section id=\"responsive-spacer-block_3ef97dfa01bd1b640bb338495bc513ed\" class=\"responsive-spacer\">\r\n<\/section>\r\n<style>\r\n    #responsive-spacer-block_3ef97dfa01bd1b640bb338495bc513ed {\r\n        width: 100%;\r\n    }\r\n            <\/style>","protected":false},"excerpt":{"rendered":"","protected":false},"author":5,"featured_media":0,"parent":0,"menu_order":0,"comment_status":"closed","ping_status":"closed","template":"","meta":{"_acf_changed":false,"inline_featured_image":false,"footnotes":""},"categories":[62],"class_list":["post-80296","page","type-page","status-publish","hentry","category-sustainability"],"acf":[],"featured_image_src":null,"featured_image_src_square":null,"_links":{"self":[{"href":"https:\/\/www.waldorfastorialoscabospedregal.com\/es\/wp-json\/wp\/v2\/pages\/80296","targetHints":{"allow":["GET"]}}],"collection":[{"href":"https:\/\/www.waldorfastorialoscabospedregal.com\/es\/wp-json\/wp\/v2\/pages"}],"about":[{"href":"https:\/\/www.waldorfastorialoscabospedregal.com\/es\/wp-json\/wp\/v2\/types\/page"}],"author":[{"embeddable":true,"href":"https:\/\/www.waldorfastorialoscabospedregal.com\/es\/wp-json\/wp\/v2\/users\/5"}],"replies":[{"embeddable":true,"href":"https:\/\/www.waldorfastorialoscabospedregal.com\/es\/wp-json\/wp\/v2\/comments?post=80296"}],"version-history":[{"count":37,"href":"https:\/\/www.waldorfastorialoscabospedregal.com\/es\/wp-json\/wp\/v2\/pages\/80296\/revisions"}],"predecessor-version":[{"id":95166,"href":"https:\/\/www.waldorfastorialoscabospedregal.com\/es\/wp-json\/wp\/v2\/pages\/80296\/revisions\/95166"}],"wp:attachment":[{"href":"https:\/\/www.waldorfastorialoscabospedregal.com\/es\/wp-json\/wp\/v2\/media?parent=80296"}],"wp:term":[{"taxonomy":"category","embeddable":true,"href":"https:\/\/www.waldorfastorialoscabospedregal.com\/es\/wp-json\/wp\/v2\/categories?post=80296"}],"curies":[{"name":"wp","href":"https:\/\/api.w.org\/{rel}","templated":true}]}}