{"id":85714,"date":"2024-06-18T20:45:12","date_gmt":"2024-06-18T20:45:12","guid":{"rendered":"https:\/\/www.waldorfastorialoscabospedregal.com\/?page_id=85714"},"modified":"2025-05-20T13:55:29","modified_gmt":"2025-05-20T13:55:29","slug":"preguntas-reuniones","status":"publish","type":"page","link":"https:\/\/www.waldorfastorialoscabospedregal.com\/es\/reuniones\/preguntas-reuniones\/","title":{"rendered":"Preguntas frecuentes sobre reuniones"},"content":{"rendered":"<section id=\"cover\" class=\"general-hero general-hero--dark\">\r\n    <div class=\"home-hero\">\r\n                    <img data-src=\"https:\/\/cdn.waldorfastorialoscabospedregal.com\/wp-content\/uploads\/2024\/05\/14163013\/DJI_20240113144046_0050_D-BAEdits-scaled-e1717198866250.jpg\" alt=\"\" class=\"home-hero__bg lazyload\">\r\n            <\/div>\r\n    <div class=\"general-hero__content\">\r\n        <div class=\"general-hero__content--inner\">\r\n                            <div class=\"general-hero__text a-up\"><h1><\/h1>\n<h1 style=\"text-align: center;\">PREGUNTAS FRECUENTES SOBRE REUNIONES<\/h1>\n<\/div>\r\n                    <\/div>\r\n    <\/div>\r\n<\/section>\r\n\r\n<style>\r\n    #cover .home-hero::after {\r\n        opacity: 0.75 !important;\r\n    }\r\n    #cover .general-hero__content {\r\n        margin-top: -0vh;\r\n    }\r\n<\/style>\n\n<section id=\"responsive-spacer-block_97a3d9442d09c374554ce15082a03b63\" class=\"responsive-spacer\">\r\n<\/section>\r\n<style>\r\n    #responsive-spacer-block_97a3d9442d09c374554ce15082a03b63 {\r\n        width: 100%;\r\n    }\r\n        #responsive-spacer-block_97a3d9442d09c374554ce15082a03b63 {\r\n        height: 88px;\r\n    }\r\n                @media (min-width: 769px) {\r\n            #responsive-spacer-block_97a3d9442d09c374554ce15082a03b63 {\r\n                height: 100px;\r\n            }\r\n        }\r\n                @media (min-width: 1201px) {\r\n            #responsive-spacer-block_97a3d9442d09c374554ce15082a03b63 {\r\n                height: 122px;\r\n            }\r\n        }\r\n    <\/style>\n\n<section id=\"FAQ\" class=\"accordions\">\r\n<div class=\"container\">\r\n                            <div class=\"accordion a-up\">\r\n                                    <div class=\"accordion-title\">\u00bfSe puede celebrar mi espacio de reuni\u00f3n o conferencia antes o despu\u00e9s de las fechas del evento?\t<\/div>\r\n                                                    <div class=\"accordion-content\">\r\n                        <div class=\"accordion-content__inner\">\r\n                            <p>Claro, podemos organizarlo, sujeto a disponibilidad.<\/p>\n                        <\/div>\r\n                    <\/div>\r\n                            <\/div>\r\n                    <div class=\"accordion a-up\">\r\n                                    <div class=\"accordion-title\">\u00bfHay internet de alta velocidad o Wi-Fi en el resort?\t<\/div>\r\n                                                    <div class=\"accordion-content\">\r\n                        <div class=\"accordion-content__inner\">\r\n                            <p>S\u00ed, ofrecemos acceso a internet gratuito en todo el resort para su comodidad.<\/p>\n                        <\/div>\r\n                    <\/div>\r\n                            <\/div>\r\n                    <div class=\"accordion a-up\">\r\n                                    <div class=\"accordion-title\">\u00bfC\u00f3mo se ordenar\u00e1 la tecnolog\u00eda de mi evento?<\/div>\r\n                                                    <div class=\"accordion-content\">\r\n                        <div class=\"accordion-content__inner\">\r\n                            <p>Tu CSM dedicado te ayudar\u00e1 a encontrar los mejores proveedores locales de AV. El pago se puede realizar directamente o cargar a la cuenta principal para una comodidad perfecta.<\/p>\n                        <\/div>\r\n                    <\/div>\r\n                            <\/div>\r\n                    <div class=\"accordion a-up\">\r\n                                    <div class=\"accordion-title\">\u00bfSe puede alquilar un espacio de oficina por la duraci\u00f3n de la reuni\u00f3n o conferencia?<\/div>\r\n                                                    <div class=\"accordion-content\">\r\n                        <div class=\"accordion-content__inner\">\r\n                            <p>Ciertamente, puede optar por la habitaci\u00f3n Pai Pai o Cochimi para sus necesidades de espacio de oficina durante el evento.<\/p>\n                        <\/div>\r\n                    <\/div>\r\n                            <\/div>\r\n                    <div class=\"accordion a-up\">\r\n                                    <div class=\"accordion-title\">\u00bfC\u00f3mo gestiono el env\u00edo de paquetes y materiales de reuni\u00f3n con antelaci\u00f3n al resort?<\/div>\r\n                                                    <div class=\"accordion-content\">\r\n                        <div class=\"accordion-content__inner\">\r\n                            <p>Su CSM estar\u00e1 encantado de compartir las instrucciones de env\u00edo; por lo general, se requerir\u00e1 un Agente de Aduanas. Esto depender\u00e1 de la mercanc\u00eda.<\/p>\n                        <\/div>\r\n                    <\/div>\r\n                            <\/div>\r\n                    <div class=\"accordion a-up\">\r\n                                    <div class=\"accordion-title\">\u00bfSu complejo tur\u00edstico ofrece cambio de divisas?<\/div>\r\n                                                    <div class=\"accordion-content\">\r\n                        <div class=\"accordion-content__inner\">\r\n                            <p>S\u00ed, ofrecemos servicios de cambio de divisas para la comodidad de nuestros hu\u00e9spedes.<\/p>\n                        <\/div>\r\n                    <\/div>\r\n                            <\/div>\r\n                    <div class=\"accordion a-up\">\r\n                                    <div class=\"accordion-title\">\u00bfTienen iniciativas de sostenibilidad?<\/div>\r\n                                                    <div class=\"accordion-content\">\r\n                        <div class=\"accordion-content__inner\">\r\n                            <p>S\u00ed, en Waldorf Astoria Los Cabos Pedregal, estamos profundamente comprometidos con la sostenibilidad y la gesti\u00f3n ambiental. Nuestras iniciativas incluyen la reducci\u00f3n de pl\u00e1sticos de un solo uso, la conservaci\u00f3n del agua y el abastecimiento de productos locales y sostenibles para nuestras ofertas culinarias. Tambi\u00e9n nos enfocamos en la eficiencia energ\u00e9tica y la reducci\u00f3n de residuos en todo el resort. Puede leer m\u00e1s sobre ello <a href=\"https:\/\/www.waldorfastorialoscabospedregal.com\/es\/sostenibilidad\/\">aqu\u00ed.<\/a><\/p>\n                        <\/div>\r\n                    <\/div>\r\n                            <\/div>\r\n                    <div class=\"accordion a-up\">\r\n                                    <div class=\"accordion-title\">\u00bfEl resort ofrece \u00e1reas para fumadores y para no fumadores?<\/div>\r\n                                                    <div class=\"accordion-content\">\r\n                        <div class=\"accordion-content__inner\">\r\n                            <p>S\u00ed, ofrecemos \u00e1reas designadas para fumar y no fumar para la comodidad de nuestros hu\u00e9spedes.<\/p>\n                        <\/div>\r\n                    <\/div>\r\n                            <\/div>\r\n                    <div class=\"accordion a-up\">\r\n                                    <div class=\"accordion-title\">\u00bfEl resort ofrece transporte a las atracciones locales?<\/div>\r\n                                                    <div class=\"accordion-content\">\r\n                        <div class=\"accordion-content__inner\">\r\n                            <p>Los taxis est\u00e1n disponibles las 24 horas del d\u00eda, los 7 d\u00edas de la semana en nuestro vest\u00edbulo principal para facilitar el acceso a las atracciones locales.<\/p>\n                        <\/div>\r\n                    <\/div>\r\n                            <\/div>\r\n                    <div class=\"accordion a-up\">\r\n                                    <div class=\"accordion-title\">\u00bfEl resort ofrece estacionamiento para eventos?<\/div>\r\n                                                    <div class=\"accordion-content\">\r\n                        <div class=\"accordion-content__inner\">\r\n                            <p>S\u00ed, tenemos estacionamiento para eventos disponible.<\/p>\n                        <\/div>\r\n                    <\/div>\r\n                            <\/div>\r\n                    <div class=\"accordion a-up\">\r\n                                    <div class=\"accordion-title\">\u00bfHay transporte hacia\/desde el Aeropuerto Internacional SJD?<\/div>\r\n                                                    <div class=\"accordion-content\">\r\n                        <div class=\"accordion-content__inner\">\r\n                            <p>Absolutamente, se puede organizar a trav\u00e9s de nuestro conserje personal o DMC. A 45 minutos del aeropuerto (SJD San Jos\u00e9 del Cabo)<\/p>\n                        <\/div>\r\n                    <\/div>\r\n                            <\/div>\r\n                    <div class=\"accordion a-up\">\r\n                                    <div class=\"accordion-title\">\u00bfQu\u00e9 tan cerca est\u00e1 el hotel de las atracciones, parques y tiendas?<\/div>\r\n                                                    <div class=\"accordion-content\">\r\n                        <div class=\"accordion-content__inner\">\r\n                            <p>Somos el \u00fanico resort de 5 estrellas de Forbes ubicado en Cabo San Lucas, a poca distancia a pie del pueblo, la marina y las opciones de entretenimiento.<\/p>\n                        <\/div>\r\n                    <\/div>\r\n                            <\/div>\r\n                    <div class=\"accordion a-up\">\r\n                                    <div class=\"accordion-title\">\u00bfHay alguna tarifa por usar el gimnasio?<\/div>\r\n                                                    <div class=\"accordion-content\">\r\n                        <div class=\"accordion-content__inner\">\r\n                            <p>No, el gimnasio est\u00e1 disponible las 24 horas del d\u00eda, los 7 d\u00edas de la semana.<\/p>\n                        <\/div>\r\n                    <\/div>\r\n                            <\/div>\r\n                    <div class=\"accordion a-up\">\r\n                                    <div class=\"accordion-title\">\u00bfQu\u00e9 se necesita para asegurar mi espacio de reuni\u00f3n o conferencia?<\/div>\r\n                                                    <div class=\"accordion-content\">\r\n                        <div class=\"accordion-content__inner\">\r\n                            <p>Estamos dispuestos a mantener un espacio con una carta de intenci\u00f3n y\/o acuerdo firmado; por favor, discuta esto directamente con el gerente de ventas.<\/p>\n                        <\/div>\r\n                    <\/div>\r\n                            <\/div>\r\n                    <div class=\"accordion a-up\">\r\n                                    <div class=\"accordion-title\">\u00bfCu\u00e1ntas salas de reuniones hay?<\/div>\r\n                                                    <div class=\"accordion-content\">\r\n                        <div class=\"accordion-content__inner\">\r\n                            <p>Tenemos dos salas de reuniones.<\/p>\n                        <\/div>\r\n                    <\/div>\r\n                            <\/div>\r\n                    <div class=\"accordion a-up\">\r\n                                    <div class=\"accordion-title\">\u00bfPuede proporcionar informaci\u00f3n sobre el tama\u00f1o de las salas de reuniones disponibles en su resort?<\/div>\r\n                                                    <div class=\"accordion-content\">\r\n                        <div class=\"accordion-content__inner\">\r\n                            <p>Con 800 pies cuadrados para el <strong>Sala Pai Pai\u00a0<\/strong>y 41,9 metros cuadrados para la <strong>Habitaci\u00f3n Cochimi <\/strong>Ambos espacios est\u00e1n dise\u00f1ados para proporcionar un ambiente c\u00f3modo y productivo para sus reuniones.<\/p>\n                        <\/div>\r\n                    <\/div>\r\n                            <\/div>\r\n                    <div class=\"accordion a-up\">\r\n                                    <div class=\"accordion-title\">\u00bfCu\u00e1ntas salas de reuniones necesito?<\/div>\r\n                                                    <div class=\"accordion-content\">\r\n                        <div class=\"accordion-content__inner\">\r\n                            <p>El n\u00famero de salas de reuniones que necesitar\u00e1 depende de varios factores, incluido el tama\u00f1o de su grupo, el tipo de evento que est\u00e1 planeando y sus requisitos espec\u00edficos. Nuestro equipo est\u00e1 disponible para ayudarle a determinar la mejor configuraci\u00f3n para satisfacer sus necesidades y garantizar un evento exitoso.<\/p>\n                        <\/div>\r\n                    <\/div>\r\n                            <\/div>\r\n                    <div class=\"accordion a-up\">\r\n                                    <div class=\"accordion-title\">\u00bfQui\u00e9n ser\u00e1 la persona de contacto del resort el d\u00eda de nuestro evento corporativo?\t<\/div>\r\n                                                    <div class=\"accordion-content\">\r\n                        <div class=\"accordion-content__inner\">\r\n                            <p>Uno de nuestros dedicados Gerentes de Servicios de Conferencias ser\u00e1 asignado a su grupo durante la fase de planificaci\u00f3n, asegurando atenci\u00f3n personalizada y coordinaci\u00f3n sin problemas para su evento.<\/p>\n                        <\/div>\r\n                    <\/div>\r\n                            <\/div>\r\n                    <div class=\"accordion a-up\">\r\n                                    <div class=\"accordion-title\">\u00bfQu\u00e9 comidas alternativas proporcionan para personas con alergias o vegetarianos?<\/div>\r\n                                                    <div class=\"accordion-content\">\r\n                        <div class=\"accordion-content__inner\">\r\n                            <p>Todos nuestros men\u00fas de restaurante y banquetes incluyen opciones veganas y vegetarianas. Nuestro equipo culinario se esfuerza por satisfacer las restricciones y alergias alimentarias, garantizando una experiencia gastron\u00f3mica deliciosa y segura para todos.<\/p>\n                        <\/div>\r\n                    <\/div>\r\n                            <\/div>\r\n                    <div class=\"accordion a-up\">\r\n                                    <div class=\"accordion-title\">\u00bfPermiten catering externo en las instalaciones?<\/div>\r\n                                                    <div class=\"accordion-content\">\r\n                        <div class=\"accordion-content__inner\">\r\n                            <p>Todos los acuerdos de alimentos y bebidas que se realicen en el lugar deben hacerse a trav\u00e9s del Resort. Solo se pueden servir en las instalaciones del Resort los alimentos y bebidas comprados en el Resort.<\/p>\n                        <\/div>\r\n                    <\/div>\r\n                            <\/div>\r\n                    <div class=\"accordion a-up\">\r\n                                    <div class=\"accordion-title\">\u00bfQu\u00e9 servicios hay en las instalaciones para los asistentes?<\/div>\r\n                                                    <div class=\"accordion-content\">\r\n                        <div class=\"accordion-content__inner\">\r\n                            <p>Ofrecemos una bebida de bienvenida gratuita a la llegada y una botella de tequila de cortes\u00eda por habitaci\u00f3n.<\/p>\n                        <\/div>\r\n                    <\/div>\r\n                            <\/div>\r\n                    <div class=\"accordion a-up\">\r\n                                    <div class=\"accordion-title\">\u00bfHay una tarifa corporativa con descuento?<\/div>\r\n                                                    <div class=\"accordion-content\">\r\n                        <div class=\"accordion-content__inner\">\r\n                            <p>S\u00ed, ofrecemos tarifas grupales con descuento para bloques de 10 o m\u00e1s habitaciones.<\/p>\n                        <\/div>\r\n                    <\/div>\r\n                            <\/div>\r\n                    <div class=\"accordion a-up\">\r\n                                    <div class=\"accordion-title\">\u00bfCu\u00e1les son los arreglos de estacionamiento?<\/div>\r\n                                                    <div class=\"accordion-content\">\r\n                        <div class=\"accordion-content__inner\">\r\n                            <p>Ofrecemos servicio de aparcacoches de cortes\u00eda para nuestros hu\u00e9spedes.<\/p>\n                        <\/div>\r\n                    <\/div>\r\n                            <\/div>\r\n                    <div class=\"accordion a-up\">\r\n                                    <div class=\"accordion-title\">\u00bfTiene un \u00e1rea de servicios para empresas?<\/div>\r\n                                                    <div class=\"accordion-content\">\r\n                        <div class=\"accordion-content__inner\">\r\n                            <p>S\u00ed, contamos con un Centro de Negocios en las instalaciones.<\/p>\n                        <\/div>\r\n                    <\/div>\r\n                            <\/div>\r\n                    <div class=\"accordion a-up\">\r\n                                    <div class=\"accordion-title\">\u00bfOfrecen actividades de team building u otras actividades?<\/div>\r\n                                                    <div class=\"accordion-content\">\r\n                        <div class=\"accordion-content__inner\">\r\n                            <p>S\u00ed, ofrecemos una variedad de actividades de integraci\u00f3n de equipos.<\/p>\n                        <\/div>\r\n                    <\/div>\r\n                            <\/div>\r\n                    <div class=\"accordion a-up\">\r\n                                    <div class=\"accordion-title\">\u00bfHay descuentos especiales para organizaciones sin fines de lucro?<\/div>\r\n                                                    <div class=\"accordion-content\">\r\n                        <div class=\"accordion-content__inner\">\r\n                            <p>Estamos abiertos a discutir descuentos especiales y ofrecemos beneficios de RSE con nuestra promoci\u00f3n M\u00e1s es M\u00e1s.<\/p>\n                        <\/div>\r\n                    <\/div>\r\n                            <\/div>\r\n                <\/div>\r\n<\/section>\n\n<section id=\"media-content-block_7358685c38f1aa9baa805eede1767caf\" class=\"media-content media-content--original text-center\">\r\n    <div class=\"container\">\r\n                <div class=\"media-content__content\">\r\n                                        <div class=\"media-content__text a-up a-delay-1\" style=\"margin-bottom: 1vw;\" >\r\n                    <p>&nbsp;<\/p>\n<p>&nbsp;<\/p>\n<p>&nbsp;<\/p>\n<p>&nbsp;<\/p>\n<p style=\"text-align: center;\"><a  href=\"https:\/\/www.waldorfastorialoscabospedregal.com\/es\/reuniones\/#rfp\" \r\n                    class=\"btn btn--accent\" \r\n                    target=\"\" >M\u00e1s informaci\u00f3n<\/a><\/p>\n                <\/div>\r\n                                            <\/div>\r\n    <\/div>\r\n<\/section>\n\n<section id=\"responsive-spacer-block_97a3d9442d09c374554ce15082a03b63\" class=\"responsive-spacer\">\r\n<\/section>\r\n<style>\r\n    #responsive-spacer-block_97a3d9442d09c374554ce15082a03b63 {\r\n        width: 100%;\r\n    }\r\n        #responsive-spacer-block_97a3d9442d09c374554ce15082a03b63 {\r\n        height: 88px;\r\n    }\r\n                @media (min-width: 769px) {\r\n            #responsive-spacer-block_97a3d9442d09c374554ce15082a03b63 {\r\n                height: 100px;\r\n            }\r\n        }\r\n                @media (min-width: 1201px) {\r\n            #responsive-spacer-block_97a3d9442d09c374554ce15082a03b63 {\r\n                height: 122px;\r\n            }\r\n        }\r\n    <\/style>","protected":false},"excerpt":{"rendered":"","protected":false},"author":9,"featured_media":0,"parent":2525,"menu_order":0,"comment_status":"closed","ping_status":"closed","template":"","meta":{"_acf_changed":false,"inline_featured_image":false,"footnotes":""},"categories":[],"class_list":["post-85714","page","type-page","status-publish","hentry"],"acf":[],"featured_image_src":null,"featured_image_src_square":null,"_links":{"self":[{"href":"https:\/\/www.waldorfastorialoscabospedregal.com\/es\/wp-json\/wp\/v2\/pages\/85714","targetHints":{"allow":["GET"]}}],"collection":[{"href":"https:\/\/www.waldorfastorialoscabospedregal.com\/es\/wp-json\/wp\/v2\/pages"}],"about":[{"href":"https:\/\/www.waldorfastorialoscabospedregal.com\/es\/wp-json\/wp\/v2\/types\/page"}],"author":[{"embeddable":true,"href":"https:\/\/www.waldorfastorialoscabospedregal.com\/es\/wp-json\/wp\/v2\/users\/9"}],"replies":[{"embeddable":true,"href":"https:\/\/www.waldorfastorialoscabospedregal.com\/es\/wp-json\/wp\/v2\/comments?post=85714"}],"version-history":[{"count":28,"href":"https:\/\/www.waldorfastorialoscabospedregal.com\/es\/wp-json\/wp\/v2\/pages\/85714\/revisions"}],"predecessor-version":[{"id":85952,"href":"https:\/\/www.waldorfastorialoscabospedregal.com\/es\/wp-json\/wp\/v2\/pages\/85714\/revisions\/85952"}],"up":[{"embeddable":true,"href":"https:\/\/www.waldorfastorialoscabospedregal.com\/es\/wp-json\/wp\/v2\/pages\/2525"}],"wp:attachment":[{"href":"https:\/\/www.waldorfastorialoscabospedregal.com\/es\/wp-json\/wp\/v2\/media?parent=85714"}],"wp:term":[{"taxonomy":"category","embeddable":true,"href":"https:\/\/www.waldorfastorialoscabospedregal.com\/es\/wp-json\/wp\/v2\/categories?post=85714"}],"curies":[{"name":"wp","href":"https:\/\/api.w.org\/{rel}","templated":true}]}}