{"id":86560,"date":"2024-07-29T18:30:15","date_gmt":"2024-07-29T18:30:15","guid":{"rendered":"https:\/\/www.waldorfastorialoscabospedregal.com\/?page_id=86560"},"modified":"2026-02-24T23:00:33","modified_gmt":"2026-02-24T23:00:33","slug":"faq-bodas","status":"publish","type":"page","link":"https:\/\/www.waldorfastorialoscabospedregal.com\/es\/bodas\/faq-bodas\/","title":{"rendered":"Preguntas frecuentes sobre bodas"},"content":{"rendered":"<section id=\"cover\" class=\"general-hero general-hero--dark\">\r\n    <div class=\"home-hero\">\r\n                    <img data-src=\"https:\/\/cdn.waldorfastorialoscabospedregal.com\/wp-content\/uploads\/2024\/07\/14162538\/23-Alexis-William-Waldorf-Astoria-Pedregal-Los-Cabos-wedding-sneakpeek-LA76-Photography-20231111-BAEDits-webres.jpg\" alt=\"\" class=\"home-hero__bg lazyload\">\r\n            <\/div>\r\n    <div class=\"general-hero__content\">\r\n        <div class=\"general-hero__content--inner\">\r\n                            <div class=\"general-hero__text a-up\"><h1><\/h1>\n<h1 style=\"text-align: center;\">PREGUNTAS FRECUENTES SOBRE BODAS<\/h1>\n<\/div>\r\n                    <\/div>\r\n    <\/div>\r\n<\/section>\r\n\r\n<style>\r\n    #cover .home-hero::after {\r\n        opacity: 0 !important;\r\n    }\r\n    #cover .general-hero__content {\r\n        margin-top: -0vh;\r\n    }\r\n<\/style>\n\n<section id=\"responsive-spacer-block_d3ac0228759ae400c74c99fb634a4943\" class=\"responsive-spacer\">\r\n<\/section>\r\n<style>\r\n    #responsive-spacer-block_d3ac0228759ae400c74c99fb634a4943 {\r\n        width: 100%;\r\n    }\r\n        #responsive-spacer-block_d3ac0228759ae400c74c99fb634a4943 {\r\n        height: 88px;\r\n    }\r\n                @media (min-width: 769px) {\r\n            #responsive-spacer-block_d3ac0228759ae400c74c99fb634a4943 {\r\n                height: 100px;\r\n            }\r\n        }\r\n                @media (min-width: 1201px) {\r\n            #responsive-spacer-block_d3ac0228759ae400c74c99fb634a4943 {\r\n                height: 122px;\r\n            }\r\n        }\r\n    <\/style>\n\n<section id=\"FAQ\" class=\"accordions\">\r\n<div class=\"container\">\r\n                            <div class=\"accordion a-up\">\r\n                                    <div class=\"accordion-title\">\u00bfCu\u00e1ntos hu\u00e9spedes pueden dormir en las habitaciones?<\/div>\r\n                                                    <div class=\"accordion-content\">\r\n                        <div class=\"accordion-content__inner\">\r\n                            <div class=\"page\" title=\"P\u00e1gina 5\">\n<div class=\"section\">\n<div class=\"layoutArea\">\n<div class=\"column\">\n<p>Las habitaciones individuales tienen una capacidad m\u00e1xima de dos hu\u00e9spedes, se admitir\u00e1 un tercer hu\u00e9sped con un cargo adicional de $100 USD ++ por noche.<\/p>\n<p>Las habitaciones compartidas tienen una capacidad m\u00e1xima de dos hu\u00e9spedes por habitaci\u00f3n para dormir, se acepta un hu\u00e9sped adicional con un cargo complementario de $100 USD ++ por noche (tenga en cuenta que el hu\u00e9sped adicional se cuenta por unidad o llave de habitaci\u00f3n del hotel, no por habitaci\u00f3n para dormir dentro de la habitaci\u00f3n compartida).<\/p>\n<\/div>\n<\/div>\n<\/div>\n<\/div>\n                        <\/div>\r\n                    <\/div>\r\n                            <\/div>\r\n                    <div class=\"accordion a-up\">\r\n                                    <div class=\"accordion-title\">\u00bfCu\u00e1ntos invitados se incluyen en el desayuno de cortes\u00eda en mi bloque de habitaciones?<\/div>\r\n                                                    <div class=\"accordion-content\">\r\n                        <div class=\"accordion-content__inner\">\r\n                            <div class=\"page\" title=\"P\u00e1gina 5\">\n<div class=\"section\">\n<div class=\"layoutArea\">\n<div class=\"column\">\n<p>Dos hu\u00e9spedes por habitaci\u00f3n est\u00e1n incluidos en la tarifa; hu\u00e9spedes adicionales que paguen un cargo suplementario tambi\u00e9n estar\u00e1n sujetos a un cargo de desayuno cargado a su habitaci\u00f3n.<\/p>\n<\/div>\n<\/div>\n<\/div>\n<\/div>\n                        <\/div>\r\n                    <\/div>\r\n                            <\/div>\r\n                    <div class=\"accordion a-up\">\r\n                                    <div class=\"accordion-title\">\u00bfNecesito una organizadora de bodas?<\/div>\r\n                                                    <div class=\"accordion-content\">\r\n                        <div class=\"accordion-content__inner\">\r\n                            <div class=\"page\" title=\"P\u00e1gina 5\">\n<div class=\"section\">\n<div class=\"layoutArea\">\n<div class=\"column\">\n<p>Los Wedding Planners agilizan y simplifican el proceso de planificaci\u00f3n para las parejas, cuentan con un equipo totalmente dedicado a garantizar que las bodas y los eventos se desarrollen a la perfecci\u00f3n; si el n\u00famero de invitados es superior a 50 y\/o si desea tener un fin de semana de bodas muy completo, un Wedding Planner es necesario.<\/p>\n<p>Su CSM estar\u00e1 encantado de ayudarle en el proceso lo mejor que pueda. Tenga en cuenta que durante los fines de semana, su CSM probablemente estar\u00e1 en el campo creando recuerdos maravillosos para parejas y clientes que celebran eventos importantes en el resort y tom\u00e1ndose tiempo libre durante los d\u00edas de semana. Por favor, espere demoras en su respuesta y agradecemos su paciencia.<\/p>\n<\/div>\n<\/div>\n<\/div>\n<\/div>\n                        <\/div>\r\n                    <\/div>\r\n                            <\/div>\r\n                    <div class=\"accordion a-up\">\r\n                                    <div class=\"accordion-title\">\u00bfHay cargos adicionales para proveedores externos?<\/div>\r\n                                                    <div class=\"accordion-content\">\r\n                        <div class=\"accordion-content__inner\">\r\n                            <div class=\"page\" title=\"P\u00e1gina 6\">\n<div class=\"section\">\n<div class=\"layoutArea\">\n<div class=\"column\">\n<p>No cobramos tarifas de proveedor, nuestro \u00fanico requisito es consultar con el resort antes de comprometerse con un proveedor. Estaremos encantados de compartir nuestra lista de proveedores preferidos, que fue seleccionada por nuestro equipo para incluir proveedores que cumplen con nuestros altos est\u00e1ndares de calidad.<\/p>\n<\/div>\n<\/div>\n<\/div>\n<\/div>\n                        <\/div>\r\n                    <\/div>\r\n                            <\/div>\r\n                    <div class=\"accordion a-up\">\r\n                                    <div class=\"accordion-title\">\u00bfQu\u00e9 sucede si no alcanzo mis ingresos contratados?<\/div>\r\n                                                    <div class=\"accordion-content\">\r\n                        <div class=\"accordion-content__inner\">\r\n                            <div class=\"page\" title=\"P\u00e1gina 6\">\n<div class=\"section\">\n<div class=\"layoutArea\">\n<div class=\"column\">\n<p>Tu CSM siempre te informar\u00e1 si no est\u00e1s alcanzando tus ingresos m\u00ednimos contratados y tratar\u00e1 de ayudarte a lograrlos; cualquier cantidad restante para alcanzar los ingresos m\u00ednimos contratados puede generar un cargo por penalizaci\u00f3n.<\/p>\n<\/div>\n<\/div>\n<\/div>\n<\/div>\n                        <\/div>\r\n                    <\/div>\r\n                            <\/div>\r\n                    <div class=\"accordion a-up\">\r\n                                    <div class=\"accordion-title\">\u00bfPuedo llevar mi propio alcohol para los eventos?<\/div>\r\n                                                    <div class=\"accordion-content\">\r\n                        <div class=\"accordion-content__inner\">\r\n                            <div class=\"page\" title=\"P\u00e1gina 6\">\n<div class=\"section\">\n<div class=\"layoutArea\">\n<div class=\"column\">\n<p>Seg\u00fan el contrato, el alcohol debe ser comprado a trav\u00e9s del resort. Estaremos encantados de compartir nuestros paquetes de bar y men\u00fas para su revisi\u00f3n.<\/p>\n<\/div>\n<\/div>\n<\/div>\n<\/div>\n                        <\/div>\r\n                    <\/div>\r\n                            <\/div>\r\n                    <div class=\"accordion a-up\">\r\n                                    <div class=\"accordion-title\">\u00bfSe permite mi comida externa en mis eventos?<\/div>\r\n                                                    <div class=\"accordion-content\">\r\n                        <div class=\"accordion-content__inner\">\r\n                            <div class=\"page\" title=\"P\u00e1gina 6\">\n<div class=\"section\">\n<div class=\"layoutArea\">\n<div class=\"column\">\n<p>Seg\u00fan el contrato, la comida debe ser comprada a trav\u00e9s del resort. Si necesita modificaciones a nuestros men\u00fas, nuestro equipo culinario puede personalizarle los platos con gusto.<\/p>\n<\/div>\n<\/div>\n<\/div>\n<\/div>\n                        <\/div>\r\n                    <\/div>\r\n                            <\/div>\r\n                    <div class=\"accordion a-up\">\r\n                                    <div class=\"accordion-title\">\u00bfCu\u00e1les son los horarios de toque de queda para la m\u00fasica en interiores y exteriores?<\/div>\r\n                                                    <div class=\"accordion-content\">\r\n                        <div class=\"accordion-content__inner\">\r\n                            <div class=\"page\" title=\"P\u00e1gina 6\">\n<div class=\"section\">\n<div class=\"layoutArea\">\n<div class=\"column\">\n<p>La m\u00fasica y los eventos al aire libre tienen un toque de queda a las 10:00 p. m. En este momento, la m\u00fasica se trasladar\u00e1 al interior, cerrando las puertas del local para controlar el ruido. La m\u00fasica en el interior a un volumen controlado puede continuar hasta las 11:00 p. m.<\/p>\n<p>En El Farall\u00f3n, el toque de queda m\u00e1ximo es a la 1:00 am.<\/p>\n<\/div>\n<\/div>\n<\/div>\n<\/div>\n                        <\/div>\r\n                    <\/div>\r\n                            <\/div>\r\n                    <div class=\"accordion a-up\">\r\n                                    <div class=\"accordion-title\">\u00bfLos hu\u00e9spedes que no se alojan en el resort no son bienvenidos en el resort?<\/div>\r\n                                                    <div class=\"accordion-content\">\r\n                        <div class=\"accordion-content__inner\">\r\n                            <div class=\"page\" title=\"P\u00e1gina 7\">\n<div class=\"section\">\n<div class=\"layoutArea\">\n<div class=\"column\">\n<p>Los invitados externos a la boda pueden asistir a los eventos, tambi\u00e9n pueden visitar a la pareja en sus habitaciones o en nuestros restaurantes.<\/p>\n<p>Nuestras piscinas son exclusivas para los hu\u00e9spedes alojados en el resort sin excepci\u00f3n.<\/p>\n<\/div>\n<\/div>\n<\/div>\n<\/div>\n                        <\/div>\r\n                    <\/div>\r\n                            <\/div>\r\n                    <div class=\"accordion a-up\">\r\n                                    <div class=\"accordion-title\">\u00bfPodemos coordinar los recuerdos de fiesta con el resort?<\/div>\r\n                                                    <div class=\"accordion-content\">\r\n                        <div class=\"accordion-content__inner\">\r\n                            <div class=\"page\" title=\"P\u00e1gina 7\">\n<div class=\"section\">\n<div class=\"layoutArea\">\n<div class=\"column\">\n<p>Nuestra Boutique Almarte cuenta con una amplia variedad de art\u00edculos y tambi\u00e9n podemos ayudarte a crear obsequios para entregar en la habitaci\u00f3n o experiencias de obsequio en nuestra Terraza Pai Pai.<\/p>\n<\/div>\n<\/div>\n<\/div>\n<\/div>\n                        <\/div>\r\n                    <\/div>\r\n                            <\/div>\r\n                    <div class=\"accordion a-up\">\r\n                                    <div class=\"accordion-title\">\u00bfPodemos coordinar un d\u00eda de spa para nuestros invitados?<\/div>\r\n                                                    <div class=\"accordion-content\">\r\n                        <div class=\"accordion-content__inner\">\r\n                            <div class=\"page\" title=\"P\u00e1gina 7\">\n<div class=\"section\">\n<div class=\"layoutArea\">\n<div class=\"column\">\n<p>Podemos coordinar una adquisici\u00f3n de medio d\u00eda por un consumo m\u00ednimo de tratamientos de spa de $5,000 USD ++, con capacidad para tratamientos simult\u00e1neos y comida servida en el spa; una adquisici\u00f3n de d\u00eda completo tiene un consumo m\u00ednimo de tratamientos de spa de $10,000 USD ++.<\/p>\n<\/div>\n<\/div>\n<\/div>\n<\/div>\n                        <\/div>\r\n                    <\/div>\r\n                            <\/div>\r\n                    <div class=\"accordion a-up\">\r\n                                    <div class=\"accordion-title\">\u00bfCu\u00e1ntas botellas de tequila se incluyen por habitaci\u00f3n?<\/div>\r\n                                                    <div class=\"accordion-content\">\r\n                        <div class=\"accordion-content__inner\">\r\n                            <div class=\"page\" title=\"P\u00e1gina 7\">\n<div class=\"section\">\n<div class=\"layoutArea\">\n<div class=\"column\">\n<p>Se incluye 1 Botella Edici\u00f3n Especial de Tequila Premium (225 ml) en cada habitaci\u00f3n de hotel, incluidas las suites de varias habitaciones.<\/p>\n<\/div>\n<\/div>\n<\/div>\n<\/div>\n                        <\/div>\r\n                    <\/div>\r\n                            <\/div>\r\n                <\/div>\r\n<\/section>\n\n<section id=\"media-content-block_d4e648add3b55385afc1b402841a0744\" class=\"media-content media-content--original text-center\">\r\n    <div class=\"container\">\r\n                <div class=\"media-content__content\">\r\n                                        <div class=\"media-content__text a-up a-delay-1\" style=\"margin-bottom: 1vw;\" >\r\n                    <p>&nbsp;<\/p>\n<p>&nbsp;<\/p>\n<p>&nbsp;<\/p>\n<p>&nbsp;<\/p>\n<p style=\"text-align: center;\"><a  href=\"https:\/\/www.waldorfastorialoscabospedregal.com\/es\/bodas\/#rfp\" \r\n                    class=\"btn btn--accent\" \r\n                    target=\"\" >M\u00e1s informaci\u00f3n<\/a><\/p>\n                <\/div>\r\n                                            <\/div>\r\n    <\/div>\r\n<\/section>\n\n<section id=\"responsive-spacer-block_d3ac0228759ae400c74c99fb634a4943\" class=\"responsive-spacer\">\r\n<\/section>\r\n<style>\r\n    #responsive-spacer-block_d3ac0228759ae400c74c99fb634a4943 {\r\n        width: 100%;\r\n    }\r\n        #responsive-spacer-block_d3ac0228759ae400c74c99fb634a4943 {\r\n        height: 88px;\r\n    }\r\n                @media (min-width: 769px) {\r\n            #responsive-spacer-block_d3ac0228759ae400c74c99fb634a4943 {\r\n                height: 100px;\r\n            }\r\n        }\r\n                @media (min-width: 1201px) {\r\n            #responsive-spacer-block_d3ac0228759ae400c74c99fb634a4943 {\r\n                height: 122px;\r\n            }\r\n        }\r\n    <\/style>","protected":false},"excerpt":{"rendered":"","protected":false},"author":9,"featured_media":86564,"parent":2024,"menu_order":0,"comment_status":"closed","ping_status":"closed","template":"","meta":{"_acf_changed":false,"inline_featured_image":false,"footnotes":""},"categories":[],"class_list":["post-86560","page","type-page","status-publish","has-post-thumbnail","hentry"],"acf":[],"featured_image_src":"https:\/\/cdn.waldorfastorialoscabospedregal.com\/wp-content\/uploads\/2024\/07\/14162538\/23-Alexis-William-Waldorf-Astoria-Pedregal-Los-Cabos-wedding-sneakpeek-LA76-Photography-20231111-BAEDits-webres-600x400.jpg","featured_image_src_square":"https:\/\/cdn.waldorfastorialoscabospedregal.com\/wp-content\/uploads\/2024\/07\/14162538\/23-Alexis-William-Waldorf-Astoria-Pedregal-Los-Cabos-wedding-sneakpeek-LA76-Photography-20231111-BAEDits-webres-600x600.jpg","_links":{"self":[{"href":"https:\/\/www.waldorfastorialoscabospedregal.com\/es\/wp-json\/wp\/v2\/pages\/86560","targetHints":{"allow":["GET"]}}],"collection":[{"href":"https:\/\/www.waldorfastorialoscabospedregal.com\/es\/wp-json\/wp\/v2\/pages"}],"about":[{"href":"https:\/\/www.waldorfastorialoscabospedregal.com\/es\/wp-json\/wp\/v2\/types\/page"}],"author":[{"embeddable":true,"href":"https:\/\/www.waldorfastorialoscabospedregal.com\/es\/wp-json\/wp\/v2\/users\/9"}],"replies":[{"embeddable":true,"href":"https:\/\/www.waldorfastorialoscabospedregal.com\/es\/wp-json\/wp\/v2\/comments?post=86560"}],"version-history":[{"count":5,"href":"https:\/\/www.waldorfastorialoscabospedregal.com\/es\/wp-json\/wp\/v2\/pages\/86560\/revisions"}],"predecessor-version":[{"id":94765,"href":"https:\/\/www.waldorfastorialoscabospedregal.com\/es\/wp-json\/wp\/v2\/pages\/86560\/revisions\/94765"}],"up":[{"embeddable":true,"href":"https:\/\/www.waldorfastorialoscabospedregal.com\/es\/wp-json\/wp\/v2\/pages\/2024"}],"wp:featuredmedia":[{"embeddable":true,"href":"https:\/\/www.waldorfastorialoscabospedregal.com\/es\/wp-json\/wp\/v2\/media\/86564"}],"wp:attachment":[{"href":"https:\/\/www.waldorfastorialoscabospedregal.com\/es\/wp-json\/wp\/v2\/media?parent=86560"}],"wp:term":[{"taxonomy":"category","embeddable":true,"href":"https:\/\/www.waldorfastorialoscabospedregal.com\/es\/wp-json\/wp\/v2\/categories?post=86560"}],"curies":[{"name":"wp","href":"https:\/\/api.w.org\/{rel}","templated":true}]}}