{"id":87020,"date":"2024-08-20T19:27:34","date_gmt":"2024-08-20T19:27:34","guid":{"rendered":"https:\/\/www.waldorfastorialoscabospedregal.com\/?page_id=87020"},"modified":"2025-11-21T09:57:38","modified_gmt":"2025-11-21T09:57:38","slug":"plataforma-travesia-x-de-jbf-first-course","status":"publish","type":"page","link":"https:\/\/www.waldorfastorialoscabospedregal.com\/es\/plataforma-travesia-x-de-jbf-first-course\/","title":{"rendered":"Tortilla de J\u00edcama, Osti\u00f3n Frito y Aguachile"},"content":{"rendered":"<p><\/p>\n\n\n<section id=\"cover\" class=\"general-hero general-hero--dark\">\r\n    <div class=\"home-hero\">\r\n                    <img data-src=\"https:\/\/cdn.waldorfastorialoscabospedregal.com\/wp-content\/uploads\/2024\/08\/27205206\/Travesia-33-1-2.jpg\" alt=\"\" class=\"home-hero__bg lazyload\">\r\n            <\/div>\r\n    <div class=\"general-hero__content\">\r\n        <div class=\"general-hero__content--inner\">\r\n                            <div class=\"general-hero__text a-up\"><h1><\/h1>\n<p>&nbsp;<\/p>\n<h1><b>TRAVES\u00cdA<\/b><\/h1>\n<\/div>\r\n                    <\/div>\r\n    <\/div>\r\n<\/section>\r\n\r\n<style>\r\n    #cover .home-hero::after {\r\n        opacity: 1 !important;\r\n    }\r\n    #cover .general-hero__content {\r\n        margin-top: -0vh;\r\n    }\r\n<\/style>\n\n<section id=\"responsive-spacer-block_8b43b2631ac79e23d4d930be0a65d77f\" class=\"responsive-spacer\">\r\n<\/section>\r\n<style>\r\n    #responsive-spacer-block_8b43b2631ac79e23d4d930be0a65d77f {\r\n        width: 100%;\r\n    }\r\n        #responsive-spacer-block_8b43b2631ac79e23d4d930be0a65d77f {\r\n        height: 40px;\r\n    }\r\n                @media (min-width: 769px) {\r\n            #responsive-spacer-block_8b43b2631ac79e23d4d930be0a65d77f {\r\n                height: 80px;\r\n            }\r\n        }\r\n                @media (min-width: 1201px) {\r\n            #responsive-spacer-block_8b43b2631ac79e23d4d930be0a65d77f {\r\n                height: 120px;\r\n            }\r\n        }\r\n    <\/style>\n\n<section id=\"first-course\" class=\"media-content media-content--original has-slides text-center\">\r\n    <div class=\"container\">\r\n                    <div class=\"media-content__media\">\r\n                                <div class=\"media-content__carousel\">\r\n                                            <div class=\"media-content__slide\">\r\n                                <div class=\"img-a\">\r\n        <div class=\"img-a-img\">\r\n            <img class=\"lazyload\" data-src=\"https:\/\/cdn.waldorfastorialoscabospedregal.com\/wp-content\/uploads\/2024\/08\/27205756\/Travesia-30-2.jpg\" alt=\"\">\r\n        <\/div>\r\n    <\/div>\r\n                        <\/div>\r\n                                            <div class=\"media-content__slide\">\r\n                                <div class=\"img-a\">\r\n        <div class=\"img-a-img\">\r\n            <img class=\"lazyload\" data-src=\"https:\/\/cdn.waldorfastorialoscabospedregal.com\/wp-content\/uploads\/2024\/08\/27205832\/Travesia-28-2.jpg\" alt=\"\">\r\n        <\/div>\r\n    <\/div>\r\n                        <\/div>\r\n                                            <div class=\"media-content__slide\">\r\n                                <div class=\"img-a\">\r\n        <div class=\"img-a-img\">\r\n            <img class=\"lazyload\" data-src=\"https:\/\/cdn.waldorfastorialoscabospedregal.com\/wp-content\/uploads\/2024\/08\/29205602\/Travesia-27.jpg\" alt=\"\">\r\n        <\/div>\r\n    <\/div>\r\n                        <\/div>\r\n                                    <\/div>\r\n            <\/div>\r\n                <div class=\"media-content__content\">\r\n                            <h2 class=\"media-content__title a-up\">Tortilla de J\u00edcama, Osti\u00f3n Frito y Aguachile<\/h2>\r\n                                        <div class=\"media-content__text a-up a-delay-1\" style=\"margin-bottom: 1vw;\" >\r\n                    <p style=\"text-align: center;\"><i><span style=\"font-weight: 400;\">Baja California, Baja California Sur y Sinaloa<\/span><\/i><span style=\"font-weight: 400;\">\u00a0<\/span><\/p>\n<p>&nbsp;<\/p>\n<p style=\"text-align: center;\"><span style=\"font-weight: 400;\">Experimente una explosi\u00f3n de sabores vibrantes con nuestra tortilla de j\u00edcama, que sirve como un lienzo crujiente y refrescante para la estrella del plato: ostras de Ensenada, Baja California. Reconocidas por su sabor limpio y salado, estas ostras se complementan perfectamente con un aguachile picante de Sinaloa. Esta animada mezcla de zumo de lima fresco, chile serrano y cilantro crea una tentadora danza de sabores en el paladar.<\/span><\/p>\n<p>&nbsp;<\/p>\n<p>&nbsp;<\/p>\n<p>&nbsp;<\/p>\n<p>&nbsp;<\/p>\n                <\/div>\r\n                                                                    <a href=\"https:\/\/www.waldorfastorialoscabospedregal.com\/es\/travesia-x-plataforma-de-jbf-segundo-plato\/\"\r\n                    class=\"cta media-content__cta a-up a-delay-2\"\r\n                    target=\"\">\r\n                    Continuar con el curso siguiente                <\/a>\r\n                    <\/div>\r\n    <\/div>\r\n<\/section>\n\n<section id=\"responsive-spacer-block_8b43b2631ac79e23d4d930be0a65d77f\" class=\"responsive-spacer\">\r\n<\/section>\r\n<style>\r\n    #responsive-spacer-block_8b43b2631ac79e23d4d930be0a65d77f {\r\n        width: 100%;\r\n    }\r\n        #responsive-spacer-block_8b43b2631ac79e23d4d930be0a65d77f {\r\n        height: 40px;\r\n    }\r\n                @media (min-width: 769px) {\r\n            #responsive-spacer-block_8b43b2631ac79e23d4d930be0a65d77f {\r\n                height: 80px;\r\n            }\r\n        }\r\n                @media (min-width: 1201px) {\r\n            #responsive-spacer-block_8b43b2631ac79e23d4d930be0a65d77f {\r\n                height: 120px;\r\n            }\r\n        }\r\n    <\/style>\n\n<section id=\"pairing\" class=\"media-content media-content--original media-content--left text-center\">\r\n    <div class=\"container\">\r\n                    <div class=\"media-content__media\">\r\n                                    <div class=\"img-a\">\r\n        <div class=\"img-a-img\">\r\n            <img class=\"lazyload\" data-src=\"https:\/\/cdn.waldorfastorialoscabospedregal.com\/wp-content\/uploads\/2024\/09\/02194453\/travesia.2-3.jpg\" alt=\"\">\r\n        <\/div>\r\n    <\/div>\r\n                            <\/div>\r\n                <div class=\"media-content__content\">\r\n                            <h2 class=\"media-content__title a-up\">Baja Mojito <br \/>\r\ncon Clase Azul <br \/>\r\nTequila<\/h2>\r\n                                        <div class=\"media-content__text a-up a-delay-1\" style=\"margin-bottom: 1vw;\" >\r\n                    <p style=\"text-align: center;\"><span style=\"font-weight: 400;\">Para complementar este plato, presentamos nuestro Baja Mojito, una escapada al para\u00edso en una copa. Este refrescante c\u00f3ctel se elabora con aceite de coco de Todos Santos, mezclado suavemente con Tequila Clase Azul Plata, agua de coco fresca, lima, menta y un toque de uvas efervescentes. Adornado con copos de coco secados en el Pedregal del Waldorf Astoria Los Cabos, a\u00f1ade un delicioso toque final que realza los sabores frescos y vibrantes.<\/span><\/p>\n<p>&nbsp;<\/p>\n<p>&nbsp;<\/p>\n<p>&nbsp;<\/p>\n                <\/div>\r\n                                                                    <a href=\"https:\/\/www.waldorfastorialoscabospedregal.com\/es\/travesia-x-plataforma-de-jbf-segundo-plato\/\"\r\n                    class=\"cta media-content__cta a-up a-delay-2\"\r\n                    target=\"\">\r\n                    Continuar con el curso siguiente                <\/a>\r\n                    <\/div>\r\n    <\/div>\r\n<\/section>\n\n<section id=\"responsive-spacer-block_8b43b2631ac79e23d4d930be0a65d77f\" class=\"responsive-spacer\">\r\n<\/section>\r\n<style>\r\n    #responsive-spacer-block_8b43b2631ac79e23d4d930be0a65d77f {\r\n        width: 100%;\r\n    }\r\n        #responsive-spacer-block_8b43b2631ac79e23d4d930be0a65d77f {\r\n        height: 40px;\r\n    }\r\n                @media (min-width: 769px) {\r\n            #responsive-spacer-block_8b43b2631ac79e23d4d930be0a65d77f {\r\n                height: 80px;\r\n            }\r\n        }\r\n                @media (min-width: 1201px) {\r\n            #responsive-spacer-block_8b43b2631ac79e23d4d930be0a65d77f {\r\n                height: 120px;\r\n            }\r\n        }\r\n    <\/style>\n\n<section id=\"about-ensenada\" class=\"media-content media-content--original aligncenter text-center\">\r\n    <div class=\"container\">\r\n                    <div class=\"media-content__media\">\r\n                                    <div class=\"img-a\">\r\n        <div class=\"img-a-img\">\r\n            <img class=\"lazyload\" data-src=\"https:\/\/cdn.waldorfastorialoscabospedregal.com\/wp-content\/uploads\/2024\/08\/30203907\/01-Travesia-x-JBF_First-course-websize-ok.png\" alt=\"\">\r\n        <\/div>\r\n    <\/div>\r\n                            <\/div>\r\n                <div class=\"media-content__content\">\r\n                            <h2 class=\"media-content__title a-up\">Baja California, Baja California Sur y Sinaloa<\/h2>\r\n                                        <div class=\"media-content__text a-up a-delay-1\" style=\"margin-bottom: 1vw;\" >\r\n                    <p style=\"text-align: center;\">Este viaje culinario comienza con la cocina de Sinaloa y Baja California.<\/p>\n<p>&nbsp;<\/p>\n<p style=\"text-align: center;\">A trav\u00e9s de este curso, viajar\u00e1 a trav\u00e9s de sus papilas a Sinaloa, que cuenta con una ubicaci\u00f3n costera y tierras f\u00e9rtiles en el noroeste de M\u00e9xico. La cocina de Sinaloa est\u00e1 profundamente arraigada en los abundantes ingredientes de la regi\u00f3n. El \"aguachile\" es un aperitivo tradicional de la zona; se trata de un tipo de ceviche mexicano elaborado con camarones o cualquier otro pescado y servido inmediatamente despu\u00e9s de ba\u00f1arlo con zumo de lima.<\/p>\n<p>&nbsp;<\/p>\n<p style=\"text-align: center;\">Las fr\u00edas aguas que rodean Baja California enriquecen cualquier mesa con diversos pescados, desde lujosos crust\u00e1ceos como langostas y camarones gigantes hasta diversos moluscos. Las pr\u00edstinas ostras que degustar\u00e1 son una selecci\u00f3n de una granja regional de Ensenada con pr\u00e1cticas de acuicultura sostenible. <span style=\"font-weight: 400;\">La cocina bajacaliforniana mezcla t\u00e9cnicas aut\u00f3ctonas con ingredientes introducidos por los misioneros europeos que llegaron a la pen\u00ednsula durante la conquista y especies japonesas introducidas en los a\u00f1os 70.<\/span><\/p>\n<p>&nbsp;<\/p>\n<p>&nbsp;<\/p>\n<p>&nbsp;<\/p>\n                <\/div>\r\n                                                                    <a href=\"https:\/\/www.waldorfastorialoscabospedregal.com\/es\/travesia-x-plataforma-de-jbf-segundo-plato\/\"\r\n                    class=\"cta media-content__cta a-up a-delay-2\"\r\n                    target=\"\">\r\n                    Continuar con el curso siguiente                <\/a>\r\n                    <\/div>\r\n    <\/div>\r\n<\/section>\n\n<section id=\"responsive-spacer-block_8b43b2631ac79e23d4d930be0a65d77f\" class=\"responsive-spacer\">\r\n<\/section>\r\n<style>\r\n    #responsive-spacer-block_8b43b2631ac79e23d4d930be0a65d77f {\r\n        width: 100%;\r\n    }\r\n        #responsive-spacer-block_8b43b2631ac79e23d4d930be0a65d77f {\r\n        height: 40px;\r\n    }\r\n                @media (min-width: 769px) {\r\n            #responsive-spacer-block_8b43b2631ac79e23d4d930be0a65d77f {\r\n                height: 80px;\r\n            }\r\n        }\r\n                @media (min-width: 1201px) {\r\n            #responsive-spacer-block_8b43b2631ac79e23d4d930be0a65d77f {\r\n                height: 120px;\r\n            }\r\n        }\r\n    <\/style>\n\n<div id=\"page-block-block_0cb3c5f8cbf925135f44b9b78646f2cb\" class=\"page-block\">\r\n    <div class=\"container\">\r\n            <\/div>\r\n    <div class=\"page-block__banner gradient-overlay\">\r\n                <a href=\"https:\/\/www.waldorfastorialoscabospedregal.com\/es\/plataforma-de-travesia-en-jbf\/\" target=\"_blank\">\r\n                    <img class=\"lazyload\" data-src=\"https:\/\/cdn.waldorfastorialoscabospedregal.com\/wp-content\/uploads\/2024\/08\/28190910\/Travesia-x-Platform-by-JBF.jpg\" alt=\"\">\r\n            <div class=\"page-block__banner--content\">\r\n                                                    <p class=\"page-block__banner--desc\">Volver a la p\u00e1gina principal de Traves\u00eda<\/p>\r\n                            <\/div>\r\n                    <span><\/span>\r\n        <\/a>\r\n            <\/div>\r\n<\/div>\n\n<section id=\"responsive-spacer-block_8b43b2631ac79e23d4d930be0a65d77f\" class=\"responsive-spacer\">\r\n<\/section>\r\n<style>\r\n    #responsive-spacer-block_8b43b2631ac79e23d4d930be0a65d77f {\r\n        width: 100%;\r\n    }\r\n        #responsive-spacer-block_8b43b2631ac79e23d4d930be0a65d77f {\r\n        height: 40px;\r\n    }\r\n                @media (min-width: 769px) {\r\n            #responsive-spacer-block_8b43b2631ac79e23d4d930be0a65d77f {\r\n                height: 80px;\r\n            }\r\n        }\r\n                @media (min-width: 1201px) {\r\n            #responsive-spacer-block_8b43b2631ac79e23d4d930be0a65d77f {\r\n                height: 120px;\r\n            }\r\n        }\r\n    <\/style>","protected":false},"excerpt":{"rendered":"<p>Comience su viaje experimentando una explosi\u00f3n de sabores vibrantes. Descubra m\u00e1s sobre los ingredientes y la historia de esta primera parada en la Traves\u00eda.<\/p>","protected":false},"author":9,"featured_media":87226,"parent":0,"menu_order":0,"comment_status":"closed","ping_status":"closed","template":"","meta":{"_acf_changed":false,"inline_featured_image":false,"footnotes":""},"categories":[],"class_list":["post-87020","page","type-page","status-publish","has-post-thumbnail","hentry"],"acf":[],"featured_image_src":"https:\/\/cdn.waldorfastorialoscabospedregal.com\/wp-content\/uploads\/2024\/08\/27205206\/Travesia-33-1-2-600x400.jpg","featured_image_src_square":"https:\/\/cdn.waldorfastorialoscabospedregal.com\/wp-content\/uploads\/2024\/08\/27205206\/Travesia-33-1-2-600x600.jpg","_links":{"self":[{"href":"https:\/\/www.waldorfastorialoscabospedregal.com\/es\/wp-json\/wp\/v2\/pages\/87020","targetHints":{"allow":["GET"]}}],"collection":[{"href":"https:\/\/www.waldorfastorialoscabospedregal.com\/es\/wp-json\/wp\/v2\/pages"}],"about":[{"href":"https:\/\/www.waldorfastorialoscabospedregal.com\/es\/wp-json\/wp\/v2\/types\/page"}],"author":[{"embeddable":true,"href":"https:\/\/www.waldorfastorialoscabospedregal.com\/es\/wp-json\/wp\/v2\/users\/9"}],"replies":[{"embeddable":true,"href":"https:\/\/www.waldorfastorialoscabospedregal.com\/es\/wp-json\/wp\/v2\/comments?post=87020"}],"version-history":[{"count":85,"href":"https:\/\/www.waldorfastorialoscabospedregal.com\/es\/wp-json\/wp\/v2\/pages\/87020\/revisions"}],"predecessor-version":[{"id":88007,"href":"https:\/\/www.waldorfastorialoscabospedregal.com\/es\/wp-json\/wp\/v2\/pages\/87020\/revisions\/88007"}],"wp:featuredmedia":[{"embeddable":true,"href":"https:\/\/www.waldorfastorialoscabospedregal.com\/es\/wp-json\/wp\/v2\/media\/87226"}],"wp:attachment":[{"href":"https:\/\/www.waldorfastorialoscabospedregal.com\/es\/wp-json\/wp\/v2\/media?parent=87020"}],"wp:term":[{"taxonomy":"category","embeddable":true,"href":"https:\/\/www.waldorfastorialoscabospedregal.com\/es\/wp-json\/wp\/v2\/categories?post=87020"}],"curies":[{"name":"wp","href":"https:\/\/api.w.org\/{rel}","templated":true}]}}