{"id":87308,"date":"2024-09-02T20:05:33","date_gmt":"2024-09-02T20:05:33","guid":{"rendered":"https:\/\/www.waldorfastorialoscabospedregal.com\/?page_id=87308"},"modified":"2025-11-21T09:47:06","modified_gmt":"2025-11-21T09:47:06","slug":"travesia-x-plataforma-de-jbf-tercer-plato","status":"publish","type":"page","link":"https:\/\/www.waldorfastorialoscabospedregal.com\/es\/travesia-x-plataforma-de-jbf-tercer-plato\/","title":{"rendered":"Mixiote de Hongo Enoki, Hoja de Aguacate, Chiles Secos y Xoconostle"},"content":{"rendered":"<section id=\"cover\" class=\"general-hero general-hero--dark\">\r\n    <div class=\"home-hero\">\r\n                    <img data-src=\"https:\/\/cdn.waldorfastorialoscabospedregal.com\/wp-content\/uploads\/2024\/08\/28181414\/Travesia-51-2.jpg\" alt=\"\" class=\"home-hero__bg lazyload\">\r\n            <\/div>\r\n    <div class=\"general-hero__content\">\r\n        <div class=\"general-hero__content--inner\">\r\n                            <div class=\"general-hero__text a-up\"><h1><\/h1>\n<p>&nbsp;<\/p>\n<h1><b>TRAVES\u00cdA<\/b><\/h1>\n<\/div>\r\n                    <\/div>\r\n    <\/div>\r\n<\/section>\r\n\r\n<style>\r\n    #cover .home-hero::after {\r\n        opacity: 1 !important;\r\n    }\r\n    #cover .general-hero__content {\r\n        margin-top: -0vh;\r\n    }\r\n<\/style>\n\n<section id=\"responsive-spacer-block_495e378a876b697ad410178e770bca1b\" class=\"responsive-spacer\">\r\n<\/section>\r\n<style>\r\n    #responsive-spacer-block_495e378a876b697ad410178e770bca1b {\r\n        width: 100%;\r\n    }\r\n        #responsive-spacer-block_495e378a876b697ad410178e770bca1b {\r\n        height: 40px;\r\n    }\r\n                @media (min-width: 769px) {\r\n            #responsive-spacer-block_495e378a876b697ad410178e770bca1b {\r\n                height: 80px;\r\n            }\r\n        }\r\n                @media (min-width: 1201px) {\r\n            #responsive-spacer-block_495e378a876b697ad410178e770bca1b {\r\n                height: 120px;\r\n            }\r\n        }\r\n    <\/style>\n\n<section id=\"third-course\" class=\"media-content media-content--original has-slides text-center\">\r\n    <div class=\"container\">\r\n                    <div class=\"media-content__media\">\r\n                                <div class=\"media-content__carousel\">\r\n                                            <div class=\"media-content__slide\">\r\n                                <div class=\"img-a\">\r\n        <div class=\"img-a-img\">\r\n            <img class=\"lazyload\" data-src=\"https:\/\/cdn.waldorfastorialoscabospedregal.com\/wp-content\/uploads\/2024\/08\/28181840\/Travesia-53.jpg\" alt=\"\">\r\n        <\/div>\r\n    <\/div>\r\n                        <\/div>\r\n                                            <div class=\"media-content__slide\">\r\n                                <div class=\"img-a\">\r\n        <div class=\"img-a-img\">\r\n            <img class=\"lazyload\" data-src=\"https:\/\/cdn.waldorfastorialoscabospedregal.com\/wp-content\/uploads\/2024\/08\/28181917\/Travesia-57-2.jpg\" alt=\"\">\r\n        <\/div>\r\n    <\/div>\r\n                        <\/div>\r\n                                            <div class=\"media-content__slide\">\r\n                                <div class=\"img-a\">\r\n        <div class=\"img-a-img\">\r\n            <img class=\"lazyload\" data-src=\"https:\/\/cdn.waldorfastorialoscabospedregal.com\/wp-content\/uploads\/2024\/08\/28181953\/Travesia-56.jpg\" alt=\"\">\r\n        <\/div>\r\n    <\/div>\r\n                        <\/div>\r\n                                            <div class=\"media-content__slide\">\r\n                                <div class=\"img-a\">\r\n        <div class=\"img-a-img\">\r\n            <img class=\"lazyload\" data-src=\"https:\/\/cdn.waldorfastorialoscabospedregal.com\/wp-content\/uploads\/2024\/08\/28182049\/Travesia-50-2.jpg\" alt=\"\">\r\n        <\/div>\r\n    <\/div>\r\n                        <\/div>\r\n                                    <\/div>\r\n            <\/div>\r\n                <div class=\"media-content__content\">\r\n                            <h2 class=\"media-content__title a-up\">Mixiote de Hongo Enoki, Hoja de Aguacate, Chiles Secos y Xoconostle<\/h2>\r\n                                        <div class=\"media-content__text a-up a-delay-1\" style=\"margin-bottom: 1vw;\" >\r\n                    <p style=\"text-align: center;\"><i>Hidalgo, M\u00e9xico Central y Coahuila<\/i><\/p>\n<p>&nbsp;<\/p>\n<p style=\"text-align: center;\"><span style=\"font-weight: 400;\">Del\u00e9itese con el arte del mixiote tradicional del centro de M\u00e9xico. Pruebe los delicados hongos enoki envueltos en fragantes hojas de maguey, infundidos con la profundidad ahumada del adobo de chiles secos y la esencia arom\u00e1tica de la hoja de aguacate. Esta sabrosa creaci\u00f3n se sirve en una tortilla de ma\u00edz caliente, cubierta con Xoconostle confitado, una fruta \u00e1cida del nopal que a\u00f1ade un delicioso sabor a cada bocado.<\/span><\/p>\n<p>&nbsp;<\/p>\n<p>&nbsp;<\/p>\n<p>&nbsp;<\/p>\n                <\/div>\r\n                                                                    <a href=\"https:\/\/www.waldorfastorialoscabospedregal.com\/es\/travesia-x-plataforma-de-jbf-fourth-course\/\"\r\n                    class=\"cta media-content__cta a-up a-delay-2\"\r\n                    target=\"\">\r\n                    Continuar con el curso siguiente                <\/a>\r\n                    <\/div>\r\n    <\/div>\r\n<\/section>\n\n<section id=\"responsive-spacer-block_495e378a876b697ad410178e770bca1b\" class=\"responsive-spacer\">\r\n<\/section>\r\n<style>\r\n    #responsive-spacer-block_495e378a876b697ad410178e770bca1b {\r\n        width: 100%;\r\n    }\r\n        #responsive-spacer-block_495e378a876b697ad410178e770bca1b {\r\n        height: 40px;\r\n    }\r\n                @media (min-width: 769px) {\r\n            #responsive-spacer-block_495e378a876b697ad410178e770bca1b {\r\n                height: 80px;\r\n            }\r\n        }\r\n                @media (min-width: 1201px) {\r\n            #responsive-spacer-block_495e378a876b697ad410178e770bca1b {\r\n                height: 120px;\r\n            }\r\n        }\r\n    <\/style>\n\n<section id=\"pairing\" class=\"media-content media-content--original media-content--left text-center\">\r\n    <div class=\"container\">\r\n                    <div class=\"media-content__media\">\r\n                                    <div class=\"img-a\">\r\n        <div class=\"img-a-img\">\r\n            <img class=\"lazyload\" data-src=\"https:\/\/cdn.waldorfastorialoscabospedregal.com\/wp-content\/uploads\/2024\/08\/28182302\/Travesia-16.jpg\" alt=\"\">\r\n        <\/div>\r\n    <\/div>\r\n                            <\/div>\r\n                <div class=\"media-content__content\">\r\n                            <h2 class=\"media-content__title a-up\">Dos Mares <br \/>\r\nPuesta de sol con <br \/>\r\nTequila Clase Azul<\/h2>\r\n                                        <div class=\"media-content__text a-up a-delay-1\" style=\"margin-bottom: 1vw;\" >\r\n                    <p style=\"text-align: center;\"><span style=\"font-weight: 400;\">Para complementar este plato, disfrute de nuestro c\u00f3ctel Dos Mares Sunset. Esta vibrante bebida combina pomelo y naranja sanguina con cordial casero, sirope de hierba lim\u00f3n y un chorrito de vino rosado de nuestra exclusiva Colecci\u00f3n Pedregal, elaborada en colaboraci\u00f3n con Bodegas Don Leo de Coahuila. Sus sabores brillantes y refrescantes equilibran y realzan las notas ricas y terrosas del mixiote, creando un maridaje armonioso.<\/span><\/p>\n<p>&nbsp;<\/p>\n<p>&nbsp;<\/p>\n                <\/div>\r\n                                                                    <a href=\"https:\/\/www.waldorfastorialoscabospedregal.com\/es\/travesia-x-plataforma-de-jbf-fourth-course\/\"\r\n                    class=\"cta media-content__cta a-up a-delay-2\"\r\n                    target=\"\">\r\n                    Continuar con el curso siguiente                <\/a>\r\n                    <\/div>\r\n    <\/div>\r\n<\/section>\n\n<section id=\"responsive-spacer-block_495e378a876b697ad410178e770bca1b\" class=\"responsive-spacer\">\r\n<\/section>\r\n<style>\r\n    #responsive-spacer-block_495e378a876b697ad410178e770bca1b {\r\n        width: 100%;\r\n    }\r\n        #responsive-spacer-block_495e378a876b697ad410178e770bca1b {\r\n        height: 40px;\r\n    }\r\n                @media (min-width: 769px) {\r\n            #responsive-spacer-block_495e378a876b697ad410178e770bca1b {\r\n                height: 80px;\r\n            }\r\n        }\r\n                @media (min-width: 1201px) {\r\n            #responsive-spacer-block_495e378a876b697ad410178e770bca1b {\r\n                height: 120px;\r\n            }\r\n        }\r\n    <\/style>\n\n<section id=\"about-mexican-states\" class=\"media-content media-content--original aligncenter text-center\">\r\n    <div class=\"container\">\r\n                    <div class=\"media-content__media\">\r\n                                    <div class=\"img-a\">\r\n        <div class=\"img-a-img\">\r\n            <img class=\"lazyload\" data-src=\"https:\/\/cdn.waldorfastorialoscabospedregal.com\/wp-content\/uploads\/2024\/08\/28182710\/03-Travesia-x-JBF_third-course-websize.png\" alt=\"\">\r\n        <\/div>\r\n    <\/div>\r\n                            <\/div>\r\n                <div class=\"media-content__content\">\r\n                            <h2 class=\"media-content__title a-up\">Hidalgo, M\u00e9xico Central y Coahuila<\/h2>\r\n                                        <div class=\"media-content__text a-up a-delay-1\" style=\"margin-bottom: 1vw;\" >\r\n                    <p style=\"text-align: center;\"><span data-preserver-spaces=\"true\">Aventurarse<\/span><span data-preserver-spaces=\"true\"> al coraz\u00f3n de M\u00e9xico, a uno de los m\u00e9todos de cocina m\u00e1s tradicionales de Hidalgo: Mixiote. Este curso utiliza la t\u00e9cnica del mixiote para envolver setas enoki en hojas de maguey. Estos hongos, cultivados localmente durante la temporada de lluvias en las tierras boscosas de Hidalgo, se marinan previamente en una mezcla de adobo de chiles secos y hoja de aguacate, y se sirven sobre una tortilla de ma\u00edz con un confit de <\/span><em><span data-preserver-spaces=\"true\">Xoconostle<\/span><\/em><span data-preserver-spaces=\"true\">fruto de sabor \u00e1cido procedente del nopal, t\u00edpico de esta regi\u00f3n.<\/span><\/p>\n<p>&nbsp;<\/p>\n<p style=\"text-align: center;\">En el \u00e1rido noreste de M\u00e9xico, Coahuila se ha convertido en una de las principales regiones vin\u00edcolas. El clima seco y c\u00e1lido de la regi\u00f3n ha fomentado un terroir \u00fanico que produce uvas excepcionales. Con una rica historia vitivin\u00edcola y un compromiso con la innovaci\u00f3n, Coahuila ofrece varios vinos que se han ganado el reconocimiento mundial.<\/p>\n<p>&nbsp;<\/p>\n<p>&nbsp;<\/p>\n<p>&nbsp;<\/p>\n<p>&nbsp;<\/p>\n                <\/div>\r\n                                                                    <a href=\"https:\/\/www.waldorfastorialoscabospedregal.com\/es\/travesia-x-plataforma-de-jbf-fourth-course\/\"\r\n                    class=\"cta media-content__cta a-up a-delay-2\"\r\n                    target=\"\">\r\n                    Continuar con el curso siguiente                <\/a>\r\n                    <\/div>\r\n    <\/div>\r\n<\/section>\n\n<section id=\"responsive-spacer-block_495e378a876b697ad410178e770bca1b\" class=\"responsive-spacer\">\r\n<\/section>\r\n<style>\r\n    #responsive-spacer-block_495e378a876b697ad410178e770bca1b {\r\n        width: 100%;\r\n    }\r\n        #responsive-spacer-block_495e378a876b697ad410178e770bca1b {\r\n        height: 40px;\r\n    }\r\n                @media (min-width: 769px) {\r\n            #responsive-spacer-block_495e378a876b697ad410178e770bca1b {\r\n                height: 80px;\r\n            }\r\n        }\r\n                @media (min-width: 1201px) {\r\n            #responsive-spacer-block_495e378a876b697ad410178e770bca1b {\r\n                height: 120px;\r\n            }\r\n        }\r\n    <\/style>\n\n<div id=\"page-block-block_d90ffbdcdf6c30a56ae119f0e7826f45\" class=\"page-block\">\r\n    <div class=\"container\">\r\n            <\/div>\r\n    <div class=\"page-block__banner gradient-overlay\">\r\n                <a href=\"https:\/\/www.waldorfastorialoscabospedregal.com\/es\/plataforma-de-travesia-en-jbf\/\" target=\"\">\r\n                    <img class=\"lazyload\" data-src=\"https:\/\/cdn.waldorfastorialoscabospedregal.com\/wp-content\/uploads\/2024\/08\/28190910\/Travesia-x-Platform-by-JBF.jpg\" alt=\"\">\r\n            <div class=\"page-block__banner--content\">\r\n                                                    <p class=\"page-block__banner--desc\">Volver a la p\u00e1gina principal de Traves\u00eda<\/p>\r\n                            <\/div>\r\n                    <span><\/span>\r\n        <\/a>\r\n            <\/div>\r\n<\/div>\n\n<section id=\"responsive-spacer-block_495e378a876b697ad410178e770bca1b\" class=\"responsive-spacer\">\r\n<\/section>\r\n<style>\r\n    #responsive-spacer-block_495e378a876b697ad410178e770bca1b {\r\n        width: 100%;\r\n    }\r\n        #responsive-spacer-block_495e378a876b697ad410178e770bca1b {\r\n        height: 40px;\r\n    }\r\n                @media (min-width: 769px) {\r\n            #responsive-spacer-block_495e378a876b697ad410178e770bca1b {\r\n                height: 80px;\r\n            }\r\n        }\r\n                @media (min-width: 1201px) {\r\n            #responsive-spacer-block_495e378a876b697ad410178e770bca1b {\r\n                height: 120px;\r\n            }\r\n        }\r\n    <\/style>\n\n\n<p><\/p>","protected":false},"excerpt":{"rendered":"<p>Ad\u00e9ntrese en el coraz\u00f3n de M\u00e9xico y suba hasta el \u00e1rido noreste del pa\u00eds. Este curso ser\u00e1 inolvidable.<\/p>","protected":false},"author":9,"featured_media":87317,"parent":0,"menu_order":0,"comment_status":"closed","ping_status":"closed","template":"","meta":{"_acf_changed":false,"inline_featured_image":false,"footnotes":""},"categories":[],"class_list":["post-87308","page","type-page","status-publish","has-post-thumbnail","hentry"],"acf":[],"featured_image_src":"https:\/\/cdn.waldorfastorialoscabospedregal.com\/wp-content\/uploads\/2024\/08\/28181414\/Travesia-51-2-600x400.jpg","featured_image_src_square":"https:\/\/cdn.waldorfastorialoscabospedregal.com\/wp-content\/uploads\/2024\/08\/28181414\/Travesia-51-2-600x600.jpg","_links":{"self":[{"href":"https:\/\/www.waldorfastorialoscabospedregal.com\/es\/wp-json\/wp\/v2\/pages\/87308","targetHints":{"allow":["GET"]}}],"collection":[{"href":"https:\/\/www.waldorfastorialoscabospedregal.com\/es\/wp-json\/wp\/v2\/pages"}],"about":[{"href":"https:\/\/www.waldorfastorialoscabospedregal.com\/es\/wp-json\/wp\/v2\/types\/page"}],"author":[{"embeddable":true,"href":"https:\/\/www.waldorfastorialoscabospedregal.com\/es\/wp-json\/wp\/v2\/users\/9"}],"replies":[{"embeddable":true,"href":"https:\/\/www.waldorfastorialoscabospedregal.com\/es\/wp-json\/wp\/v2\/comments?post=87308"}],"version-history":[{"count":20,"href":"https:\/\/www.waldorfastorialoscabospedregal.com\/es\/wp-json\/wp\/v2\/pages\/87308\/revisions"}],"predecessor-version":[{"id":88008,"href":"https:\/\/www.waldorfastorialoscabospedregal.com\/es\/wp-json\/wp\/v2\/pages\/87308\/revisions\/88008"}],"wp:featuredmedia":[{"embeddable":true,"href":"https:\/\/www.waldorfastorialoscabospedregal.com\/es\/wp-json\/wp\/v2\/media\/87317"}],"wp:attachment":[{"href":"https:\/\/www.waldorfastorialoscabospedregal.com\/es\/wp-json\/wp\/v2\/media?parent=87308"}],"wp:term":[{"taxonomy":"category","embeddable":true,"href":"https:\/\/www.waldorfastorialoscabospedregal.com\/es\/wp-json\/wp\/v2\/categories?post=87308"}],"curies":[{"name":"wp","href":"https:\/\/api.w.org\/{rel}","templated":true}]}}