{"id":87329,"date":"2024-09-02T20:14:35","date_gmt":"2024-09-02T20:14:35","guid":{"rendered":"https:\/\/www.waldorfastorialoscabospedregal.com\/?page_id=87329"},"modified":"2025-11-21T09:36:12","modified_gmt":"2025-11-21T09:36:12","slug":"travesia-x-plataforma-de-jbf-fourth-course","status":"publish","type":"page","link":"https:\/\/www.waldorfastorialoscabospedregal.com\/es\/travesia-x-plataforma-de-jbf-fourth-course\/","title":{"rendered":"Tostada de Vieira y Caracol de Mar, Espuma de Birria y Cecina Crujiente"},"content":{"rendered":"<section id=\"cover\" class=\"general-hero general-hero--dark\">\r\n    <div class=\"home-hero\">\r\n                    <img data-src=\"https:\/\/cdn.waldorfastorialoscabospedregal.com\/wp-content\/uploads\/2024\/09\/02194608\/travesia.2-28.jpg\" alt=\"\" class=\"home-hero__bg lazyload\">\r\n            <\/div>\r\n    <div class=\"general-hero__content\">\r\n        <div class=\"general-hero__content--inner\">\r\n                            <div class=\"general-hero__text a-up\"><h1><\/h1>\n<p>&nbsp;<\/p>\n<h1><b>TRAVES\u00cdA<\/b><\/h1>\n<\/div>\r\n                    <\/div>\r\n    <\/div>\r\n<\/section>\r\n\r\n<style>\r\n    #cover .home-hero::after {\r\n        opacity: 1 !important;\r\n    }\r\n    #cover .general-hero__content {\r\n        margin-top: -0vh;\r\n    }\r\n<\/style>\n\n<section id=\"responsive-spacer-block_b182441950ad035e862488d68208e25e\" class=\"responsive-spacer\">\r\n<\/section>\r\n<style>\r\n    #responsive-spacer-block_b182441950ad035e862488d68208e25e {\r\n        width: 100%;\r\n    }\r\n        #responsive-spacer-block_b182441950ad035e862488d68208e25e {\r\n        height: 40px;\r\n    }\r\n                @media (min-width: 769px) {\r\n            #responsive-spacer-block_b182441950ad035e862488d68208e25e {\r\n                height: 80px;\r\n            }\r\n        }\r\n                @media (min-width: 1201px) {\r\n            #responsive-spacer-block_b182441950ad035e862488d68208e25e {\r\n                height: 120px;\r\n            }\r\n        }\r\n    <\/style>\n\n<section id=\"fourth-course\" class=\"media-content media-content--original has-slides text-center\">\r\n    <div class=\"container\">\r\n                    <div class=\"media-content__media\">\r\n                                <div class=\"media-content__carousel\">\r\n                                            <div class=\"media-content__slide\">\r\n                                <div class=\"img-a\">\r\n        <div class=\"img-a-img\">\r\n            <img class=\"lazyload\" data-src=\"https:\/\/cdn.waldorfastorialoscabospedregal.com\/wp-content\/uploads\/2024\/09\/02194540\/travesia.2-26.jpg\" alt=\"\">\r\n        <\/div>\r\n    <\/div>\r\n                        <\/div>\r\n                                            <div class=\"media-content__slide\">\r\n                                <div class=\"img-a\">\r\n        <div class=\"img-a-img\">\r\n            <img class=\"lazyload\" data-src=\"https:\/\/cdn.waldorfastorialoscabospedregal.com\/wp-content\/uploads\/2024\/09\/02194555\/travesia.2-27.jpg\" alt=\"\">\r\n        <\/div>\r\n    <\/div>\r\n                        <\/div>\r\n                                            <div class=\"media-content__slide\">\r\n                                <div class=\"img-a\">\r\n        <div class=\"img-a-img\">\r\n            <img class=\"lazyload\" data-src=\"https:\/\/cdn.waldorfastorialoscabospedregal.com\/wp-content\/uploads\/2024\/09\/02194622\/travesia.2-30.jpg\" alt=\"\">\r\n        <\/div>\r\n    <\/div>\r\n                        <\/div>\r\n                                    <\/div>\r\n            <\/div>\r\n                <div class=\"media-content__content\">\r\n                            <h2 class=\"media-content__title a-up\">Tostada de Vieira y Caracol de Mar, Espuma de Birria y Cecina Crujiente<\/h2>\r\n                                        <div class=\"media-content__text a-up a-delay-1\" style=\"margin-bottom: 1vw;\" >\r\n                    <p style=\"text-align: center;\"><i><span style=\"font-weight: 400;\">Baja California, Baja California Sur, Morelos y Jalisco<\/span><\/i><\/p>\n<p>&nbsp;<\/p>\n<p style=\"text-align: center;\"><span style=\"font-weight: 400;\">Sum\u00e9rjase en una sinfon\u00eda de texturas y sabores con una tostada deliciosamente crujiente cubierta de cremoso aguacate. Este plato est\u00e1 coronado con suculentas rodajas de vieiras de concha de pluma y tierno caracol de mar, llevando la esencia del M\u00e9xico costero a su plato. La cecina crujiente, una carne seca \u00fanica marinada en zumo de lima y sal, a\u00f1ade un crujiente sabroso, mientras que una lujosa espuma de birria -un guiso de carne ic\u00f3nico de Guadalajara, Jalisco- corona la creaci\u00f3n con un acabado rico y sabroso.<\/span><\/p>\n<p>&nbsp;<\/p>\n<p>&nbsp;<\/p>\n                <\/div>\r\n                                                                    <a href=\"https:\/\/www.waldorfastorialoscabospedregal.com\/es\/travesia-x-plataforma-de-jbf-fifth-course\/\"\r\n                    class=\"cta media-content__cta a-up a-delay-2\"\r\n                    target=\"\">\r\n                    Continuar con el curso siguiente                <\/a>\r\n                    <\/div>\r\n    <\/div>\r\n<\/section>\n\n<section id=\"responsive-spacer-block_b182441950ad035e862488d68208e25e\" class=\"responsive-spacer\">\r\n<\/section>\r\n<style>\r\n    #responsive-spacer-block_b182441950ad035e862488d68208e25e {\r\n        width: 100%;\r\n    }\r\n        #responsive-spacer-block_b182441950ad035e862488d68208e25e {\r\n        height: 40px;\r\n    }\r\n                @media (min-width: 769px) {\r\n            #responsive-spacer-block_b182441950ad035e862488d68208e25e {\r\n                height: 80px;\r\n            }\r\n        }\r\n                @media (min-width: 1201px) {\r\n            #responsive-spacer-block_b182441950ad035e862488d68208e25e {\r\n                height: 120px;\r\n            }\r\n        }\r\n    <\/style>\n\n<section id=\"pairing\" class=\"media-content media-content--original media-content--left text-center\">\r\n    <div class=\"container\">\r\n                    <div class=\"media-content__media\">\r\n                                    <div class=\"img-a\">\r\n        <div class=\"img-a-img\">\r\n            <img class=\"lazyload\" data-src=\"https:\/\/cdn.waldorfastorialoscabospedregal.com\/wp-content\/uploads\/2024\/09\/02194509\/travesia.2-15.jpg\" alt=\"\">\r\n        <\/div>\r\n    <\/div>\r\n                            <\/div>\r\n                <div class=\"media-content__content\">\r\n                            <h2 class=\"media-content__title a-up\">C\u00f3ctel Mayahuel con <br \/>\r\nTequila Clase Azul<\/h2>\r\n                                        <div class=\"media-content__text a-up a-delay-1\" style=\"margin-bottom: 1vw;\" >\r\n                    <p style=\"text-align: center;\"><span style=\"font-weight: 400;\">Nuestro c\u00f3ctel Mayahuel, inspirado en la diosa del agave, es un \u00e9xito de ventas del Estudio del Agave en Peacock Alley, que combina tequila Clase Azul Reposado con lima picante, deliciosos mangos de Baja California y un toque de sal de mole artesanal. Cada sorbo es un gui\u00f1o al legado de Mayahuel y complementa a la perfecci\u00f3n los complejos sabores de la tostada.<\/span><\/p>\n<p>&nbsp;<\/p>\n<p>&nbsp;<\/p>\n                <\/div>\r\n                                                                    <a href=\"https:\/\/www.waldorfastorialoscabospedregal.com\/es\/travesia-x-plataforma-de-jbf-fifth-course\/\"\r\n                    class=\"cta media-content__cta a-up a-delay-2\"\r\n                    target=\"\">\r\n                    Continuar con el curso siguiente                <\/a>\r\n                    <\/div>\r\n    <\/div>\r\n<\/section>\n\n<section id=\"responsive-spacer-block_b182441950ad035e862488d68208e25e\" class=\"responsive-spacer\">\r\n<\/section>\r\n<style>\r\n    #responsive-spacer-block_b182441950ad035e862488d68208e25e {\r\n        width: 100%;\r\n    }\r\n        #responsive-spacer-block_b182441950ad035e862488d68208e25e {\r\n        height: 40px;\r\n    }\r\n                @media (min-width: 769px) {\r\n            #responsive-spacer-block_b182441950ad035e862488d68208e25e {\r\n                height: 80px;\r\n            }\r\n        }\r\n                @media (min-width: 1201px) {\r\n            #responsive-spacer-block_b182441950ad035e862488d68208e25e {\r\n                height: 120px;\r\n            }\r\n        }\r\n    <\/style>\n\n<section id=\"about-mexican-states\" class=\"media-content media-content--original aligncenter text-center\">\r\n    <div class=\"container\">\r\n                    <div class=\"media-content__media\">\r\n                                    <div class=\"img-a\">\r\n        <div class=\"img-a-img\">\r\n            <img class=\"lazyload\" data-src=\"https:\/\/cdn.waldorfastorialoscabospedregal.com\/wp-content\/uploads\/2024\/08\/28185558\/04-Travesia-x-JBF_fourth-course-websize.png\" alt=\"\">\r\n        <\/div>\r\n    <\/div>\r\n                            <\/div>\r\n                <div class=\"media-content__content\">\r\n                            <h2 class=\"media-content__title a-up\">Baja California,<br \/>\r\nBaja California Sur,<br \/>\r\nMorelos y Jalisco<\/h2>\r\n                                        <div class=\"media-content__text a-up a-delay-1\" style=\"margin-bottom: 1vw;\" >\r\n                    <p style=\"text-align: center;\"><span data-preserver-spaces=\"true\">Este plato re\u00fane lo mejor del mar y de la tierra. Combina vieiras Pen Shell de La Paz, Baja California Sur, y caracoles de mar de Ensenada, Baja California, cuyos sabores contrastan maravillosamente con los del centro de M\u00e9xico. Tradicional <\/span><em><span data-preserver-spaces=\"true\">cecina <\/span><\/em><span data-preserver-spaces=\"true\">de Morelos a\u00f1ade un toque distintivo, todo rematado con un lujoso <\/span><span data-preserver-spaces=\"true\">birria<\/span><span data-preserver-spaces=\"true\"> espuma, un guiso de carne ic\u00f3nico de Guadalajara, Jalisco, situado en el centro-oeste de M\u00e9xico.\u00a0<\/span><\/p>\n<p>&nbsp;<\/p>\n<p style=\"text-align: center;\"><span data-preserver-spaces=\"true\">Jalisco es conocido a nivel nacional por la riqueza de sus regiones. Tambi\u00e9n conocida como la tierra del Tequila, Jalisco es la cuna del agave m\u00e1s esencial del mundo.  Por su denominaci\u00f3n de origen, Jalisco es la primera de las cinco \u00fanicas regiones del mundo autorizadas para producir este destilado.<\/span><\/p>\n<p>&nbsp;<\/p>\n<p>&nbsp;<\/p>\n                <\/div>\r\n                                                                    <a href=\"https:\/\/www.waldorfastorialoscabospedregal.com\/es\/travesia-x-plataforma-de-jbf-fifth-course\/\"\r\n                    class=\"cta media-content__cta a-up a-delay-2\"\r\n                    target=\"\">\r\n                    Continuar con el curso siguiente                <\/a>\r\n                    <\/div>\r\n    <\/div>\r\n<\/section>\n\n<section id=\"responsive-spacer-block_7b7f5d394078e0de488123d8faec6bde\" class=\"responsive-spacer\">\r\n<\/section>\r\n<style>\r\n    #responsive-spacer-block_7b7f5d394078e0de488123d8faec6bde {\r\n        width: 100%;\r\n    }\r\n        #responsive-spacer-block_7b7f5d394078e0de488123d8faec6bde {\r\n        height: 20px;\r\n    }\r\n                @media (min-width: 769px) {\r\n            #responsive-spacer-block_7b7f5d394078e0de488123d8faec6bde {\r\n                height: 60px;\r\n            }\r\n        }\r\n                @media (min-width: 1201px) {\r\n            #responsive-spacer-block_7b7f5d394078e0de488123d8faec6bde {\r\n                height: 100px;\r\n            }\r\n        }\r\n    <\/style>\n\n<div id=\"page-block-block_cf57229a89bfad3116241c8bd47913eb\" class=\"page-block\">\r\n    <div class=\"container\">\r\n            <\/div>\r\n    <div class=\"page-block__banner gradient-overlay\">\r\n                <a href=\"https:\/\/www.waldorfastorialoscabospedregal.com\/es\/plataforma-de-travesia-en-jbf\/\" target=\"\">\r\n                    <img class=\"lazyload\" data-src=\"https:\/\/cdn.waldorfastorialoscabospedregal.com\/wp-content\/uploads\/2024\/08\/28190910\/Travesia-x-Platform-by-JBF.jpg\" alt=\"\">\r\n            <div class=\"page-block__banner--content\">\r\n                                                    <p class=\"page-block__banner--desc\">Volver a la p\u00e1gina principal de Traves\u00eda<\/p>\r\n                            <\/div>\r\n                    <span><\/span>\r\n        <\/a>\r\n            <\/div>\r\n<\/div>\n\n<section id=\"responsive-spacer-block_b5855067cb1e5bf262ffe07226532a5b\" class=\"responsive-spacer\">\r\n<\/section>\r\n<style>\r\n    #responsive-spacer-block_b5855067cb1e5bf262ffe07226532a5b {\r\n        width: 100%;\r\n    }\r\n        #responsive-spacer-block_b5855067cb1e5bf262ffe07226532a5b {\r\n        height: 80px;\r\n    }\r\n                @media (min-width: 769px) {\r\n            #responsive-spacer-block_b5855067cb1e5bf262ffe07226532a5b {\r\n                height: 120px;\r\n            }\r\n        }\r\n                @media (min-width: 1201px) {\r\n            #responsive-spacer-block_b5855067cb1e5bf262ffe07226532a5b {\r\n                height: 200px;\r\n            }\r\n        }\r\n    <\/style>\n\n\n<p><\/p>\n\n\n\n<p><\/p>","protected":false},"excerpt":{"rendered":"<p>Este curso re\u00fane lo mejor del mar y de la tierra. Al realizar este curso, se encontrar\u00e1 en medio de un viaje culinario sin igual.<\/p>","protected":false},"author":9,"featured_media":87442,"parent":0,"menu_order":0,"comment_status":"closed","ping_status":"closed","template":"","meta":{"_acf_changed":false,"inline_featured_image":false,"footnotes":""},"categories":[],"class_list":["post-87329","page","type-page","status-publish","has-post-thumbnail","hentry"],"acf":[],"featured_image_src":"https:\/\/cdn.waldorfastorialoscabospedregal.com\/wp-content\/uploads\/2024\/09\/02194608\/travesia.2-28-600x400.jpg","featured_image_src_square":"https:\/\/cdn.waldorfastorialoscabospedregal.com\/wp-content\/uploads\/2024\/09\/02194608\/travesia.2-28-600x600.jpg","_links":{"self":[{"href":"https:\/\/www.waldorfastorialoscabospedregal.com\/es\/wp-json\/wp\/v2\/pages\/87329","targetHints":{"allow":["GET"]}}],"collection":[{"href":"https:\/\/www.waldorfastorialoscabospedregal.com\/es\/wp-json\/wp\/v2\/pages"}],"about":[{"href":"https:\/\/www.waldorfastorialoscabospedregal.com\/es\/wp-json\/wp\/v2\/types\/page"}],"author":[{"embeddable":true,"href":"https:\/\/www.waldorfastorialoscabospedregal.com\/es\/wp-json\/wp\/v2\/users\/9"}],"replies":[{"embeddable":true,"href":"https:\/\/www.waldorfastorialoscabospedregal.com\/es\/wp-json\/wp\/v2\/comments?post=87329"}],"version-history":[{"count":18,"href":"https:\/\/www.waldorfastorialoscabospedregal.com\/es\/wp-json\/wp\/v2\/pages\/87329\/revisions"}],"predecessor-version":[{"id":88006,"href":"https:\/\/www.waldorfastorialoscabospedregal.com\/es\/wp-json\/wp\/v2\/pages\/87329\/revisions\/88006"}],"wp:featuredmedia":[{"embeddable":true,"href":"https:\/\/www.waldorfastorialoscabospedregal.com\/es\/wp-json\/wp\/v2\/media\/87442"}],"wp:attachment":[{"href":"https:\/\/www.waldorfastorialoscabospedregal.com\/es\/wp-json\/wp\/v2\/media?parent=87329"}],"wp:term":[{"taxonomy":"category","embeddable":true,"href":"https:\/\/www.waldorfastorialoscabospedregal.com\/es\/wp-json\/wp\/v2\/categories?post=87329"}],"curies":[{"name":"wp","href":"https:\/\/api.w.org\/{rel}","templated":true}]}}