{"id":87344,"date":"2024-09-02T20:21:02","date_gmt":"2024-09-02T20:21:02","guid":{"rendered":"https:\/\/www.waldorfastorialoscabospedregal.com\/?page_id=87344"},"modified":"2025-11-21T08:53:54","modified_gmt":"2025-11-21T08:53:54","slug":"travesia-x-plataforma-de-jbf-fifth-course","status":"publish","type":"page","link":"https:\/\/www.waldorfastorialoscabospedregal.com\/es\/travesia-x-plataforma-de-jbf-fifth-course\/","title":{"rendered":"Rib Eye Suadero, Chile G\u00fcero y Salsa de Ajo Carb\u00f3n"},"content":{"rendered":"<section id=\"cover\" class=\"general-hero general-hero--dark\">\r\n    <div class=\"home-hero\">\r\n                    <img data-src=\"https:\/\/cdn.waldorfastorialoscabospedregal.com\/wp-content\/uploads\/2024\/08\/28213648\/Travesia-65-2.jpg\" alt=\"\" class=\"home-hero__bg lazyload\">\r\n            <\/div>\r\n    <div class=\"general-hero__content\">\r\n        <div class=\"general-hero__content--inner\">\r\n                            <div class=\"general-hero__text a-up\"><h1><\/h1>\n<p>&nbsp;<\/p>\n<h1><b>TRAVES\u00cdA<\/b><\/h1>\n<\/div>\r\n                    <\/div>\r\n    <\/div>\r\n<\/section>\r\n\r\n<style>\r\n    #cover .home-hero::after {\r\n        opacity: 1 !important;\r\n    }\r\n    #cover .general-hero__content {\r\n        margin-top: -0vh;\r\n    }\r\n<\/style>\n\n<section id=\"responsive-spacer-block_c8e351985f37439dea5222bb132e406b\" class=\"responsive-spacer\">\r\n<\/section>\r\n<style>\r\n    #responsive-spacer-block_c8e351985f37439dea5222bb132e406b {\r\n        width: 100%;\r\n    }\r\n        #responsive-spacer-block_c8e351985f37439dea5222bb132e406b {\r\n        height: 40px;\r\n    }\r\n                @media (min-width: 769px) {\r\n            #responsive-spacer-block_c8e351985f37439dea5222bb132e406b {\r\n                height: 80px;\r\n            }\r\n        }\r\n                @media (min-width: 1201px) {\r\n            #responsive-spacer-block_c8e351985f37439dea5222bb132e406b {\r\n                height: 120px;\r\n            }\r\n        }\r\n    <\/style>\n\n<section id=\"fifth-course\" class=\"media-content media-content--original has-slides text-center\">\r\n    <div class=\"container\">\r\n                    <div class=\"media-content__media\">\r\n                                <div class=\"media-content__carousel\">\r\n                                            <div class=\"media-content__slide\">\r\n                                <div class=\"img-a\">\r\n        <div class=\"img-a-img\">\r\n            <img class=\"lazyload\" data-src=\"https:\/\/cdn.waldorfastorialoscabospedregal.com\/wp-content\/uploads\/2024\/08\/29184933\/Travesia-66.jpg\" alt=\"\">\r\n        <\/div>\r\n    <\/div>\r\n                        <\/div>\r\n                                            <div class=\"media-content__slide\">\r\n                                <div class=\"img-a\">\r\n        <div class=\"img-a-img\">\r\n            <img class=\"lazyload\" data-src=\"https:\/\/cdn.waldorfastorialoscabospedregal.com\/wp-content\/uploads\/2024\/08\/29185125\/Travesia-63.jpg\" alt=\"\">\r\n        <\/div>\r\n    <\/div>\r\n                        <\/div>\r\n                                            <div class=\"media-content__slide\">\r\n                                <div class=\"img-a\">\r\n        <div class=\"img-a-img\">\r\n            <img class=\"lazyload\" data-src=\"https:\/\/cdn.waldorfastorialoscabospedregal.com\/wp-content\/uploads\/2024\/08\/29185138\/Travesia-64.jpg\" alt=\"\">\r\n        <\/div>\r\n    <\/div>\r\n                        <\/div>\r\n                                    <\/div>\r\n            <\/div>\r\n                <div class=\"media-content__content\">\r\n                            <h2 class=\"media-content__title a-up\">Rib Eye Suadero, Chile G\u00fcero y Salsa de Ajo Carb\u00f3n<\/h2>\r\n                                        <div class=\"media-content__text a-up a-delay-1\" style=\"margin-bottom: 1vw;\" >\r\n                    <p style=\"text-align: center;\"><i><span style=\"font-weight: 400;\">Ciudad de M\u00e9xico y Yucat\u00e1n<\/span><\/i><\/p>\n<p>&nbsp;<\/p>\n<p style=\"text-align: center;\"><span style=\"font-weight: 400;\">Sum\u00e9rjase en la esencia de la comida callejera de la Ciudad de M\u00e9xico con nuestro Suadero de Rib Eye, un c\u00e9lebre cl\u00e1sico de los tacos callejeros. Hemos mejorado este taco tan apreciado con un tierno ribeye, cocinado a fuego lento a la perfecci\u00f3n y cubierto con una salsa de ajo ahumado y carbonizado. Cada bocado es un sabroso viaje por el coraz\u00f3n de la vibrante cultura culinaria mexicana.<\/span><\/p>\n<p>&nbsp;<\/p>\n<p>&nbsp;<\/p>\n<p>&nbsp;<\/p>\n<p>&nbsp;<\/p>\n                <\/div>\r\n                                                                    <a href=\"https:\/\/www.waldorfastorialoscabospedregal.com\/es\/travesia-x-plataforma-de-jbf-dessert\/\"\r\n                    class=\"cta media-content__cta a-up a-delay-2\"\r\n                    target=\"\">\r\n                    Continuar con el curso siguiente                <\/a>\r\n                    <\/div>\r\n    <\/div>\r\n<\/section>\n\n<section id=\"responsive-spacer-block_c8e351985f37439dea5222bb132e406b\" class=\"responsive-spacer\">\r\n<\/section>\r\n<style>\r\n    #responsive-spacer-block_c8e351985f37439dea5222bb132e406b {\r\n        width: 100%;\r\n    }\r\n        #responsive-spacer-block_c8e351985f37439dea5222bb132e406b {\r\n        height: 40px;\r\n    }\r\n                @media (min-width: 769px) {\r\n            #responsive-spacer-block_c8e351985f37439dea5222bb132e406b {\r\n                height: 80px;\r\n            }\r\n        }\r\n                @media (min-width: 1201px) {\r\n            #responsive-spacer-block_c8e351985f37439dea5222bb132e406b {\r\n                height: 120px;\r\n            }\r\n        }\r\n    <\/style>\n\n<section id=\"pairing\" class=\"media-content media-content--original media-content--left text-center\">\r\n    <div class=\"container\">\r\n                    <div class=\"media-content__media\">\r\n                                    <div class=\"img-a\">\r\n        <div class=\"img-a-img\">\r\n            <img class=\"lazyload\" data-src=\"https:\/\/cdn.waldorfastorialoscabospedregal.com\/wp-content\/uploads\/2024\/08\/29185907\/Travesia-22.jpg\" alt=\"\">\r\n        <\/div>\r\n    <\/div>\r\n                            <\/div>\r\n                <div class=\"media-content__content\">\r\n                            <h2 class=\"media-content__title a-up\">Los labios picantes con <br \/>\r\nTequila Clase Azul<\/h2>\r\n                                        <div class=\"media-content__text a-up a-delay-1\" style=\"margin-bottom: 1vw;\" >\r\n                    <p style=\"text-align: center;\"><span style=\"font-weight: 400;\">Para encender tus papilas gustativas, te presentamos el c\u00f3ctel The Spicy Lips, un contrapunto ardiente y refrescante al rico suadero. Esta atrevida creaci\u00f3n lleva Mezcal Clase Azul Guerrero, maracuy\u00e1, pi\u00f1a y lima, endulzados con sirope casero de habanero. El mezcal, derivado de la palabra n\u00e1huatl \"mexcalli\" que significa \"agave cocido al horno\", y los chiles habaneros de Yucat\u00e1n, conocidos por su incomparable picor, se combinan para crear una bebida tan aventurera y en\u00e9rgica como el propio taco.<\/span><\/p>\n<p>&nbsp;<\/p>\n<p>&nbsp;<\/p>\n<p>&nbsp;<\/p>\n                <\/div>\r\n                                                                    <a href=\"https:\/\/www.waldorfastorialoscabospedregal.com\/es\/travesia-x-plataforma-de-jbf-dessert\/\"\r\n                    class=\"cta media-content__cta a-up a-delay-2\"\r\n                    target=\"\">\r\n                    Continuar con el curso siguiente                <\/a>\r\n                    <\/div>\r\n    <\/div>\r\n<\/section>\n\n<section id=\"responsive-spacer-block_c8e351985f37439dea5222bb132e406b\" class=\"responsive-spacer\">\r\n<\/section>\r\n<style>\r\n    #responsive-spacer-block_c8e351985f37439dea5222bb132e406b {\r\n        width: 100%;\r\n    }\r\n        #responsive-spacer-block_c8e351985f37439dea5222bb132e406b {\r\n        height: 40px;\r\n    }\r\n                @media (min-width: 769px) {\r\n            #responsive-spacer-block_c8e351985f37439dea5222bb132e406b {\r\n                height: 80px;\r\n            }\r\n        }\r\n                @media (min-width: 1201px) {\r\n            #responsive-spacer-block_c8e351985f37439dea5222bb132e406b {\r\n                height: 120px;\r\n            }\r\n        }\r\n    <\/style>\n\n<section id=\"about-mexican-states\" class=\"media-content media-content--original aligncenter text-center\">\r\n    <div class=\"container\">\r\n                    <div class=\"media-content__media\">\r\n                                    <div class=\"img-a\">\r\n        <div class=\"img-a-img\">\r\n            <img class=\"lazyload\" data-src=\"https:\/\/cdn.waldorfastorialoscabospedregal.com\/wp-content\/uploads\/2024\/08\/28202506\/05-Travesia-x-JBF_fifth-course-websize.png\" alt=\"\">\r\n        <\/div>\r\n    <\/div>\r\n                            <\/div>\r\n                <div class=\"media-content__content\">\r\n                            <h2 class=\"media-content__title a-up\">Ciudad de M\u00e9xico y Yucat\u00e1n<\/h2>\r\n                                        <div class=\"media-content__text a-up a-delay-1\" style=\"margin-bottom: 1vw;\" >\r\n                    <p style=\"text-align: center;\">Ciudad de M\u00e9xico, la capital del pa\u00eds, es una vibrante mezcla de culturas, una diversidad v\u00edvidamente reflejada en su notable escena culinaria, particularmente en su renombrada comida callejera. Este curso, pretende representar y abarcar en su m\u00e1xima expresi\u00f3n uno de los tacos m\u00e1s ic\u00f3nicos de su comida callejera, los tacos de suadero.<\/p>\n<p>&nbsp;<\/p>\n<p>&nbsp;<\/p>\n<p>&nbsp;<\/p>\n                <\/div>\r\n                                                                    <a href=\"https:\/\/www.waldorfastorialoscabospedregal.com\/es\/travesia-x-plataforma-de-jbf-dessert\/\"\r\n                    class=\"cta media-content__cta a-up a-delay-2\"\r\n                    target=\"\">\r\n                    Continuar con el curso siguiente                <\/a>\r\n                    <\/div>\r\n    <\/div>\r\n<\/section>\n\n<section id=\"responsive-spacer-block_1f16c5491982d83d2cdfcc806167643b\" class=\"responsive-spacer\">\r\n<\/section>\r\n<style>\r\n    #responsive-spacer-block_1f16c5491982d83d2cdfcc806167643b {\r\n        width: 100%;\r\n    }\r\n        #responsive-spacer-block_1f16c5491982d83d2cdfcc806167643b {\r\n        height: 20px;\r\n    }\r\n                @media (min-width: 769px) {\r\n            #responsive-spacer-block_1f16c5491982d83d2cdfcc806167643b {\r\n                height: 60px;\r\n            }\r\n        }\r\n                @media (min-width: 1201px) {\r\n            #responsive-spacer-block_1f16c5491982d83d2cdfcc806167643b {\r\n                height: 100px;\r\n            }\r\n        }\r\n    <\/style>\n\n<div id=\"page-block-block_f57a097ef90d54b105e5efae97f81c0d\" class=\"page-block\">\r\n    <div class=\"container\">\r\n            <\/div>\r\n    <div class=\"page-block__banner gradient-overlay\">\r\n                <a href=\"https:\/\/www.waldorfastorialoscabospedregal.com\/es\/plataforma-de-travesia-en-jbf\/\" target=\"\">\r\n                    <img class=\"lazyload\" data-src=\"https:\/\/cdn.waldorfastorialoscabospedregal.com\/wp-content\/uploads\/2024\/08\/28190910\/Travesia-x-Platform-by-JBF.jpg\" alt=\"\">\r\n            <div class=\"page-block__banner--content\">\r\n                                                    <p class=\"page-block__banner--desc\">Volver a la p\u00e1gina principal de Traves\u00eda<\/p>\r\n                            <\/div>\r\n                    <span><\/span>\r\n        <\/a>\r\n            <\/div>\r\n<\/div>\n\n<section id=\"responsive-spacer-block_8c541e3086cbcde39326aa69e5120f5a\" class=\"responsive-spacer\">\r\n<\/section>\r\n<style>\r\n    #responsive-spacer-block_8c541e3086cbcde39326aa69e5120f5a {\r\n        width: 100%;\r\n    }\r\n        #responsive-spacer-block_8c541e3086cbcde39326aa69e5120f5a {\r\n        height: 80px;\r\n    }\r\n                @media (min-width: 769px) {\r\n            #responsive-spacer-block_8c541e3086cbcde39326aa69e5120f5a {\r\n                height: 120px;\r\n            }\r\n        }\r\n                @media (min-width: 1201px) {\r\n            #responsive-spacer-block_8c541e3086cbcde39326aa69e5120f5a {\r\n                height: 200px;\r\n            }\r\n        }\r\n    <\/style>\n\n\n<p><\/p>\n\n\n\n<p><\/p>","protected":false},"excerpt":{"rendered":"<p>Un homenaje a Ciudad de M\u00e9xico, la capital del pa\u00eds, es una vibrante mezcla de culturas, una diversidad que se refleja v\u00edvidamente en su notable escena culinaria.<\/p>","protected":false},"author":9,"featured_media":87346,"parent":0,"menu_order":0,"comment_status":"closed","ping_status":"closed","template":"","meta":{"_acf_changed":false,"inline_featured_image":false,"footnotes":""},"categories":[],"class_list":["post-87344","page","type-page","status-publish","has-post-thumbnail","hentry"],"acf":[],"featured_image_src":"https:\/\/cdn.waldorfastorialoscabospedregal.com\/wp-content\/uploads\/2024\/08\/28213648\/Travesia-65-2-600x400.jpg","featured_image_src_square":"https:\/\/cdn.waldorfastorialoscabospedregal.com\/wp-content\/uploads\/2024\/08\/28213648\/Travesia-65-2-600x600.jpg","_links":{"self":[{"href":"https:\/\/www.waldorfastorialoscabospedregal.com\/es\/wp-json\/wp\/v2\/pages\/87344","targetHints":{"allow":["GET"]}}],"collection":[{"href":"https:\/\/www.waldorfastorialoscabospedregal.com\/es\/wp-json\/wp\/v2\/pages"}],"about":[{"href":"https:\/\/www.waldorfastorialoscabospedregal.com\/es\/wp-json\/wp\/v2\/types\/page"}],"author":[{"embeddable":true,"href":"https:\/\/www.waldorfastorialoscabospedregal.com\/es\/wp-json\/wp\/v2\/users\/9"}],"replies":[{"embeddable":true,"href":"https:\/\/www.waldorfastorialoscabospedregal.com\/es\/wp-json\/wp\/v2\/comments?post=87344"}],"version-history":[{"count":9,"href":"https:\/\/www.waldorfastorialoscabospedregal.com\/es\/wp-json\/wp\/v2\/pages\/87344\/revisions"}],"predecessor-version":[{"id":88005,"href":"https:\/\/www.waldorfastorialoscabospedregal.com\/es\/wp-json\/wp\/v2\/pages\/87344\/revisions\/88005"}],"wp:featuredmedia":[{"embeddable":true,"href":"https:\/\/www.waldorfastorialoscabospedregal.com\/es\/wp-json\/wp\/v2\/media\/87346"}],"wp:attachment":[{"href":"https:\/\/www.waldorfastorialoscabospedregal.com\/es\/wp-json\/wp\/v2\/media?parent=87344"}],"wp:term":[{"taxonomy":"category","embeddable":true,"href":"https:\/\/www.waldorfastorialoscabospedregal.com\/es\/wp-json\/wp\/v2\/categories?post=87344"}],"curies":[{"name":"wp","href":"https:\/\/api.w.org\/{rel}","templated":true}]}}