{"id":87368,"date":"2024-09-02T20:32:40","date_gmt":"2024-09-02T20:32:40","guid":{"rendered":"https:\/\/www.waldorfastorialoscabospedregal.com\/?page_id=87368"},"modified":"2025-11-21T08:49:41","modified_gmt":"2025-11-21T08:49:41","slug":"travesia-x-plataforma-de-jbf-dessert","status":"publish","type":"page","link":"https:\/\/www.waldorfastorialoscabospedregal.com\/es\/travesia-x-plataforma-de-jbf-dessert\/","title":{"rendered":"Beignets de manzana, mole de pl\u00e1tano y cacahuete, pi\u00f1a fermentada, frambuesa y pl\u00e1tano crujiente"},"content":{"rendered":"<section id=\"cover\" class=\"general-hero general-hero--dark\">\r\n    <div class=\"home-hero\">\r\n                    <img data-src=\"https:\/\/cdn.waldorfastorialoscabospedregal.com\/wp-content\/uploads\/2024\/08\/29204826\/Travesia-72.jpg\" alt=\"\" class=\"home-hero__bg lazyload\">\r\n            <\/div>\r\n    <div class=\"general-hero__content\">\r\n        <div class=\"general-hero__content--inner\">\r\n                            <div class=\"general-hero__text a-up\"><h1><\/h1>\n<p>&nbsp;<\/p>\n<h1><b>TRAVES\u00cdA<\/b><\/h1>\n<\/div>\r\n                    <\/div>\r\n    <\/div>\r\n<\/section>\r\n\r\n<style>\r\n    #cover .home-hero::after {\r\n        opacity: 1 !important;\r\n    }\r\n    #cover .general-hero__content {\r\n        margin-top: -0vh;\r\n    }\r\n<\/style>\n\n<section id=\"responsive-spacer-block_97ce2cd0ca74bdf19580377bc534c006\" class=\"responsive-spacer\">\r\n<\/section>\r\n<style>\r\n    #responsive-spacer-block_97ce2cd0ca74bdf19580377bc534c006 {\r\n        width: 100%;\r\n    }\r\n        #responsive-spacer-block_97ce2cd0ca74bdf19580377bc534c006 {\r\n        height: 40px;\r\n    }\r\n                @media (min-width: 769px) {\r\n            #responsive-spacer-block_97ce2cd0ca74bdf19580377bc534c006 {\r\n                height: 80px;\r\n            }\r\n        }\r\n                @media (min-width: 1201px) {\r\n            #responsive-spacer-block_97ce2cd0ca74bdf19580377bc534c006 {\r\n                height: 120px;\r\n            }\r\n        }\r\n    <\/style>\n\n<section id=\"dessert\" class=\"media-content media-content--original has-slides text-center\">\r\n    <div class=\"container\">\r\n                    <div class=\"media-content__media\">\r\n                                <div class=\"media-content__carousel\">\r\n                                            <div class=\"media-content__slide\">\r\n                                <div class=\"img-a\">\r\n        <div class=\"img-a-img\">\r\n            <img class=\"lazyload\" data-src=\"https:\/\/cdn.waldorfastorialoscabospedregal.com\/wp-content\/uploads\/2024\/08\/29204840\/Travesia-74.jpg\" alt=\"\">\r\n        <\/div>\r\n    <\/div>\r\n                        <\/div>\r\n                                            <div class=\"media-content__slide\">\r\n                                <div class=\"img-a\">\r\n        <div class=\"img-a-img\">\r\n            <img class=\"lazyload\" data-src=\"https:\/\/cdn.waldorfastorialoscabospedregal.com\/wp-content\/uploads\/2024\/08\/29204918\/Travesia-76.jpg\" alt=\"\">\r\n        <\/div>\r\n    <\/div>\r\n                        <\/div>\r\n                                            <div class=\"media-content__slide\">\r\n                                <div class=\"img-a\">\r\n        <div class=\"img-a-img\">\r\n            <img class=\"lazyload\" data-src=\"https:\/\/cdn.waldorfastorialoscabospedregal.com\/wp-content\/uploads\/2024\/08\/29204930\/Travesia-79.jpg\" alt=\"\">\r\n        <\/div>\r\n    <\/div>\r\n                        <\/div>\r\n                                            <div class=\"media-content__slide\">\r\n                                <div class=\"img-a\">\r\n        <div class=\"img-a-img\">\r\n            <img class=\"lazyload\" data-src=\"https:\/\/cdn.waldorfastorialoscabospedregal.com\/wp-content\/uploads\/2024\/08\/29204942\/Travesia-81.jpg\" alt=\"\">\r\n        <\/div>\r\n    <\/div>\r\n                        <\/div>\r\n                                    <\/div>\r\n            <\/div>\r\n                <div class=\"media-content__content\">\r\n                            <h2 class=\"media-content__title a-up\">Beignets de manzana, mole de pl\u00e1tano y cacahuete, pi\u00f1a fermentada, frambuesa y pl\u00e1tano crujiente<\/h2>\r\n                                        <div class=\"media-content__text a-up a-delay-1\" style=\"margin-bottom: 1vw;\" >\r\n                    <p style=\"text-align: center;\"><i><span style=\"font-weight: 400;\">Puebla<\/span><\/i><\/p>\n<p>&nbsp;<\/p>\n<p style=\"text-align: center;\"><span style=\"font-weight: 400;\">Termine su viaje culinario con un dulce homenaje al mole poblano, reimaginado como un taco de postre por nuestro talentoso equipo de pasteler\u00eda. Esta innovadora creaci\u00f3n presenta un crujiente beignet de manzana Granny Smith cubierto con una rica y arom\u00e1tica salsa de mole infusionada con pl\u00e1tano, vainilla y una generosa raci\u00f3n de cacahuetes y chocolate. Acompa\u00f1ado de mermelada de pi\u00f1a fermentada, cacahuetes confitados, s\u00e9samo, chips de pl\u00e1tano y frambuesa helada, es una sinfon\u00eda de texturas y sabores.<\/span><\/p>\n<p>&nbsp;<\/p>\n                <\/div>\r\n                                                                    <a href=\"https:\/\/www.waldorfastorialoscabospedregal.com\/es\/culinario\/travesia-at-platform-by-jbf-foundation\/\"\r\n                    class=\"cta media-content__cta a-up a-delay-2\"\r\n                    target=\"\">\r\n                    Volver a la p\u00e1gina principal                <\/a>\r\n                    <\/div>\r\n    <\/div>\r\n<\/section>\n\n<section id=\"responsive-spacer-block_97ce2cd0ca74bdf19580377bc534c006\" class=\"responsive-spacer\">\r\n<\/section>\r\n<style>\r\n    #responsive-spacer-block_97ce2cd0ca74bdf19580377bc534c006 {\r\n        width: 100%;\r\n    }\r\n        #responsive-spacer-block_97ce2cd0ca74bdf19580377bc534c006 {\r\n        height: 40px;\r\n    }\r\n                @media (min-width: 769px) {\r\n            #responsive-spacer-block_97ce2cd0ca74bdf19580377bc534c006 {\r\n                height: 80px;\r\n            }\r\n        }\r\n                @media (min-width: 1201px) {\r\n            #responsive-spacer-block_97ce2cd0ca74bdf19580377bc534c006 {\r\n                height: 120px;\r\n            }\r\n        }\r\n    <\/style>\n\n<section id=\"pairing\" class=\"media-content media-content--original media-content--left text-center\">\r\n    <div class=\"container\">\r\n                    <div class=\"media-content__media\">\r\n                                    <div class=\"img-a\">\r\n        <div class=\"img-a-img\">\r\n            <img class=\"lazyload\" data-src=\"https:\/\/cdn.waldorfastorialoscabospedregal.com\/wp-content\/uploads\/2024\/09\/02202557\/Clase-Azul-culinary-masters-2022.jpg\" alt=\"\">\r\n        <\/div>\r\n    <\/div>\r\n                            <\/div>\r\n                <div class=\"media-content__content\">\r\n                            <h2 class=\"media-content__title a-up\">Clase Azul M\u00e9xico<\/h2>\r\n                                        <div class=\"media-content__text a-up a-delay-1\" style=\"margin-bottom: 1vw;\" >\r\n                    <p style=\"text-align: center;\"><span style=\"font-weight: 400;\">Complete este decadente final con Clase Azul M\u00e9xico, servido en una hermosa jarra personalizada exclusiva de Waldorf Astoria Los Cabos Pedregal. Este exquisito licor, con su vibrante tonalidad azul que refleja el agave con el que se elabora, combina a la perfecci\u00f3n con los complejos sabores del postre, ofreciendo un final elegante y apropiado a su viaje por el paisaje culinario de M\u00e9xico.<\/span><\/p>\n                <\/div>\r\n                                                                    <a href=\"https:\/\/www.waldorfastorialoscabospedregal.com\/es\/culinario\/travesia-at-platform-by-jbf-foundation\/\"\r\n                    class=\"cta media-content__cta a-up a-delay-2\"\r\n                    target=\"\">\r\n                    Volver a la p\u00e1gina principal                <\/a>\r\n                    <\/div>\r\n    <\/div>\r\n<\/section>\n\n<section id=\"responsive-spacer-block_97ce2cd0ca74bdf19580377bc534c006\" class=\"responsive-spacer\">\r\n<\/section>\r\n<style>\r\n    #responsive-spacer-block_97ce2cd0ca74bdf19580377bc534c006 {\r\n        width: 100%;\r\n    }\r\n        #responsive-spacer-block_97ce2cd0ca74bdf19580377bc534c006 {\r\n        height: 40px;\r\n    }\r\n                @media (min-width: 769px) {\r\n            #responsive-spacer-block_97ce2cd0ca74bdf19580377bc534c006 {\r\n                height: 80px;\r\n            }\r\n        }\r\n                @media (min-width: 1201px) {\r\n            #responsive-spacer-block_97ce2cd0ca74bdf19580377bc534c006 {\r\n                height: 120px;\r\n            }\r\n        }\r\n    <\/style>\n\n<section id=\"about-mexican-states\" class=\"media-content media-content--original aligncenter text-center\">\r\n    <div class=\"container\">\r\n                    <div class=\"media-content__media\">\r\n                                    <div class=\"img-a\">\r\n        <div class=\"img-a-img\">\r\n            <img class=\"lazyload\" data-src=\"https:\/\/cdn.waldorfastorialoscabospedregal.com\/wp-content\/uploads\/2024\/08\/29204537\/06-Travesia-x-JBF_sixth-course-websize.png\" alt=\"\">\r\n        <\/div>\r\n    <\/div>\r\n                            <\/div>\r\n                <div class=\"media-content__content\">\r\n                            <h2 class=\"media-content__title a-up\">Puebla<\/h2>\r\n                                        <div class=\"media-content__text a-up a-delay-1\" style=\"margin-bottom: 1vw;\" >\r\n                    <p style=\"text-align: center;\">La cocina de Puebla es producto del \"mestizaje\" entre las tradiciones culinarias prehisp\u00e1nica y espa\u00f1ola. Los conventos y sus cocinas fueron una fuente importante del rico patrimonio culinario de Puebla. En estos conventos naci\u00f3 la tradici\u00f3n dulcera de M\u00e9xico, surgida de la mezcla de ingredientes y culturas al adaptar las monjas recetas procedentes de Espa\u00f1a.<\/p>\n<p style=\"text-align: center;\">\nEl mole es un plato cuyos or\u00edgenes se remontan a la \u00e9poca prehisp\u00e1nica y, al igual que nuestra cultura, ha evolucionado y se ha transformado a lo largo de los siglos. Es uno de los platos m\u00e1s reconocidos de la cocina mexicana. Aunque existen m\u00e1s de 50 variantes de su preparaci\u00f3n en todo el pa\u00eds, el mole poblano es uno de los m\u00e1s populares. Su rico sabor a chocolate, con un sutil toque picante, ha encantado a paladares de todo el mundo.<\/p>\n<p>&nbsp;<\/p>\n<p>&nbsp;<\/p>\n                <\/div>\r\n                                                                    <a href=\"https:\/\/www.waldorfastorialoscabospedregal.com\/es\/culinario\/travesia-at-platform-by-jbf-foundation\/\"\r\n                    class=\"cta media-content__cta a-up a-delay-2\"\r\n                    target=\"\">\r\n                    Volver a la p\u00e1gina principal                <\/a>\r\n                    <\/div>\r\n    <\/div>\r\n<\/section>\n\n<section id=\"responsive-spacer-block_123955a75ca51c8ae9e5692177fe07a6\" class=\"responsive-spacer\">\r\n<\/section>\r\n<style>\r\n    #responsive-spacer-block_123955a75ca51c8ae9e5692177fe07a6 {\r\n        width: 100%;\r\n    }\r\n        #responsive-spacer-block_123955a75ca51c8ae9e5692177fe07a6 {\r\n        height: 20px;\r\n    }\r\n                @media (min-width: 769px) {\r\n            #responsive-spacer-block_123955a75ca51c8ae9e5692177fe07a6 {\r\n                height: 60px;\r\n            }\r\n        }\r\n                @media (min-width: 1201px) {\r\n            #responsive-spacer-block_123955a75ca51c8ae9e5692177fe07a6 {\r\n                height: 100px;\r\n            }\r\n        }\r\n    <\/style>\n\n<div id=\"page-block-block_1e63d0e6a44e4d583aec434019808332\" class=\"page-block\">\r\n    <div class=\"container\">\r\n            <\/div>\r\n    <div class=\"page-block__banner gradient-overlay\">\r\n                <a href=\"https:\/\/www.waldorfastorialoscabospedregal.com\/es\/plataforma-de-travesia-en-jbf\/\" target=\"\">\r\n                    <img class=\"lazyload\" data-src=\"https:\/\/cdn.waldorfastorialoscabospedregal.com\/wp-content\/uploads\/2024\/08\/28190910\/Travesia-x-Platform-by-JBF.jpg\" alt=\"\">\r\n            <div class=\"page-block__banner--content\">\r\n                                                    <p class=\"page-block__banner--desc\">Volver a la p\u00e1gina principal de Traves\u00eda<\/p>\r\n                            <\/div>\r\n                    <span><\/span>\r\n        <\/a>\r\n            <\/div>\r\n<\/div>\n\n<section id=\"responsive-spacer-block_465852ecdcf86369aa084204eeddd115\" class=\"responsive-spacer\">\r\n<\/section>\r\n<style>\r\n    #responsive-spacer-block_465852ecdcf86369aa084204eeddd115 {\r\n        width: 100%;\r\n    }\r\n        #responsive-spacer-block_465852ecdcf86369aa084204eeddd115 {\r\n        height: 80px;\r\n    }\r\n                @media (min-width: 769px) {\r\n            #responsive-spacer-block_465852ecdcf86369aa084204eeddd115 {\r\n                height: 120px;\r\n            }\r\n        }\r\n                @media (min-width: 1201px) {\r\n            #responsive-spacer-block_465852ecdcf86369aa084204eeddd115 {\r\n                height: 200px;\r\n            }\r\n        }\r\n    <\/style>\n\n\n<p><\/p>\n\n\n\n<p><\/p>","protected":false},"excerpt":{"rendered":"<p>Termine su viaje culinario con un dulce homenaje al mole poblano reinventado por nuestro talentoso equipo de pasteler\u00eda.<\/p>","protected":false},"author":9,"featured_media":87372,"parent":0,"menu_order":0,"comment_status":"closed","ping_status":"closed","template":"","meta":{"_acf_changed":false,"inline_featured_image":false,"footnotes":""},"categories":[],"class_list":["post-87368","page","type-page","status-publish","has-post-thumbnail","hentry"],"acf":[],"featured_image_src":"https:\/\/cdn.waldorfastorialoscabospedregal.com\/wp-content\/uploads\/2024\/08\/29204826\/Travesia-72-600x400.jpg","featured_image_src_square":"https:\/\/cdn.waldorfastorialoscabospedregal.com\/wp-content\/uploads\/2024\/08\/29204826\/Travesia-72-600x600.jpg","_links":{"self":[{"href":"https:\/\/www.waldorfastorialoscabospedregal.com\/es\/wp-json\/wp\/v2\/pages\/87368","targetHints":{"allow":["GET"]}}],"collection":[{"href":"https:\/\/www.waldorfastorialoscabospedregal.com\/es\/wp-json\/wp\/v2\/pages"}],"about":[{"href":"https:\/\/www.waldorfastorialoscabospedregal.com\/es\/wp-json\/wp\/v2\/types\/page"}],"author":[{"embeddable":true,"href":"https:\/\/www.waldorfastorialoscabospedregal.com\/es\/wp-json\/wp\/v2\/users\/9"}],"replies":[{"embeddable":true,"href":"https:\/\/www.waldorfastorialoscabospedregal.com\/es\/wp-json\/wp\/v2\/comments?post=87368"}],"version-history":[{"count":11,"href":"https:\/\/www.waldorfastorialoscabospedregal.com\/es\/wp-json\/wp\/v2\/pages\/87368\/revisions"}],"predecessor-version":[{"id":88002,"href":"https:\/\/www.waldorfastorialoscabospedregal.com\/es\/wp-json\/wp\/v2\/pages\/87368\/revisions\/88002"}],"wp:featuredmedia":[{"embeddable":true,"href":"https:\/\/www.waldorfastorialoscabospedregal.com\/es\/wp-json\/wp\/v2\/media\/87372"}],"wp:attachment":[{"href":"https:\/\/www.waldorfastorialoscabospedregal.com\/es\/wp-json\/wp\/v2\/media?parent=87368"}],"wp:term":[{"taxonomy":"category","embeddable":true,"href":"https:\/\/www.waldorfastorialoscabospedregal.com\/es\/wp-json\/wp\/v2\/categories?post=87368"}],"curies":[{"name":"wp","href":"https:\/\/api.w.org\/{rel}","templated":true}]}}