{"id":88084,"date":"2024-10-23T19:17:03","date_gmt":"2024-10-23T19:17:03","guid":{"rendered":"https:\/\/www.waldorfastorialoscabospedregal.com\/?page_id=88084"},"modified":"2025-05-20T14:00:24","modified_gmt":"2025-05-20T14:00:24","slug":"dia-de-muertos-experiencia-seleccionada","status":"publish","type":"page","link":"https:\/\/www.waldorfastorialoscabospedregal.com\/es\/dia-de-muertos-experiencia-seleccionada\/","title":{"rendered":"D\u00eda de Muertos | Una Experiencia Curada de Waldorf Astoria Los Cabos Pedregal"},"content":{"rendered":"<section id=\"Cover\" class=\"general-hero general-hero--dark\">\r\n    <div class=\"home-hero\">\r\n                    <img data-src=\"https:\/\/cdn.waldorfastorialoscabospedregal.com\/wp-content\/uploads\/2024\/10\/19014235\/Altar-de-Muertos-2023-40-1.jpg\" alt=\"\" class=\"home-hero__bg lazyload\">\r\n            <\/div>\r\n    <div class=\"general-hero__content\">\r\n        <div class=\"general-hero__content--inner\">\r\n                            <div class=\"general-hero__text a-up\"><h1><\/h1>\n<h1 style=\"text-align: center;\">D\u00eda de Muertos<\/h1>\n<h6 style=\"text-align: center;\">Una experiencia curada en Waldorf Astoria Los Cabos Pedregal<\/h6>\n<p>&nbsp;<\/p>\n<p style=\"text-align: center;\">Aventura Oaxaque\u00f1a de 5 D\u00edas Sum\u00e9rgete en el D\u00eda de Muertos, una Aut\u00e9ntica Tradici\u00f3n Mexicana.<\/p>\n<p style=\"text-align: center;\">del 31 de octubre al 4 de noviembre<\/p>\n<\/div>\r\n                    <\/div>\r\n    <\/div>\r\n<\/section>\r\n\r\n<style>\r\n    #Cover .home-hero::after {\r\n        opacity: 1 !important;\r\n    }\r\n    #Cover .general-hero__content {\r\n        margin-top: -0vh;\r\n    }\r\n<\/style>\n\n<section id=\"responsive-spacer-block_a2d1c004cf303f4d988b5e7e015dba57\" class=\"responsive-spacer\">\r\n<\/section>\r\n<style>\r\n    #responsive-spacer-block_a2d1c004cf303f4d988b5e7e015dba57 {\r\n        width: 100%;\r\n    }\r\n        #responsive-spacer-block_a2d1c004cf303f4d988b5e7e015dba57 {\r\n        height: 45px;\r\n    }\r\n                @media (min-width: 769px) {\r\n            #responsive-spacer-block_a2d1c004cf303f4d988b5e7e015dba57 {\r\n                height: 90px;\r\n            }\r\n        }\r\n                @media (min-width: 1201px) {\r\n            #responsive-spacer-block_a2d1c004cf303f4d988b5e7e015dba57 {\r\n                height: 120px;\r\n            }\r\n        }\r\n    <\/style>\n\n<section id=\"slider-block_5c232957af2ecdff5936bd28f4599546\" class=\"slider\">\r\n    <div class=\"container\">\r\n        <div class=\"slides slides-images\">\r\n                            <div class=\"slide\">\r\n                    <div class=\"slide-img\">\r\n                                                    <a href=\"https:\/\/cdn.waldorfastorialoscabospedregal.com\/wp-content\/uploads\/2024\/10\/19013345\/Oaxaca-Journey-FOTO-017-lowres.jpg\" data-fancybox=\"gallery\" rel=\"slider-block_5c232957af2ecdff5936bd28f4599546\" data-caption=\"\">\r\n                                <img class=\"lazyload\" data-src=\"https:\/\/cdn.waldorfastorialoscabospedregal.com\/wp-content\/uploads\/2024\/10\/19013345\/Oaxaca-Journey-FOTO-017-lowres-1209x665.jpg\" alt=\"Viaje a Oaxaca FOTO 017 bajaresoluci\u00f3n\">\r\n                            <\/a>\r\n                                                                    <\/div>\r\n                <\/div>\r\n                            <div class=\"slide\">\r\n                    <div class=\"slide-img\">\r\n                                                    <a href=\"https:\/\/cdn.waldorfastorialoscabospedregal.com\/wp-content\/uploads\/2024\/10\/19013314\/Oaxaca-Journey-FOTO-012-lowres.jpg\" data-fancybox=\"gallery\" rel=\"slider-block_5c232957af2ecdff5936bd28f4599546\" data-caption=\"\">\r\n                                <img class=\"lazyload\" data-src=\"https:\/\/cdn.waldorfastorialoscabospedregal.com\/wp-content\/uploads\/2024\/10\/19013314\/Oaxaca-Journey-FOTO-012-lowres-1209x665.jpg\" alt=\"Viaje a Oaxaca FOTO 012 bajaresoluci\u00f3n\">\r\n                            <\/a>\r\n                                                                    <\/div>\r\n                <\/div>\r\n                            <div class=\"slide\">\r\n                    <div class=\"slide-img\">\r\n                                                    <a href=\"https:\/\/cdn.waldorfastorialoscabospedregal.com\/wp-content\/uploads\/2024\/10\/22194033\/FOTO-008-1.jpg\" data-fancybox=\"gallery\" rel=\"slider-block_5c232957af2ecdff5936bd28f4599546\" data-caption=\"\">\r\n                                <img class=\"lazyload\" data-src=\"https:\/\/cdn.waldorfastorialoscabospedregal.com\/wp-content\/uploads\/2024\/10\/22194033\/FOTO-008-1-1209x665.jpg\" alt=\"Viaje de Ocio a Oaxaca 2024 FOTO 008\">\r\n                            <\/a>\r\n                                                                    <\/div>\r\n                <\/div>\r\n                            <div class=\"slide\">\r\n                    <div class=\"slide-img\">\r\n                                                    <a href=\"https:\/\/cdn.waldorfastorialoscabospedregal.com\/wp-content\/uploads\/2024\/10\/22193600\/FOTO-108.jpg\" data-fancybox=\"gallery\" rel=\"slider-block_5c232957af2ecdff5936bd28f4599546\" data-caption=\"\">\r\n                                <img class=\"lazyload\" data-src=\"https:\/\/cdn.waldorfastorialoscabospedregal.com\/wp-content\/uploads\/2024\/10\/22193600\/FOTO-108-1209x665.jpg\" alt=\"Viaje de Ocio Oaxaca 2024\">\r\n                            <\/a>\r\n                                                                    <\/div>\r\n                <\/div>\r\n                            <div class=\"slide\">\r\n                    <div class=\"slide-img\">\r\n                                                    <a href=\"https:\/\/cdn.waldorfastorialoscabospedregal.com\/wp-content\/uploads\/2024\/10\/18225855\/Oaxaca-Journey-FOTO-372-lowres.jpg\" data-fancybox=\"gallery\" rel=\"slider-block_5c232957af2ecdff5936bd28f4599546\" data-caption=\"\">\r\n                                <img class=\"lazyload\" data-src=\"https:\/\/cdn.waldorfastorialoscabospedregal.com\/wp-content\/uploads\/2024\/10\/18225855\/Oaxaca-Journey-FOTO-372-lowres-1209x665.jpg\" alt=\"Viaje a Oaxaca FOTO 372 bajoresoluci\u00f3n\">\r\n                            <\/a>\r\n                                                                    <\/div>\r\n                <\/div>\r\n                    <\/div>\r\n        <div class=\"slides slides-contents\">\r\n                            <div class=\"slide\">\r\n                    <div class=\"slide-content\">\r\n                                                                    <\/div>\r\n                <\/div>\r\n                            <div class=\"slide\">\r\n                    <div class=\"slide-content\">\r\n                                                                    <\/div>\r\n                <\/div>\r\n                            <div class=\"slide\">\r\n                    <div class=\"slide-content\">\r\n                                                                    <\/div>\r\n                <\/div>\r\n                            <div class=\"slide\">\r\n                    <div class=\"slide-content\">\r\n                                                                    <\/div>\r\n                <\/div>\r\n                            <div class=\"slide\">\r\n                    <div class=\"slide-content\">\r\n                                                                    <\/div>\r\n                <\/div>\r\n                    <\/div>\r\n    <\/div>\r\n<\/section>\r\n\n\n<section id=\"responsive-spacer-block_a2d1c004cf303f4d988b5e7e015dba57\" class=\"responsive-spacer\">\r\n<\/section>\r\n<style>\r\n    #responsive-spacer-block_a2d1c004cf303f4d988b5e7e015dba57 {\r\n        width: 100%;\r\n    }\r\n        #responsive-spacer-block_a2d1c004cf303f4d988b5e7e015dba57 {\r\n        height: 45px;\r\n    }\r\n                @media (min-width: 769px) {\r\n            #responsive-spacer-block_a2d1c004cf303f4d988b5e7e015dba57 {\r\n                height: 90px;\r\n            }\r\n        }\r\n                @media (min-width: 1201px) {\r\n            #responsive-spacer-block_a2d1c004cf303f4d988b5e7e015dba57 {\r\n                height: 120px;\r\n            }\r\n        }\r\n    <\/style>\n\n<section id=\"Hosts\" class=\"media-content media-content--original text-center\">\r\n    <div class=\"container\">\r\n                <div class=\"media-content__content\">\r\n                            <h2 class=\"media-content__title a-up\">Tus anfitriones<\/h2>\r\n                                        <div class=\"media-content__text a-up a-delay-1\" style=\"margin-bottom: 1vw;\" >\r\n                    <h6>Creando Recuerdos Inolvidables<\/h6>\n                <\/div>\r\n                                            <\/div>\r\n    <\/div>\r\n<\/section>\n\n<section id=\"people-slider-block_a34e31cd69f8d855c3856807107b7b55\" class=\"people-slider\">\r\n    <div class=\"container\">\r\n                    <\/div>\r\n            <div class=\"peoples\">\r\n            <article class=\"loop-people\" data-id=\"3540\">\r\n    <div class=\"loop-people__image\">\r\n        <img class=\"lazyload\" \r\n            data-src=\"\" \r\n             \r\n            alt=\"Fernando Flores\">\r\n        <h6 class=\"loop-people__title\">Fernando Flores<\/h6>\r\n    <\/div>\r\n    <div class=\"loop-people__content\">\r\n                    <h6 class=\"loop-people__role\">Director General<\/h6>\r\n                <div class=\"loop-people__excerpt\">Como Director General de Waldorf Astoria Los Cabos Pedregal, Fernando Flores aporta m\u00e1s de 20 a\u00f1os de experiencia en hospitalidad a la galardonada propiedad. En su puesto, Flores es responsable de continuar con el \u00e9xito del prestigioso resort mientras cultiva relaciones tanto nacionales como internacionales con hu\u00e9spedes, colegas y propietarios. Desde la consecuci\u00f3n de resultados financieros y la implementaci\u00f3n de proyectos de gastos de capital y centr\u00e1ndose en el mantenimiento de una funci\u00f3n eficiente y rentable de las operaciones del d\u00eda a d\u00eda en la propiedad, a proporcionar un servicio excepcional a los hu\u00e9spedes y la satisfacci\u00f3n de toda la propiedad, Flores ha hecho un impacto en el complejo durante m\u00e1s de una d\u00e9cada.    <\/div>\r\n    <\/div>\r\n<\/article><article class=\"loop-people\" data-id=\"88146\">\r\n    <div class=\"loop-people__image\">\r\n        <img class=\"lazyload\" \r\n            data-src=\"https:\/\/cdn.waldorfastorialoscabospedregal.com\/wp-content\/uploads\/2024\/10\/23200539\/PeterFalke-465x600.jpg\" \r\n            data-srcset=\"https:\/\/cdn.waldorfastorialoscabospedregal.com\/wp-content\/uploads\/2024\/10\/23200539\/PeterFalke-930x1200.jpg 2x\" \r\n            alt=\"Peter Falke\">\r\n        <h6 class=\"loop-people__title\">Peter Falke<\/h6>\r\n    <\/div>\r\n    <div class=\"loop-people__content\">\r\n                    <h6 class=\"loop-people__role\">Director de Ventas y Marketing<\/h6>\r\n                <div class=\"loop-people__excerpt\">Con m\u00e1s de dos d\u00e9cadas de experiencia en la industria hotelera, Peter aporta una gran experiencia y pasi\u00f3n por el sector. Ha trabajado con marcas de renombre en diversas ubicaciones de los Estados Unidos, incluyendo Four Seasons, Fairmont y Rosewood Hotels. La dedicaci\u00f3n de Peter a fomentar equipos inclusivos y a impulsar el \u00e9xito a trav\u00e9s de la colaboraci\u00f3n se alinea perfectamente con los valores de Waldorf Astoria Los Cabos Pedregal.<\/div>\r\n    <\/div>\r\n<\/article><article class=\"loop-people\" data-id=\"88142\">\r\n    <div class=\"loop-people__image\">\r\n        <img class=\"lazyload\" \r\n            data-src=\"https:\/\/cdn.waldorfastorialoscabospedregal.com\/wp-content\/uploads\/2024\/10\/19011518\/Jenny-Debonis-by-Studio-Eminence-4-465x600.jpg\" \r\n            data-srcset=\"https:\/\/cdn.waldorfastorialoscabospedregal.com\/wp-content\/uploads\/2024\/10\/19011518\/Jenny-Debonis-by-Studio-Eminence-4-930x1200.jpg 2x\" \r\n            alt=\"Jenny Debonis\">\r\n        <h6 class=\"loop-people__title\">Jenny Debonis<\/h6>\r\n    <\/div>\r\n    <div class=\"loop-people__content\">\r\n                    <h6 class=\"loop-people__role\">Director de Ventas<\/h6>\r\n                <div class=\"loop-people__excerpt\">Con dos d\u00e9cadas de dedicaci\u00f3n a la industria hotelera, los notables talentos de Jenny Debonis se extienden m\u00e1s all\u00e1 del \u00e1mbito de las ventas; tiene un don para las relaciones p\u00fablicas, fomentando una atm\u00f3sfera armoniosa dentro de nuestro equipo, y una b\u00fasqueda implacable de la eficiencia y la innovaci\u00f3n. <\/div>\r\n    <\/div>\r\n<\/article><article class=\"loop-people\" data-id=\"88148\">\r\n    <div class=\"loop-people__image\">\r\n        <img class=\"lazyload\" \r\n            data-src=\"https:\/\/cdn.waldorfastorialoscabospedregal.com\/wp-content\/uploads\/2024\/10\/19011551\/Julie-Matthews-by-Studio-Eminence-high-res-91-1-465x600.jpg\" \r\n            data-srcset=\"https:\/\/cdn.waldorfastorialoscabospedregal.com\/wp-content\/uploads\/2024\/10\/19011551\/Julie-Matthews-by-Studio-Eminence-high-res-91-1-930x1200.jpg 2x\" \r\n            alt=\"Julie Mathews\">\r\n        <h6 class=\"loop-people__title\">Julie Mathews<\/h6>\r\n    <\/div>\r\n    <div class=\"loop-people__content\">\r\n                    <h6 class=\"loop-people__role\">Director S\u00e9nior de Ventas de Ocio<\/h6>\r\n                <div class=\"loop-people__excerpt\">Con m\u00e1s de dos d\u00e9cadas de experiencia en la industria de la hospitalidad, Julie aporta una impresionante trayectoria en ventas de ocio y desarrollo de negocios. Ha ocupado puestos de liderazgo con marcas de prestigio como The Peninsula Hotels, Ritz-Carlton y The Leading Hotels of the World. Desde que se uni\u00f3 a Waldorf Astoria Los Cabos Pedregal, la experiencia de Julie en gesti\u00f3n de cuentas, comunicaci\u00f3n y fomento de relaciones con clientes ha sido fundamental para impulsar el \u00e9xito. Su dedicaci\u00f3n a la excelencia se alinea perfectamente con nuestros valores de lujo, servicio y de ofrecer experiencias inolvidables a nuestros hu\u00e9spedes.<\/div>\r\n    <\/div>\r\n<\/article><article class=\"loop-people\" data-id=\"3534\">\r\n    <div class=\"loop-people__image\">\r\n        <img class=\"lazyload\" \r\n            data-src=\"https:\/\/cdn.waldorfastorialoscabospedregal.com\/wp-content\/uploads\/2021\/12\/14173007\/26.-David-Hernandez-WA-Ene-2020-465x600.jpg\" \r\n            data-srcset=\"https:\/\/cdn.waldorfastorialoscabospedregal.com\/wp-content\/uploads\/2021\/12\/14173007\/26.-David-Hernandez-WA-Ene-2020-930x1200.jpg 2x\" \r\n            alt=\"David Hern\u00e1ndez\">\r\n        <h6 class=\"loop-people__title\">David Hern\u00e1ndez<\/h6>\r\n    <\/div>\r\n    <div class=\"loop-people__content\">\r\n                    <h6 class=\"loop-people__role\">Director de Bares<\/h6>\r\n                <div class=\"loop-people__excerpt\">Procedente de Ciudad de M\u00e9xico y con m\u00e1s de 15 a\u00f1os de experiencia en hosteler\u00eda y cocteler\u00eda de lujo, David Hern\u00e1ndez aporta una perspectiva global a los c\u00f3cteles de inspiraci\u00f3n culinaria, destacando al mismo tiempo los sabores e ingredientes locales. <\/div>\r\n    <\/div>\r\n<\/article><article class=\"loop-people\" data-id=\"88150\">\r\n    <div class=\"loop-people__image\">\r\n        <img class=\"lazyload\" \r\n            data-src=\"https:\/\/cdn.waldorfastorialoscabospedregal.com\/wp-content\/uploads\/2024\/10\/19011712\/Estefania_Romero-by-Studio-EminenceBA-Edits-465x600.jpg\" \r\n            data-srcset=\"https:\/\/cdn.waldorfastorialoscabospedregal.com\/wp-content\/uploads\/2024\/10\/19011712\/Estefania_Romero-by-Studio-EminenceBA-Edits-930x1200.jpg 2x\" \r\n            alt=\"Estefania Romero\">\r\n        <h6 class=\"loop-people__title\">Estefania Romero<\/h6>\r\n    <\/div>\r\n    <div class=\"loop-people__content\">\r\n                    <h6 class=\"loop-people__role\">Gerente de Ventas de Ocio<\/h6>\r\n                <div class=\"loop-people__excerpt\">Al representarnos en eventos de ventas de ocio, Estefan\u00eda comparte no solo la alegr\u00eda, sino tambi\u00e9n su genuina pasi\u00f3n por promocionar las experiencias \u00fanicas que ofrece nuestro hotel, superando consistentemente las expectativas de nuestros hu\u00e9spedes. Con un ojo agudo para el detalle y un esp\u00edritu espont\u00e1neo, su compromiso y dedicaci\u00f3n reflejan el esp\u00edritu de excelencia que define a nuestro equipo de ventas.<\/div>\r\n    <\/div>\r\n<\/article>        <\/div>\r\n    <\/section>\n\n<section id=\"responsive-spacer-block_a2d1c004cf303f4d988b5e7e015dba57\" class=\"responsive-spacer\">\r\n<\/section>\r\n<style>\r\n    #responsive-spacer-block_a2d1c004cf303f4d988b5e7e015dba57 {\r\n        width: 100%;\r\n    }\r\n        #responsive-spacer-block_a2d1c004cf303f4d988b5e7e015dba57 {\r\n        height: 45px;\r\n    }\r\n                @media (min-width: 769px) {\r\n            #responsive-spacer-block_a2d1c004cf303f4d988b5e7e015dba57 {\r\n                height: 90px;\r\n            }\r\n        }\r\n                @media (min-width: 1201px) {\r\n            #responsive-spacer-block_a2d1c004cf303f4d988b5e7e015dba57 {\r\n                height: 120px;\r\n            }\r\n        }\r\n    <\/style>\n\n<section id=\"Inspiration\" class=\"media-content media-content--original text-center\">\r\n    <div class=\"container\">\r\n                    <div class=\"media-content__media\">\r\n                                    <div class=\"img-a\">\r\n        <div class=\"img-a-img\">\r\n            <img class=\"lazyload\" data-src=\"https:\/\/cdn.waldorfastorialoscabospedregal.com\/wp-content\/uploads\/2024\/10\/23195756\/Comfortable-Casual.png\" alt=\"\">\r\n        <\/div>\r\n    <\/div>\r\n                            <\/div>\r\n                <div class=\"media-content__content\">\r\n                            <h2 class=\"media-content__title a-up\">Inspiraci\u00f3n Casual C\u00f3moda<\/h2>\r\n                                        <div class=\"media-content__text a-up a-delay-1\" style=\"margin-bottom: 1vw;\" >\r\n                    <h6>Para un viaje oaxaque\u00f1o<\/h6>\n<p><span class=\"OYPEnA font-feature-liga-off font-feature-clig-off font-feature-calt-off text-decoration-none text-strikethrough-none\"><br \/>\nComodidad Oaxaque\u00f1a: Un equilibrio perfecto para un viaje relajado. Este atuendo incluye blusas bien ajustadas y transpirables combinadas con pantalones, jeans o faldas c\u00f3modos y favorecedores. Los zapatos cerrados, como las zapatillas deportivas, ofrecen la mezcla adecuada de soporte y practicidad para explorar las maravillas culturales de Oaxaca. No olvides tu elegante equipo de protecci\u00f3n solar, sombreros de ala ancha y gafas de sol chic, para un toque de estilo adicional, asegur\u00e1ndote de lucir y sentirte lo mejor posible mientras descubres el rico tapiz de las tradiciones oaxaque\u00f1as.<\/span><\/p>\n                <\/div>\r\n                                            <\/div>\r\n    <\/div>\r\n<\/section>\n\n<section id=\"responsive-spacer-block_a2d1c004cf303f4d988b5e7e015dba57\" class=\"responsive-spacer\">\r\n<\/section>\r\n<style>\r\n    #responsive-spacer-block_a2d1c004cf303f4d988b5e7e015dba57 {\r\n        width: 100%;\r\n    }\r\n        #responsive-spacer-block_a2d1c004cf303f4d988b5e7e015dba57 {\r\n        height: 45px;\r\n    }\r\n                @media (min-width: 769px) {\r\n            #responsive-spacer-block_a2d1c004cf303f4d988b5e7e015dba57 {\r\n                height: 90px;\r\n            }\r\n        }\r\n                @media (min-width: 1201px) {\r\n            #responsive-spacer-block_a2d1c004cf303f4d988b5e7e015dba57 {\r\n                height: 120px;\r\n            }\r\n        }\r\n    <\/style>\n\n<section id=\"media-content-block_7dffd1ae7fe964a82bc56278c9f59a83\" class=\"media-content media-content--original media-content--left no-padding text-center\">\r\n    <div class=\"container\">\r\n                    <div class=\"media-content__media\">\r\n                                    <div class=\"img-a\">\r\n        <div class=\"img-a-img\">\r\n            <img class=\"lazyload\" data-src=\"https:\/\/cdn.waldorfastorialoscabospedregal.com\/wp-content\/uploads\/2024\/10\/23200036\/SmartCasual.png\" alt=\"\">\r\n        <\/div>\r\n    <\/div>\r\n                            <\/div>\r\n                <div class=\"media-content__content\">\r\n                            <h2 class=\"media-content__title a-up\">Inspiraci\u00f3n Smart Casual<\/h2>\r\n                                        <div class=\"media-content__text a-up a-delay-1\" style=\"margin-bottom: 1vw;\" >\r\n                    <h6>Para Restaurantes Oaxaque\u00f1os<\/h6>\n<p>&nbsp;<\/p>\n<p><span class=\"OYPEnA font-feature-liga-off font-feature-clig-off font-feature-calt-off text-decoration-none text-strikethrough-none\">Encanto informal elegante: Para una velada cenando en los restaurantes de Oaxaca, te presentamos siluetas cl\u00e1sicas y opciones c\u00f3modas con estampados sutiles o colores lisos. Comb\u00ednalo con zapatos de tac\u00f3n bajo de bloque para mayor comodidad y estilo. Accesoriza con joyas delicadas y un bolso de mano que complemente la ropa. Un blazer entallado para asegurar que tu conjunto informal elegante sea adecuado para cualquier experiencia de alta cocina en Oaxaca.<\/span><\/p>\n                <\/div>\r\n                                            <\/div>\r\n    <\/div>\r\n<\/section>\n\n<section id=\"responsive-spacer-block_a2d1c004cf303f4d988b5e7e015dba57\" class=\"responsive-spacer\">\r\n<\/section>\r\n<style>\r\n    #responsive-spacer-block_a2d1c004cf303f4d988b5e7e015dba57 {\r\n        width: 100%;\r\n    }\r\n        #responsive-spacer-block_a2d1c004cf303f4d988b5e7e015dba57 {\r\n        height: 45px;\r\n    }\r\n                @media (min-width: 769px) {\r\n            #responsive-spacer-block_a2d1c004cf303f4d988b5e7e015dba57 {\r\n                height: 90px;\r\n            }\r\n        }\r\n                @media (min-width: 1201px) {\r\n            #responsive-spacer-block_a2d1c004cf303f4d988b5e7e015dba57 {\r\n                height: 120px;\r\n            }\r\n        }\r\n    <\/style>\n\n<section id=\"Share the magic\" class=\"media-content media-content--original no-padding text-center\">\r\n    <div class=\"container\">\r\n                    <div class=\"media-content__media\">\r\n                                    <div class=\"img-a\">\r\n        <div class=\"img-a-img\">\r\n            <img class=\"lazyload\" data-src=\"https:\/\/cdn.waldorfastorialoscabospedregal.com\/wp-content\/uploads\/2021\/10\/14173731\/BMP-Waldorf-Cabo_062-scaled.jpg\" alt=\"\">\r\n        <\/div>\r\n    <\/div>\r\n                            <\/div>\r\n                <div class=\"media-content__content\">\r\n                            <h2 class=\"media-content__title a-up\">Comparte la magia<\/h2>\r\n                                        <div class=\"media-content__text a-up a-delay-1\" style=\"margin-bottom: 1vw;\" >\r\n                    <h6 style=\"text-align: center;\">Tu Viaje Oaxaque\u00f1o de D\u00eda de Muertos<\/h6>\n<p class=\"cvGsUA direction-ltr align-justify para-style-body\" style=\"text-align: center;\"><span class=\"OYPEnA font-feature-liga-off font-feature-clig-off font-feature-calt-off text-decoration-none text-strikethrough-none\">No olvides etiquetarnos y usar nuestro hashtag:<\/span><\/p>\n<p class=\"cvGsUA direction-ltr align-justify para-style-body\" style=\"text-align: center;\"><span class=\"OYPEnA font-feature-liga-off font-feature-clig-off font-feature-calt-off text-decoration-none text-strikethrough-none\">@WAPedregal <\/span><span class=\"OYPEnA font-feature-liga-off font-feature-clig-off font-feature-calt-off text-decoration-none text-strikethrough-none\">#WAPedregal <\/span><span class=\"OYPEnA font-feature-liga-off font-feature-clig-off font-feature-calt-off text-decoration-none text-strikethrough-none\">#PedregalImmersion<\/span><\/p>\n<p>&nbsp;<\/p>\n<p>&nbsp;<\/p>\n<p style=\"text-align: center;\"><a href=\"https:\/\/www.facebook.com\/wapedregal\" target=\"_blank\" rel=\"noopener\"><img decoding=\"async\" class=\"size-full wp-image-88195\" src=\"https:\/\/cdn.waldorfastorialoscabospedregal.com\/wp-content\/uploads\/2024\/10\/23190450\/2515845_black-and-white_dark-grey_facebook_icon.png\" alt=\"icono de facebook negro y gris oscuro\" width=\"48\" height=\"48\" \/><\/a> \u00a0 <a href=\"http:\/\/instagram.com\/wapedregal\" target=\"_blank\" rel=\"noopener\"><img decoding=\"async\" class=\"alignnone size-full wp-image-88196\" src=\"https:\/\/cdn.waldorfastorialoscabospedregal.com\/wp-content\/uploads\/2024\/10\/23190457\/2515843_black-and-white_dark-grey_instagram_icon-1.png\" alt=\"2515843 icono de instagram negro y gris oscuro (1)\" width=\"48\" height=\"48\" \/><\/a><\/p>\n<p style=\"text-align: center;\">\n                <\/div>\r\n                                                                    <a href=\"https:\/\/cdn.waldorfastorialoscabospedregal.com\/wp-content\/uploads\/2024\/10\/27154518\/2024Dia-de-Muertos-Agenda-compressed.pdf\" class=\"cta media-content__cta a-up a-delay-2\" target=\"\">\r\n                    Agenda del D\u00eda de Muertos                <\/a>\r\n                    <\/div>\r\n    <\/div>\r\n<\/section>\n\n<section id=\"responsive-spacer-block_6333c5f6c4d0774127d98a8a3f3a12de\" class=\"responsive-spacer\">\r\n<\/section>\r\n<style>\r\n    #responsive-spacer-block_6333c5f6c4d0774127d98a8a3f3a12de {\r\n        width: 100%;\r\n    }\r\n            <\/style>","protected":false},"excerpt":{"rendered":"","protected":false},"author":9,"featured_media":0,"parent":0,"menu_order":0,"comment_status":"closed","ping_status":"closed","template":"","meta":{"_acf_changed":false,"inline_featured_image":false,"footnotes":""},"categories":[],"class_list":["post-88084","page","type-page","status-publish","hentry"],"acf":[],"featured_image_src":null,"featured_image_src_square":null,"_links":{"self":[{"href":"https:\/\/www.waldorfastorialoscabospedregal.com\/es\/wp-json\/wp\/v2\/pages\/88084","targetHints":{"allow":["GET"]}}],"collection":[{"href":"https:\/\/www.waldorfastorialoscabospedregal.com\/es\/wp-json\/wp\/v2\/pages"}],"about":[{"href":"https:\/\/www.waldorfastorialoscabospedregal.com\/es\/wp-json\/wp\/v2\/types\/page"}],"author":[{"embeddable":true,"href":"https:\/\/www.waldorfastorialoscabospedregal.com\/es\/wp-json\/wp\/v2\/users\/9"}],"replies":[{"embeddable":true,"href":"https:\/\/www.waldorfastorialoscabospedregal.com\/es\/wp-json\/wp\/v2\/comments?post=88084"}],"version-history":[{"count":40,"href":"https:\/\/www.waldorfastorialoscabospedregal.com\/es\/wp-json\/wp\/v2\/pages\/88084\/revisions"}],"predecessor-version":[{"id":91905,"href":"https:\/\/www.waldorfastorialoscabospedregal.com\/es\/wp-json\/wp\/v2\/pages\/88084\/revisions\/91905"}],"wp:attachment":[{"href":"https:\/\/www.waldorfastorialoscabospedregal.com\/es\/wp-json\/wp\/v2\/media?parent=88084"}],"wp:term":[{"taxonomy":"category","embeddable":true,"href":"https:\/\/www.waldorfastorialoscabospedregal.com\/es\/wp-json\/wp\/v2\/categories?post=88084"}],"curies":[{"name":"wp","href":"https:\/\/api.w.org\/{rel}","templated":true}]}}