{"id":88712,"date":"2024-12-16T22:33:57","date_gmt":"2024-12-16T22:33:57","guid":{"rendered":"https:\/\/www.waldorfastorialoscabospedregal.com\/?page_id=88712"},"modified":"2025-05-20T13:58:15","modified_gmt":"2025-05-20T13:58:15","slug":"retiro-alo-moves","status":"publish","type":"page","link":"https:\/\/www.waldorfastorialoscabospedregal.com\/es\/bienestar\/retiro-alo-moves\/","title":{"rendered":"Experiencia de Alo Moves"},"content":{"rendered":"<section id=\"general-hero-block_cc4eb6efd8e4b929045773c6d00b7533\" class=\"general-hero general-hero--dark\">\r\n    <div class=\"home-hero\">\r\n                    <video loop playsinline autoplay class=\"home-hero__bg video-autoplay__ready\" muted preload=\"none\" poster=\"\">\r\n                <source src=\"https:\/\/cdn.waldorfastorialoscabospedregal.com\/wp-content\/uploads\/2025\/03\/18204439\/Alo-Moves-2025-web.mov\" type=\"video\/mp4\">\r\n            <\/video>\r\n\r\n            <button class=\"btn-audio\" aria-label=\"Conmutar audio\">\r\n                <span class=\"btn-audio--play\">\r\n                    <svg width=\"16\" height=\"15\" viewbox=\"0 0 16 15\" fill=\"none\" xmlns=\"http:\/\/www.w3.org\/2000\/svg\">\r\n                        <rect y=\"4\" width=\"4\" height=\"11\" fill=\"white\"\/>\r\n                        <rect x=\"6\" width=\"4\" height=\"15\" fill=\"white\"\/>\r\n                        <rect x=\"12\" y=\"2\" width=\"4\" height=\"13\" fill=\"white\"\/>\r\n                    <\/svg>\r\n                <\/span>\r\n                <span class=\"btn-audio--mute\">\r\n                    <svg width=\"10\" height=\"15\" viewbox=\"0 0 10 15\" fill=\"none\" xmlns=\"http:\/\/www.w3.org\/2000\/svg\">\r\n                        <rect width=\"4\" height=\"15\" fill=\"white\"\/>\r\n                        <rect x=\"6\" width=\"4\" height=\"15\" fill=\"white\"\/>\r\n                    <\/svg>\r\n                <\/span>\r\n            <\/button>\r\n            <\/div>\r\n    <div class=\"general-hero__content\">\r\n        <div class=\"general-hero__content--inner\">\r\n                            <div class=\"general-hero__text a-up\"><h1 style=\"text-align: center;\">El Reinicio<\/h1>\n<h6 style=\"text-align: center;\">Alo Moves x Waldorf Astoria Los Cabos Pedregal<\/h6>\n<\/div>\r\n                    <\/div>\r\n    <\/div>\r\n<\/section>\r\n\r\n<style>\r\n    #general-hero-block_cc4eb6efd8e4b929045773c6d00b7533 .home-hero::after {\r\n        opacity: 1 !important;\r\n    }\r\n    #general-hero-block_cc4eb6efd8e4b929045773c6d00b7533 .general-hero__content {\r\n        margin-top: -0vh;\r\n    }\r\n<\/style>\n\n    <nav class=\"secondary-nav navigation-block\" id=\"navigation-block-block_198c5c001ceb983067394bb3d55e482d\">\r\n        <div class=\"secondary-nav__mobile\">\r\n            <select name=\"\" id=\"\" class=\"secondary-nav__select\">\r\n                                    <option value=\"#about\">\r\n                        Acerca de                    <\/option>\r\n                                    <option value=\"#offer\">\r\n                        La Oferta de Retiro                    <\/option>\r\n                            <\/select>\r\n        <\/div>\r\n        <ul class=\"secondary-nav__desktop\">\r\n                            <li class=\"secondary-nav__item\">\r\n                    <a href=\"#about\" class=\"scroll-link secondary-nav__link\">\r\n                        Acerca de                    <\/a>\r\n                <\/li>\r\n                            <li class=\"secondary-nav__item\">\r\n                    <a href=\"#offer\" class=\"scroll-link secondary-nav__link\">\r\n                        La Oferta de Retiro                    <\/a>\r\n                <\/li>\r\n                    <\/ul>\r\n    <\/nav>\r\n\n\n<section id=\"responsive-spacer-block_348e9f3f36dd9bc6f605c110b0878ddc\" class=\"responsive-spacer\">\r\n<\/section>\r\n<style>\r\n    #responsive-spacer-block_348e9f3f36dd9bc6f605c110b0878ddc {\r\n        width: 100%;\r\n    }\r\n        #responsive-spacer-block_348e9f3f36dd9bc6f605c110b0878ddc {\r\n        height: 45px;\r\n    }\r\n                @media (min-width: 769px) {\r\n            #responsive-spacer-block_348e9f3f36dd9bc6f605c110b0878ddc {\r\n                height: 90px;\r\n            }\r\n        }\r\n                @media (min-width: 1201px) {\r\n            #responsive-spacer-block_348e9f3f36dd9bc6f605c110b0878ddc {\r\n                height: 120px;\r\n            }\r\n        }\r\n    <\/style>\n\n<section id=\"about\" class=\"custom-wysiwig a-up\">\r\n    <div class=\"container\">\r\n        <p style=\"text-align: center;\"><span data-preserver-spaces=\"true\">Del 3 al 5 de abril de 2025, \u00fanete a nosotros en un viaje transformador en el para\u00edso, ya que Alo Moves regresa a Waldorf Astoria Los Cabos Pedregal con su programa insignia, <\/span><em><span data-preserver-spaces=\"true\"><strong><a href=\"https:\/\/www.alomoves.com\/series\/the-reset\" target=\"_blank\" rel=\"noopener\">El Reinicio<\/a><\/strong>. <\/span><\/em><span data-preserver-spaces=\"true\">Comienza tu a\u00f1o elevando las rutinas de bienestar tradicionales con un enfoque fresco e intencional.\u00a0<\/span><\/p>\n<p>&nbsp;<\/p>\n<p>&nbsp;<\/p>\n<p style=\"text-align: center;\"><span data-preserver-spaces=\"true\">Este fin de semana de bienestar especialmente seleccionado promete recargar tu mente, cuerpo y esp\u00edritu. Disfruta de una rica variedad de actividades cada d\u00eda, incluyendo din\u00e1micas sesiones de Pilates,<\/span><span data-preserver-spaces=\"true\"> pr\u00e1cticas de atenci\u00f3n plena, y<\/span><span data-preserver-spaces=\"true\"> experiencias culinarias nutritivas. Adapte su viaje de bienestar para que se ajuste a sus metas y preferencias personales, todo mientras abraza la calma y el lujo del entorno de Waldorf Astoria Los Cabos Pedregal.<\/span><\/p>\n<p>&nbsp;<\/p>\n<p>&nbsp;<\/p>\n<p style=\"text-align: center;\"><a href=\"https:\/\/cdn.waldorfastorialoscabospedregal.com\/wp-content\/uploads\/2025\/03\/11215444\/The-Reset-Retreat-2025-Itinerary.pdf\" class=\"btn btn--accent\" target=\"\">El Itinerario de Reinicio<\/a><\/p>\n    <\/div>\r\n<\/section>\r\n<style>\r\n            #about h1 {\r\n            color: #2f2f2f;\r\n        }\r\n                #about h2 {\r\n            color: #2f2f2f;\r\n        }\r\n                #about h3 {\r\n            color: #2f2f2f;\r\n        }\r\n                #about h4 {\r\n            color: #2f2f2f;\r\n        }\r\n                #about h5 {\r\n            color: #2F2F2F;\r\n        }\r\n                #about h6 {\r\n            color: #2f2f2f;\r\n        }\r\n                #about p {\r\n            color: #000000;\r\n        }\r\n                #about a:not(.btn, .link, .cta) {\r\n            color: #000000;\r\n        }\r\n    <\/style>\n\n<section id=\"responsive-spacer-block_348e9f3f36dd9bc6f605c110b0878ddc\" class=\"responsive-spacer\">\r\n<\/section>\r\n<style>\r\n    #responsive-spacer-block_348e9f3f36dd9bc6f605c110b0878ddc {\r\n        width: 100%;\r\n    }\r\n        #responsive-spacer-block_348e9f3f36dd9bc6f605c110b0878ddc {\r\n        height: 45px;\r\n    }\r\n                @media (min-width: 769px) {\r\n            #responsive-spacer-block_348e9f3f36dd9bc6f605c110b0878ddc {\r\n                height: 90px;\r\n            }\r\n        }\r\n                @media (min-width: 1201px) {\r\n            #responsive-spacer-block_348e9f3f36dd9bc6f605c110b0878ddc {\r\n                height: 120px;\r\n            }\r\n        }\r\n    <\/style>\n\n<section id=\"slider-block_bd755979d6adf75d5911815b12452d3b\" class=\"slider\">\r\n    <div class=\"container\">\r\n        <div class=\"slides slides-images\">\r\n                            <div class=\"slide\">\r\n                    <div class=\"slide-img\">\r\n                                                    <a href=\"https:\/\/cdn.waldorfastorialoscabospedregal.com\/wp-content\/uploads\/2024\/03\/14015306\/AloYoga_IntuitiveRitual-85-BAEdits-Horizontal-website.jpg\" data-fancybox=\"gallery\" rel=\"slider-block_bd755979d6adf75d5911815b12452d3b\" data-caption=\"\">\r\n                                <img class=\"lazyload\" data-src=\"https:\/\/cdn.waldorfastorialoscabospedregal.com\/wp-content\/uploads\/2024\/03\/14015306\/AloYoga_IntuitiveRitual-85-BAEdits-Horizontal-website-1209x665.jpg\" alt=\"AloYoga IntuitiveRitual 85 BAEdiciones Sitio web horizontal\">\r\n                            <\/a>\r\n                                                                    <\/div>\r\n                <\/div>\r\n                            <div class=\"slide\">\r\n                    <div class=\"slide-img\">\r\n                                                    <a href=\"https:\/\/cdn.waldorfastorialoscabospedregal.com\/wp-content\/uploads\/2025\/01\/02200545\/TheReset_Banners-25-1_lowres.jpg\" data-fancybox=\"gallery\" rel=\"slider-block_bd755979d6adf75d5911815b12452d3b\" data-caption=\"\">\r\n                                <img class=\"lazyload\" data-src=\"https:\/\/cdn.waldorfastorialoscabospedregal.com\/wp-content\/uploads\/2025\/01\/02200545\/TheReset_Banners-25-1_lowres-1209x665.jpg\" alt=\"TheReset Banners 25 (1) low-res\">\r\n                            <\/a>\r\n                                                                    <\/div>\r\n                <\/div>\r\n                            <div class=\"slide\">\r\n                    <div class=\"slide-img\">\r\n                                                    <a href=\"https:\/\/cdn.waldorfastorialoscabospedregal.com\/wp-content\/uploads\/2025\/01\/02201018\/AL_IntuitiveRitual-84_lowres.jpg\" data-fancybox=\"gallery\" rel=\"slider-block_bd755979d6adf75d5911815b12452d3b\" data-caption=\"\">\r\n                                <img class=\"lazyload\" data-src=\"https:\/\/cdn.waldorfastorialoscabospedregal.com\/wp-content\/uploads\/2025\/01\/02201018\/AL_IntuitiveRitual-84_lowres-1209x665.jpg\" alt=\"AL RitualIntuitivo 84 bajaresolucion\">\r\n                            <\/a>\r\n                                                                    <\/div>\r\n                <\/div>\r\n                    <\/div>\r\n        <div class=\"slides slides-contents\">\r\n                            <div class=\"slide\">\r\n                    <div class=\"slide-content\">\r\n                                                                    <\/div>\r\n                <\/div>\r\n                            <div class=\"slide\">\r\n                    <div class=\"slide-content\">\r\n                                                                    <\/div>\r\n                <\/div>\r\n                            <div class=\"slide\">\r\n                    <div class=\"slide-content\">\r\n                                                                    <\/div>\r\n                <\/div>\r\n                    <\/div>\r\n    <\/div>\r\n<\/section>\r\n\n\n<section id=\"offer\" class=\"responsive-spacer\">\r\n<\/section>\r\n<style>\r\n    #offer {\r\n        width: 100%;\r\n    }\r\n        #offer {\r\n        height: 45px;\r\n    }\r\n                @media (min-width: 769px) {\r\n            #offer {\r\n                height: 100px;\r\n            }\r\n        }\r\n                @media (min-width: 1201px) {\r\n            #offer {\r\n                height: 145px;\r\n            }\r\n        }\r\n    <\/style>\n\n<section id=\"two-columns-block_1462873f4de46bbb18ce689764d594b9\" class=\"two-columns\">\r\n    <div class=\"container\">\r\n        <div class=\"row\">\r\n                        <div class=\"col col-left a-right\">\r\n                <h6 data-olk-copy-source=\"MessageBody\">LA OFERTA DE RETIRO<\/h6>\n<p class=\"x_MsoNormal\" data-olk-copy-source=\"MessageBody\">A partir del 3 de abril<sup>R<\/sup>\u00a0a los 5<sup>th<\/sup> escapa al para\u00edso con el exclusivo retiro Alo Moves x Waldorf Astoria Los Cabos Pedregal, una experiencia de bienestar transformadora inspirada en <em><strong><a href=\"https:\/\/www.alomoves.com\/series\/the-reset\" target=\"_blank\" rel=\"noopener\">El Reinicio<\/a><\/strong><\/em>, el flamante programa de 28 d\u00edas de Alo Moves. Enclavado en la impresionante belleza de Los Cabos, disfruta de clases diarias dirigidas por instructores de renombre mundial de Alo Moves, dise\u00f1adas para vigorizar tu mente, cuerpo y alma. Mejora tu viaje con alojamiento de lujo, experiencias gastron\u00f3micas seleccionadas y serenos tratamientos de spa. Ya sea que busques profundizar tu pr\u00e1ctica o adoptar nuevos rituales de bienestar, este retiro ofrece el escenario definitivo para el equilibrio, la renovaci\u00f3n y la conexi\u00f3n.<\/p>\n<p class=\"x_MsoNormal\" data-olk-copy-source=\"MessageBody\">Reserva tu lugar y rel\u00e1jate en el lujo.<\/p>\n<p>&nbsp;<\/p>\n<p>&nbsp;<\/p>\n<a href=\"https:\/\/www.hilton.com\/en\/book\/reservation\/deeplink\/?&amp;ctyhocn=SJDWAWA&amp;srpCodes=P0&amp;arrivalDate=2025-04-03&amp;departureDate=2025-04-05&amp;flexibleDates=true&amp;displayCurrency=USD\" class=\"btn btn--accent\" target=\"\" rel=\"noopener\">Reserve Ahora<\/a>\n            <\/div>\r\n                                    <div class=\"col col-right a-left\">\r\n                <p><strong><span data-olk-copy-source=\"MessageBody\">Inclusiones:<\/span><\/strong><\/p>\n<ul type=\"disc\">\n<li class=\"x_li1\">Programaci\u00f3n curada de Alo Moves x Waldorf Astoria Los Cabos Pedregal Wellness Retreat, dise\u00f1ada para nutrir mente, cuerpo y esp\u00edritu<\/li>\n<li class=\"x_li1\">Suscripci\u00f3n de 12 meses a Alo Moves para continuar construyendo una pr\u00e1ctica de bienestar a largo plazo.<\/li>\n<li class=\"x_li1\">$200 de cr\u00e9dito en resort por disfrutar de las lujosas ofertas de Waldorf Astoria Los Cabos Pedregal<\/li>\n<li class=\"x_li1\">15% discount on spa services, leaving attendees feeling pampered and renewed<\/li>\n<li class=\"x_li1\">Desayuno diario de cortes\u00eda en Don Manuel\u2019s para recargar energ\u00edas para todas las actividades del d\u00eda.<\/li>\n<li class=\"x_li1\">Una bolsa de regalo de bienestar, llena de recordatorios de la experiencia transformadora<\/li>\n<\/ul>\n<p><em>*Las tarifas son por habitaci\u00f3n, por noche. Las tarifas no incluyen el 20% de impuestos y el 15% de cargo por servicio. Las tarifas se cotizan en d\u00f3lares estadounidenses. Disponible con un m\u00ednimo de 2 noches. Seg\u00fan disponibilidad. La cancelaci\u00f3n sigue la pol\u00edtica de la casa. Limitado a una bolsa de regalo de bienestar por habitaci\u00f3n. Disponibilidad limitada.<\/em><\/p>\n            <\/div>\r\n                        <span class=\"line a-down\"><\/span>\r\n        <\/div>\r\n    <\/div>\r\n<\/section>\n\n<section id=\"responsive-spacer-block_348e9f3f36dd9bc6f605c110b0878ddc\" class=\"responsive-spacer\">\r\n<\/section>\r\n<style>\r\n    #responsive-spacer-block_348e9f3f36dd9bc6f605c110b0878ddc {\r\n        width: 100%;\r\n    }\r\n        #responsive-spacer-block_348e9f3f36dd9bc6f605c110b0878ddc {\r\n        height: 45px;\r\n    }\r\n                @media (min-width: 769px) {\r\n            #responsive-spacer-block_348e9f3f36dd9bc6f605c110b0878ddc {\r\n                height: 90px;\r\n            }\r\n        }\r\n                @media (min-width: 1201px) {\r\n            #responsive-spacer-block_348e9f3f36dd9bc6f605c110b0878ddc {\r\n                height: 120px;\r\n            }\r\n        }\r\n    <\/style>\n\n\n<p><\/p>","protected":false},"excerpt":{"rendered":"","protected":false},"author":9,"featured_media":88963,"parent":80828,"menu_order":0,"comment_status":"closed","ping_status":"closed","template":"","meta":{"_acf_changed":false,"inline_featured_image":false,"footnotes":""},"categories":[],"class_list":["post-88712","page","type-page","status-publish","has-post-thumbnail","hentry"],"acf":[],"featured_image_src":"https:\/\/cdn.waldorfastorialoscabospedregal.com\/wp-content\/uploads\/2025\/01\/02200545\/TheReset_Banners-25-1_lowres-600x400.jpg","featured_image_src_square":"https:\/\/cdn.waldorfastorialoscabospedregal.com\/wp-content\/uploads\/2025\/01\/02200545\/TheReset_Banners-25-1_lowres-600x600.jpg","_links":{"self":[{"href":"https:\/\/www.waldorfastorialoscabospedregal.com\/es\/wp-json\/wp\/v2\/pages\/88712","targetHints":{"allow":["GET"]}}],"collection":[{"href":"https:\/\/www.waldorfastorialoscabospedregal.com\/es\/wp-json\/wp\/v2\/pages"}],"about":[{"href":"https:\/\/www.waldorfastorialoscabospedregal.com\/es\/wp-json\/wp\/v2\/types\/page"}],"author":[{"embeddable":true,"href":"https:\/\/www.waldorfastorialoscabospedregal.com\/es\/wp-json\/wp\/v2\/users\/9"}],"replies":[{"embeddable":true,"href":"https:\/\/www.waldorfastorialoscabospedregal.com\/es\/wp-json\/wp\/v2\/comments?post=88712"}],"version-history":[{"count":38,"href":"https:\/\/www.waldorfastorialoscabospedregal.com\/es\/wp-json\/wp\/v2\/pages\/88712\/revisions"}],"predecessor-version":[{"id":90265,"href":"https:\/\/www.waldorfastorialoscabospedregal.com\/es\/wp-json\/wp\/v2\/pages\/88712\/revisions\/90265"}],"up":[{"embeddable":true,"href":"https:\/\/www.waldorfastorialoscabospedregal.com\/es\/wp-json\/wp\/v2\/pages\/80828"}],"wp:featuredmedia":[{"embeddable":true,"href":"https:\/\/www.waldorfastorialoscabospedregal.com\/es\/wp-json\/wp\/v2\/media\/88963"}],"wp:attachment":[{"href":"https:\/\/www.waldorfastorialoscabospedregal.com\/es\/wp-json\/wp\/v2\/media?parent=88712"}],"wp:term":[{"taxonomy":"category","embeddable":true,"href":"https:\/\/www.waldorfastorialoscabospedregal.com\/es\/wp-json\/wp\/v2\/categories?post=88712"}],"curies":[{"name":"wp","href":"https:\/\/api.w.org\/{rel}","templated":true}]}}